{"id":14689,"date":"2024-07-23T09:17:55","date_gmt":"2024-07-23T07:17:55","guid":{"rendered":"https:\/\/www.ufe.cz\/popularizace-vedy\/"},"modified":"2025-07-21T09:17:54","modified_gmt":"2025-07-21T07:17:54","slug":"popularization-of-science","status":"publish","type":"page","link":"https:\/\/www.ufe.cz\/en\/public-media\/popularization-of-science\/","title":{"rendered":"Popularization of science"},"content":{"rendered":"\t\t<div data-elementor-type=\"wp-page\" data-elementor-id=\"14689\" class=\"elementor elementor-14689 elementor-10094\" data-elementor-post-type=\"page\">\n\t\t\t\t<div class=\"elementor-element elementor-element-7d1c5b0 e-flex e-con-boxed e-con e-parent\" data-id=\"7d1c5b0\" data-element_type=\"container\">\n\t\t\t\t\t<div class=\"e-con-inner\">\n\t\t\t\t<div class=\"elementor-element elementor-element-e4d9098 elementor-widget elementor-widget-text-editor\" data-id=\"e4d9098\" data-element_type=\"widget\" data-widget_type=\"text-editor.default\">\n\t\t\t\t<div class=\"elementor-widget-container\">\n\t\t\t\t\t\t\t<p>ddition to scientific and research activities, our research institution is also actively focused on communication and popularization of science. Every year we participate in major popularization events in the Czech Republic and also organize our own events for the public. In our laboratories you have a unique opportunity to meet our scientists and take part in interesting experiments. See what events we offer and plan your visit to experience science for yourself.<\/p>\t\t\t\t\t\t<\/div>\n\t\t\t\t<\/div>\n\t\t\t\t\t<\/div>\n\t\t\t\t<\/div>\n\t\t<div class=\"elementor-element elementor-element-65c68af e-flex e-con-boxed e-con e-parent\" data-id=\"65c68af\" data-element_type=\"container\">\n\t\t\t\t\t<div class=\"e-con-inner\">\n\t\t<div class=\"elementor-element elementor-element-7c79893 e-flex e-con-boxed e-con e-child\" data-id=\"7c79893\" data-element_type=\"container\">\n\t\t\t\t\t<div class=\"e-con-inner\">\n\t\t\t\t<div class=\"elementor-element elementor-element-e6edb59 elementor-widget elementor-widget-heading\" data-id=\"e6edb59\" data-element_type=\"widget\" data-widget_type=\"heading.default\">\n\t\t\t\t<div class=\"elementor-widget-container\">\n\t\t\t<h2 class=\"elementor-heading-title elementor-size-default\">Overview of popularization events<\/h2>\t\t<\/div>\n\t\t\t\t<\/div>\n\t\t\t\t\t<\/div>\n\t\t\t\t<\/div>\n\t\t\t\t\t<\/div>\n\t\t\t\t<\/div>\n\t\t<div class=\"elementor-element elementor-element-e42b6d2 elementor-hidden-desktop elementor-hidden-tablet elementor-hidden-mobile e-flex e-con-boxed e-con e-parent\" data-id=\"e42b6d2\" data-element_type=\"container\">\n\t\t\t\t\t<div class=\"e-con-inner\">\n\t\t\t\t<div class=\"elementor-element elementor-element-a0c92e2 elementor--h-position-center elementor--v-position-middle elementor-arrows-position-inside elementor-pagination-position-inside elementor-widget elementor-widget-slides\" data-id=\"a0c92e2\" data-element_type=\"widget\" data-settings=\"{&quot;navigation&quot;:&quot;both&quot;,&quot;autoplay&quot;:&quot;yes&quot;,&quot;pause_on_hover&quot;:&quot;yes&quot;,&quot;pause_on_interaction&quot;:&quot;yes&quot;,&quot;autoplay_speed&quot;:5000,&quot;infinite&quot;:&quot;yes&quot;,&quot;transition&quot;:&quot;slide&quot;,&quot;transition_speed&quot;:500}\" data-widget_type=\"slides.default\">\n\t\t\t\t<div class=\"elementor-widget-container\">\n\t\t\t\t\t<div class=\"elementor-swiper\">\n\t\t\t<div class=\"elementor-slides-wrapper elementor-main-swiper swiper\" dir=\"ltr\" data-animation=\"fadeInUp\">\n\t\t\t\t<div class=\"swiper-wrapper elementor-slides\">\n\t\t\t\t\t\t\t\t\t\t<div class=\"elementor-repeater-item-ff71137 swiper-slide\"><div class=\"swiper-slide-bg\" role=\"img\"><\/div><a class=\"swiper-slide-inner\" href=\"https:\/\/www.veletrhvedy.cz\/\" target=\"_blank\" rel=\"noopener\"><div class=\"swiper-slide-contents\"><div class=\"elementor-slide-heading\">Veletrh v\u011bdy<\/div><div class=\"elementor-slide-description\">Lorem ipsum dolor sit amet consectetur adipiscing elit dolor<\/div><div  class=\"elementor-button elementor-slide-button elementor-size-sm\">Click Here<\/div><\/div><\/a><\/div><div class=\"elementor-repeater-item-4385f83 swiper-slide\"><div class=\"swiper-slide-bg\" role=\"img\"><\/div><a class=\"swiper-slide-inner\" href=\"https:\/\/www.tydenavcr.cz\/\" target=\"_blank\" rel=\"noopener\"><div class=\"swiper-slide-contents\"><div class=\"elementor-slide-heading\">Dny otev\u0159en\u00fdch dve\u0159\u00ed (T\u00fdden AV \u010cR)<\/div><div class=\"elementor-slide-description\">Lorem ipsum dolor sit amet consectetur adipiscing elit dolor<\/div><div  class=\"elementor-button elementor-slide-button elementor-size-sm\">Click Here<\/div><\/div><\/a><\/div><div class=\"elementor-repeater-item-450f1bf swiper-slide\"><div class=\"swiper-slide-bg\" role=\"img\"><\/div><a class=\"swiper-slide-inner\" href=\"https:\/\/www.otevrenaveda.cz\/\" target=\"_blank\" rel=\"noopener\"><div class=\"swiper-slide-contents\"><div class=\"elementor-slide-heading\">Otev\u0159en\u00e1 v\u011bda<\/div><div class=\"elementor-slide-description\">Lorem ipsum dolor sit amet consectetur adipiscing elit dolor<\/div><div  class=\"elementor-button elementor-slide-button elementor-size-sm\">Click Here<\/div><\/div><\/a><\/div>\t\t\t\t<\/div>\n\t\t\t\t\t\t\t\t\t\t\t\t\t\t\t<div class=\"swiper-pagination\"><\/div>\n\t\t\t\t\t\t\t\t\t\t\t\t\t\t\t\t<div class=\"elementor-swiper-button elementor-swiper-button-prev\" role=\"button\" tabindex=\"0\">\n\t\t\t\t\t\t\t<i aria-hidden=\"true\" class=\"eicon-chevron-left\"><\/i>\t\t\t\t\t\t\t<span class=\"elementor-screen-only\">Previous slide<\/span>\n\t\t\t\t\t\t<\/div>\n\t\t\t\t\t\t<div class=\"elementor-swiper-button elementor-swiper-button-next\" role=\"button\" tabindex=\"0\">\n\t\t\t\t\t\t\t<i aria-hidden=\"true\" class=\"eicon-chevron-right\"><\/i>\t\t\t\t\t\t\t<span class=\"elementor-screen-only\">Next slide<\/span>\n\t\t\t\t\t\t<\/div>\n\t\t\t\t\t\t\t\t\t\t\t\t<\/div>\n\t\t<\/div>\n\t\t\t\t<\/div>\n\t\t\t\t<\/div>\n\t\t\t\t\t<\/div>\n\t\t\t\t<\/div>\n\t\t<div class=\"elementor-element elementor-element-b583414 e-flex e-con-boxed e-con e-parent\" data-id=\"b583414\" data-element_type=\"container\">\n\t\t\t\t\t<div class=\"e-con-inner\">\n\t\t<div class=\"elementor-element elementor-element-40522f4 e-con-full e-flex e-con e-child\" data-id=\"40522f4\" data-element_type=\"container\">\n\t\t\t\t<div class=\"elementor-element elementor-element-89f4145 elementor-widget__width-initial dce_masking-none elementor-widget elementor-widget-image\" data-id=\"89f4145\" data-element_type=\"widget\" data-widget_type=\"image.default\">\n\t\t\t\t<div class=\"elementor-widget-container\">\n\t\t\t\t\t\t\t\t\t\t\t\t\t<img fetchpriority=\"high\" decoding=\"async\" width=\"800\" height=\"534\" src=\"https:\/\/www.ufe.cz\/wp-content\/uploads\/2025\/07\/52a9892-2.jpg\" class=\"attachment-large size-large wp-image-25647\" alt=\"Veletrh v\u011bdy 2025\" srcset=\"https:\/\/www.ufe.cz\/wp-content\/uploads\/2025\/07\/52a9892-2.jpg 1000w, https:\/\/www.ufe.cz\/wp-content\/uploads\/2025\/07\/52a9892-2-300x200.jpg 300w, https:\/\/www.ufe.cz\/wp-content\/uploads\/2025\/07\/52a9892-2-768x512.jpg 768w\" sizes=\"(max-width: 800px) 100vw, 800px\" \/>\t\t\t\t\t\t\t\t\t\t\t\t\t<\/div>\n\t\t\t\t<\/div>\n\t\t\t\t<\/div>\n\t\t<div class=\"elementor-element elementor-element-6444692 e-con-full e-flex e-con e-child\" data-id=\"6444692\" data-element_type=\"container\">\n\t\t\t\t<div class=\"elementor-element elementor-element-a20c536 elementor-widget elementor-widget-text-editor\" data-id=\"a20c536\" data-element_type=\"widget\" data-widget_type=\"text-editor.default\">\n\t\t\t\t<div class=\"elementor-widget-container\">\n\t\t\t\t\t\t\t<h3>Science Fair<\/h3><p><strong>June<\/strong><\/p><p><a href=\"https:\/\/www.veletrhvedy.cz\/\" target=\"_blank\" rel=\"noopener\">The Science Fair<\/a> is the largest popular science event in the Czech Republic, organised annually since 2015 by the Czech Academy of Sciences. It deals with science in all its forms and offers its visitors the most interesting from the world of natural sciences, engineering, humanities and social sciences. It presents science and research as a fascinating and fundamental branch of human activity. Visitors experience science first-hand through interactive exhibits, models, mobile laboratories and hands-on workshops. \u00daFE has traditionally been one of the exhibitors of the Academy of Sciences since 2015. Visit us and discover the magic of photonics and electronics with us!<\/p><p>Admission to the science fair is free.<\/p><p><strong>Date: 5 &#8211; 7 June 2025<\/strong><\/p>\t\t\t\t\t\t<\/div>\n\t\t\t\t<\/div>\n\t\t\t\t<\/div>\n\t\t\t\t\t<\/div>\n\t\t\t\t<\/div>\n\t\t<div class=\"elementor-element elementor-element-41f6997 e-flex e-con-boxed e-con e-parent\" data-id=\"41f6997\" data-element_type=\"container\">\n\t\t\t\t\t<div class=\"e-con-inner\">\n\t\t<div class=\"elementor-element elementor-element-e55845d e-con-full e-flex e-con e-child\" data-id=\"e55845d\" data-element_type=\"container\">\n\t\t\t\t<div class=\"elementor-element elementor-element-e33d170 elementor-widget__width-initial dce_masking-none elementor-widget elementor-widget-image\" data-id=\"e33d170\" data-element_type=\"widget\" data-widget_type=\"image.default\">\n\t\t\t\t<div class=\"elementor-widget-container\">\n\t\t\t\t\t\t\t\t\t\t\t\t\t<img decoding=\"async\" width=\"800\" height=\"600\" src=\"https:\/\/www.ufe.cz\/wp-content\/uploads\/2025\/07\/mg-28321-1024x768.jpg\" class=\"attachment-large size-large wp-image-26404\" alt=\"\" srcset=\"https:\/\/www.ufe.cz\/wp-content\/uploads\/2025\/07\/mg-28321-1024x768.jpg 1024w, https:\/\/www.ufe.cz\/wp-content\/uploads\/2025\/07\/mg-28321-300x225.jpg 300w, https:\/\/www.ufe.cz\/wp-content\/uploads\/2025\/07\/mg-28321-768x576.jpg 768w, https:\/\/www.ufe.cz\/wp-content\/uploads\/2025\/07\/mg-28321.jpg 1067w\" sizes=\"(max-width: 800px) 100vw, 800px\" \/>\t\t\t\t\t\t\t\t\t\t\t\t\t<\/div>\n\t\t\t\t<\/div>\n\t\t\t\t<\/div>\n\t\t<div class=\"elementor-element elementor-element-0e71175 e-con-full e-flex e-con e-child\" data-id=\"0e71175\" data-element_type=\"container\">\n\t\t\t\t<div class=\"elementor-element elementor-element-a8264e8 elementor-widget elementor-widget-text-editor\" data-id=\"a8264e8\" data-element_type=\"widget\" data-widget_type=\"text-editor.default\">\n\t\t\t\t<div class=\"elementor-widget-container\">\n\t\t\t\t\t\t\t<h3>Open Days \/ Week of the Czech Academy of Sciences<\/h3><p><strong>November<\/strong><\/p><p><a href=\"https:\/\/www.tydenavcr.cz\/en\/\" target=\"_blank\" rel=\"noopener\">The Week of the Czech Academy of Sciences<\/a> is a science festival that is a seamless continuation of the former Week of Science and Technology of the Czech Academy of Sciences. It includes lectures, exhibitions, events at workplaces, documentary films, workshops and many other activities across the country and all scientific disciplines. The festival is intended both for high school students, for whom we prepare mainly lectures and excursions in the morning, and for the general public, who are targeted by the programme in the afternoon and evening.<\/p><p>The Week of the CzechAcademy of Sciences is coordinated by the External Relations Division of the Centre for Joint Activities of the CAS. All departments of the Czech Academy of Sciences participate in the organisation of the festival.<\/p><p>Admission to all events is free.<\/p><p><strong>Date: 3 &#8211; 9 November 2025<\/strong><\/p><p>Every year, the Institute of Photonics and Electronics joins the Academy of Sciences Week in the form of Open Days at both its sites &#8211; in Kobylisy, where the main building with most of the research areas is located, and in Lysolaje, where the laboratories for research on optical fibre technology are located. We are preparing a number of interesting lectures and tours of the laboratories on a wide range of topics.<\/p><p>Registration for all tours and excursions is online via <a href=\"https:\/\/dod.ufe.cz\/\" target=\"_blank\" rel=\"noopener\">the reservation system<\/a>.<\/p><h3>\u00a0<\/h3>\t\t\t\t\t\t<\/div>\n\t\t\t\t<\/div>\n\t\t\t\t<\/div>\n\t\t\t\t\t<\/div>\n\t\t\t\t<\/div>\n\t\t<div class=\"elementor-element elementor-element-2267686 e-flex e-con-boxed e-con e-parent\" data-id=\"2267686\" data-element_type=\"container\">\n\t\t\t\t\t<div class=\"e-con-inner\">\n\t\t<div class=\"elementor-element elementor-element-383deab e-con-full e-flex e-con e-child\" data-id=\"383deab\" data-element_type=\"container\">\n\t\t\t\t<div class=\"elementor-element elementor-element-d49fffe elementor-widget__width-initial dce_masking-none elementor-widget elementor-widget-image\" data-id=\"d49fffe\" data-element_type=\"widget\" data-widget_type=\"image.default\">\n\t\t\t\t<div class=\"elementor-widget-container\">\n\t\t\t\t\t\t\t\t\t\t\t\t\t<img decoding=\"async\" width=\"800\" height=\"534\" src=\"https:\/\/www.ufe.cz\/wp-content\/uploads\/2025\/07\/img-4114-1024x683.jpg\" class=\"attachment-large size-large wp-image-26428\" alt=\"St\u00e1\u017eista\" srcset=\"https:\/\/www.ufe.cz\/wp-content\/uploads\/2025\/07\/img-4114-1024x683.jpg 1024w, https:\/\/www.ufe.cz\/wp-content\/uploads\/2025\/07\/img-4114-300x200.jpg 300w, https:\/\/www.ufe.cz\/wp-content\/uploads\/2025\/07\/img-4114-768x512.jpg 768w, https:\/\/www.ufe.cz\/wp-content\/uploads\/2025\/07\/img-4114-1536x1024.jpg 1536w, https:\/\/www.ufe.cz\/wp-content\/uploads\/2025\/07\/img-4114-2048x1365.jpg 2048w\" sizes=\"(max-width: 800px) 100vw, 800px\" \/>\t\t\t\t\t\t\t\t\t\t\t\t\t<\/div>\n\t\t\t\t<\/div>\n\t\t\t\t<\/div>\n\t\t<div class=\"elementor-element elementor-element-023919d e-con-full e-flex e-con e-child\" data-id=\"023919d\" data-element_type=\"container\">\n\t\t\t\t<div class=\"elementor-element elementor-element-d65492b elementor-widget elementor-widget-text-editor\" data-id=\"d65492b\" data-element_type=\"widget\" data-widget_type=\"text-editor.default\">\n\t\t\t\t<div class=\"elementor-widget-container\">\n\t\t\t\t\t\t\t<h3>Open Science<\/h3><p><strong>Year round<\/strong><\/p><p>The main mission of <a href=\"https:\/\/www.otevrenaveda.cz\/\" target=\"_blank\" rel=\"noopener\">the Open Science<\/a> project is to get young people excited about science and research. Thanks to the Open Science project, they can get involved in scientific research already in high school. Open Science primarily offers professional scientific internships for talented students at CAS institutions under the direct supervision of scientists, but also professional training courses for science and humanities teachers, which can enrich their teaching. The project also includes expert lectures, excursions, exhibitions and other events for the professional and lay public.<\/p><p>The internship in 2025 runs from January to November. The timing of the internship is determined by the lecturer, in agreement with the intern, to suit both parties. As a minimum, the internship should take place for 8 hours per month. The exact timetable depends on the agreement with the tutor. Internships take place directly at the scientific departments of the Czech Academy of Sciences.<\/p><p><strong>Open Science Internships at \u00daFE in 2025:<\/strong><\/p><p><strong>Semiconductor nanostructures for green energy<br \/><\/strong>Lecturer: <a href=\"https:\/\/www.ufe.cz\/en\/z\/jan-grym\/\">Ing. Jan Grym, Ph.D.<\/a><br \/>Duration: 12 months, 8 hours\/month<br \/>Internship location: Chabersk\u00e1 57, 18200 Praha 8<br \/>Interns: Emir Khoury, Vojt\u011bch Kubrycht, Tom\u00e1\u0161 Mucha<br \/>More information <a href=\"https:\/\/www.otevrenaveda.cz\/cs\/staze-pro-studenty\/Prehled-stazi\/?cPage=0&amp;a01zac=&amp;a12=1&amp;a07=&amp;a16=30\" target=\"_blank\" rel=\"noopener\">here<\/a><\/p>\t\t\t\t\t\t<\/div>\n\t\t\t\t<\/div>\n\t\t\t\t<\/div>\n\t\t\t\t\t<\/div>\n\t\t\t\t<\/div>\n\t\t\t\t<\/div>\n\t\t","protected":false},"excerpt":{"rendered":"<p>ddition to scientific and research activities, our research institution is also actively focused on communication and popularization of science. Every year we participate in major popularization events in the Czech Republic and also organize our own events for the public. In our laboratories you have a unique opportunity to meet our scientists and take part [&hellip;]<\/p>\n","protected":false},"author":6,"featured_media":0,"parent":15203,"menu_order":4,"comment_status":"closed","ping_status":"closed","template":"","meta":{"_acf_changed":false,"footnotes":""},"acf":[],"_links":{"self":[{"href":"https:\/\/www.ufe.cz\/en\/wp-json\/wp\/v2\/pages\/14689"}],"collection":[{"href":"https:\/\/www.ufe.cz\/en\/wp-json\/wp\/v2\/pages"}],"about":[{"href":"https:\/\/www.ufe.cz\/en\/wp-json\/wp\/v2\/types\/page"}],"author":[{"embeddable":true,"href":"https:\/\/www.ufe.cz\/en\/wp-json\/wp\/v2\/users\/6"}],"replies":[{"embeddable":true,"href":"https:\/\/www.ufe.cz\/en\/wp-json\/wp\/v2\/comments?post=14689"}],"version-history":[{"count":0,"href":"https:\/\/www.ufe.cz\/en\/wp-json\/wp\/v2\/pages\/14689\/revisions"}],"up":[{"embeddable":true,"href":"https:\/\/www.ufe.cz\/en\/wp-json\/wp\/v2\/pages\/15203"}],"wp:attachment":[{"href":"https:\/\/www.ufe.cz\/en\/wp-json\/wp\/v2\/media?parent=14689"}],"curies":[{"name":"wp","href":"https:\/\/api.w.org\/{rel}","templated":true}]}}