{"id":14806,"date":"2024-04-26T13:25:47","date_gmt":"2024-04-26T11:25:47","guid":{"rendered":"https:\/\/www.ufe.cz\/virtualni-prohlidka-laboratori\/"},"modified":"2025-05-14T10:28:18","modified_gmt":"2025-05-14T08:28:18","slug":"virtual-lab-tour","status":"publish","type":"page","link":"https:\/\/www.ufe.cz\/en\/about-us\/virtual-lab-tour\/","title":{"rendered":"Virtual lab tour"},"content":{"rendered":"\t\t<div data-elementor-type=\"wp-page\" data-elementor-id=\"14806\" class=\"elementor elementor-14806 elementor-8949\" data-elementor-post-type=\"page\">\n\t\t\t\t<div class=\"elementor-element elementor-element-f1a8e40 e-flex e-con-boxed e-con e-parent\" data-id=\"f1a8e40\" data-element_type=\"container\">\n\t\t\t\t\t<div class=\"e-con-inner\">\n\t\t\t\t<div class=\"elementor-element elementor-element-3b2d600 elementor-cta--skin-classic elementor-animated-content elementor-bg-transform elementor-bg-transform-zoom-in elementor-widget elementor-widget-call-to-action\" data-id=\"3b2d600\" data-element_type=\"widget\" data-widget_type=\"call-to-action.default\">\n\t\t\t\t<div class=\"elementor-widget-container\">\n\t\t\t\t\t<div class=\"elementor-cta\">\n\t\t\t\t\t<div class=\"elementor-cta__bg-wrapper\">\n\t\t\t\t<div class=\"elementor-cta__bg elementor-bg\" style=\"background-image: url(https:\/\/www.ufe.cz\/wp-content\/uploads\/2025\/01\/virtualni-prohlidka-ufe.jpg);\" role=\"img\" aria-label=\"Virtu\u00e1ln\u00ed_prohl\u00eddka_\u00daFE\"><\/div>\n\t\t\t\t<div class=\"elementor-cta__bg-overlay\"><\/div>\n\t\t\t<\/div>\n\t\t\t\t\t\t\t<div class=\"elementor-cta__content\">\n\t\t\t\t\n\t\t\t\t\t\t\t\t\t<h2 class=\"elementor-cta__title elementor-cta__content-item elementor-content-item\">\n\t\t\t\t\t\tTake a virtual tour of our laboratories! \t\t\t\t\t<\/h2>\n\t\t\t\t\n\t\t\t\t\t\t\t\t\t<div class=\"elementor-cta__description elementor-cta__content-item elementor-content-item\">\n\t\t\t\t\t\tSome of our research facilities have high demands on the cleanliness of the environment, or are difficult to access for various reasons and cannot be visited on open days. That's why we have prepared a virtual tour for you to see the laboratories.\t\t\t\t\t<\/div>\n\t\t\t\t\n\t\t\t\t\t\t\t\t\t<div class=\"elementor-cta__button-wrapper elementor-cta__content-item elementor-content-item \">\n\t\t\t\t\t<a class=\"elementor-cta__button elementor-button elementor-size-\" href=\"http:\/\/ufe.pano3d.cz\/\" target=\"_blank\" rel=\"noopener\">\n\t\t\t\t\t\tEnter\t\t\t\t\t<\/a>\n\t\t\t\t\t<\/div>\n\t\t\t\t\t\t\t<\/div>\n\t\t\t\t\t\t<\/div>\n\t\t\t\t<\/div>\n\t\t\t\t<\/div>\n\t\t\t\t\t<\/div>\n\t\t\t\t<\/div>\n\t\t\t\t<\/div>\n\t\t","protected":false},"excerpt":{"rendered":"<p>Take a virtual tour of our laboratories! Some of our research facilities have high demands on the cleanliness of the environment, or are difficult to access for various reasons and cannot be visited on open days. That&#8217;s why we have prepared a virtual tour for you to see the laboratories. Enter<\/p>\n","protected":false},"author":6,"featured_media":0,"parent":21998,"menu_order":5,"comment_status":"closed","ping_status":"closed","template":"","meta":{"_acf_changed":false,"footnotes":""},"acf":[],"_links":{"self":[{"href":"https:\/\/www.ufe.cz\/en\/wp-json\/wp\/v2\/pages\/14806"}],"collection":[{"href":"https:\/\/www.ufe.cz\/en\/wp-json\/wp\/v2\/pages"}],"about":[{"href":"https:\/\/www.ufe.cz\/en\/wp-json\/wp\/v2\/types\/page"}],"author":[{"embeddable":true,"href":"https:\/\/www.ufe.cz\/en\/wp-json\/wp\/v2\/users\/6"}],"replies":[{"embeddable":true,"href":"https:\/\/www.ufe.cz\/en\/wp-json\/wp\/v2\/comments?post=14806"}],"version-history":[{"count":0,"href":"https:\/\/www.ufe.cz\/en\/wp-json\/wp\/v2\/pages\/14806\/revisions"}],"up":[{"embeddable":true,"href":"https:\/\/www.ufe.cz\/en\/wp-json\/wp\/v2\/pages\/21998"}],"wp:attachment":[{"href":"https:\/\/www.ufe.cz\/en\/wp-json\/wp\/v2\/media?parent=14806"}],"curies":[{"name":"wp","href":"https:\/\/api.w.org\/{rel}","templated":true}]}}