{"id":14822,"date":"2024-04-26T13:41:13","date_gmt":"2024-04-26T11:41:13","guid":{"rendered":"https:\/\/www.ufe.cz\/zakladni-informace\/"},"modified":"2025-12-18T09:59:10","modified_gmt":"2025-12-18T08:59:10","slug":"basic-information","status":"publish","type":"page","link":"https:\/\/www.ufe.cz\/en\/about-us\/basic-information\/","title":{"rendered":"Basic information"},"content":{"rendered":"\t\t<div data-elementor-type=\"wp-page\" data-elementor-id=\"14822\" class=\"elementor elementor-14822 elementor-8974\" data-elementor-post-type=\"page\">\n\t\t\t\t\t\t<section class=\"elementor-section elementor-top-section elementor-element elementor-element-8e5c028 elementor-section-boxed elementor-section-height-default elementor-section-height-default\" data-id=\"8e5c028\" data-element_type=\"section\">\n\t\t\t\t\t\t<div class=\"elementor-container elementor-column-gap-default\">\n\t\t\t\t\t<div class=\"elementor-column elementor-col-50 elementor-top-column elementor-element elementor-element-7b7b72b\" data-id=\"7b7b72b\" data-element_type=\"column\">\n\t\t\t<div class=\"elementor-widget-wrap elementor-element-populated\">\n\t\t\t\t\t\t<div class=\"elementor-element elementor-element-c9fa7e1 elementor-widget__width-initial elementor-widget elementor-widget-text-editor\" data-id=\"c9fa7e1\" data-element_type=\"widget\" data-widget_type=\"text-editor.default\">\n\t\t\t\t<div class=\"elementor-widget-container\">\n\t\t\t\t\t\t\t<h3>Institute of Photonics and Electronics of the Czech Academy of Sciences<\/h3><p>The Institute of Photonics and Electronics (\u00daFE) is a public research institution that is part of the Czech Academy of Sciences, the largest Czech non-university research organisation. The main activity of the \u00daFE is research in the field of photonics, optoelectronics and electronics, complemented by metrology, education and popularisation. The \u00daFE contributes to the development of knowledge in several research areas and creates a broad knowledge base as a basis for the development of new cutting-edge technologies.<\/p><p>The \u00daFE started its activities in 1954, and until 2007 it existed under the name of the Institute of Radio Engineering and Electronics (URE). Some of the important events that the scientists of the Institute have contributed to in the past include, for example, some of <a href=\"https:\/\/www.ufe.cz\/en\/the-academy-of-sciences-as-the-cradle-of-czechoslovak-lasers\/\">the first masers and lasers<\/a> in the country, <a href=\"https:\/\/www.ufe.cz\/wp-content\/uploads\/2024\/02\/15-peterka-jmo-thulium-a-historie-ufe.pdf\">the first laser eye surgery<\/a>, the propagation of precise time by television signal, and the opening of a laboratory for research on optical fibre technology, all in the former Czechoslovakia.<\/p>\t\t\t\t\t\t<\/div>\n\t\t\t\t<\/div>\n\t\t\t\t\t<\/div>\n\t\t<\/div>\n\t\t\t\t<div class=\"elementor-column elementor-col-50 elementor-top-column elementor-element elementor-element-e5a3dbf\" data-id=\"e5a3dbf\" data-element_type=\"column\">\n\t\t\t<div class=\"elementor-widget-wrap elementor-element-populated\">\n\t\t\t\t\t\t<div class=\"elementor-element elementor-element-7a080b0 elementor-widget__width-initial dce_masking-none elementor-widget elementor-widget-image\" data-id=\"7a080b0\" data-element_type=\"widget\" data-widget_type=\"image.default\">\n\t\t\t\t<div class=\"elementor-widget-container\">\n\t\t\t\t\t\t\t\t\t\t\t\t\t<img fetchpriority=\"high\" decoding=\"async\" width=\"800\" height=\"534\" src=\"https:\/\/www.ufe.cz\/wp-content\/uploads\/2024\/07\/6z1a7391-1024x683.jpg\" class=\"attachment-large size-large wp-image-10494\" alt=\"\" srcset=\"https:\/\/www.ufe.cz\/wp-content\/uploads\/2024\/07\/6z1a7391-1024x683.jpg 1024w, https:\/\/www.ufe.cz\/wp-content\/uploads\/2024\/07\/6z1a7391-300x200.jpg 300w, https:\/\/www.ufe.cz\/wp-content\/uploads\/2024\/07\/6z1a7391-768x512.jpg 768w, https:\/\/www.ufe.cz\/wp-content\/uploads\/2024\/07\/6z1a7391-1536x1024.jpg 1536w, https:\/\/www.ufe.cz\/wp-content\/uploads\/2024\/07\/6z1a7391-2048x1365.jpg 2048w\" sizes=\"(max-width: 800px) 100vw, 800px\" \/>\t\t\t\t\t\t\t\t\t\t\t\t\t<\/div>\n\t\t\t\t<\/div>\n\t\t\t\t\t<\/div>\n\t\t<\/div>\n\t\t\t\t\t<\/div>\n\t\t<\/section>\n\t\t\t\t<section class=\"elementor-section elementor-top-section elementor-element elementor-element-ee3cdef elementor-section-boxed elementor-section-height-default elementor-section-height-default\" data-id=\"ee3cdef\" data-element_type=\"section\">\n\t\t\t\t\t\t<div class=\"elementor-container elementor-column-gap-default\">\n\t\t\t\t\t<div class=\"elementor-column elementor-col-100 elementor-top-column elementor-element elementor-element-e2c4122\" data-id=\"e2c4122\" data-element_type=\"column\">\n\t\t\t<div class=\"elementor-widget-wrap elementor-element-populated\">\n\t\t\t\t\t\t<div class=\"elementor-element elementor-element-6b5c96e elementor-widget elementor-widget-text-editor\" data-id=\"6b5c96e\" data-element_type=\"widget\" data-widget_type=\"text-editor.default\">\n\t\t\t\t<div class=\"elementor-widget-container\">\n\t\t\t\t\t\t\t<h3><strong>Research<\/strong><\/h3><p>The programme of the Institute covers <a href=\"https:\/\/www.ufe.cz\/vyzkum\/\">six research fields<\/a> which is reflected in its structure with the research teams.<\/p><p>In the field of photonics the \u00daFE focuses on research and development of new optical biosensors, high-power fiber lasers, coherent light generation in mid-IR spectral region and specialty optical fibers.<\/p><p>In the field of optoelectronics, the \u00daFE pursues research on electrical and optical phenomena occuring on the surfaces and interfaces of nanomaterials. These phenomena are induced by photons, ions, electrons, and the adsorption of atoms and molecules and are used for applications in sensing, new sources of light generation and in advanced analytic and imaging processes.<\/p><p>In the field of electronics, the focus lies on the study of electrodynamic properties of biological systems and development of detection systems.<br \/>The \u00daFE has been entrusted with the responsibility for the National Standard Time and Frequency and runs and develops The Laboratory of the National Time and Frequency Standard.<\/p><h3>Education<\/h3><p>The \u00daFE cooperates with the universities and thus contributes to higher quality of education in both traditional and emerging new research fields. The \u00daFE researchers give lectures at the universities and university students have an opportunity to work at the \u00daFE on their Master\u00b4s and doctoral theses.<\/p><p>The high school students can do their traineeships at the \u00daFE under the project of the Czech Academy of Sciences \u201e<a href=\"https:\/\/www.otevrenaveda.cz\/cs\/index.html\" target=\"_blank\" rel=\"noopener\">Otev\u0159en\u00e1 v\u011bda<\/a>\u201c (Open Science).<\/p><h3>Popularization<\/h3><p>The \u00daFE regularly organizes seminars for the researchers and scientists and partakes in the organization of many conferences. The \u00daFE researchers are regular participants in the popularization lectures, e.g. during science festivals \u201e<a href=\"https:\/\/www.tydenavcr.cz\/\" target=\"_blank\" rel=\"noopener\">T\u00fdden Akademie v\u011bd<\/a>\u201c (The week of the Czech Academy of Sciences) \u2013 formerly \u201eT\u00fdden v\u011bdy a techniky AV \u010cR\u201c (the Week of Science and Technology of the CAS) and \u201e<a href=\"https:\/\/www.veletrhvedy.cz\" target=\"_blank\" rel=\"noopener\">Veletrh v\u011bdy<\/a>\u201c (The Science Fair).<\/p><p>The general public is regularly given an opportunity to have an insight into the scientific work in the \u00daFE laboratories during the Open-door Days held traditionally at the beginning of November.<\/p>\t\t\t\t\t\t<\/div>\n\t\t\t\t<\/div>\n\t\t\t\t\t<\/div>\n\t\t<\/div>\n\t\t\t\t\t<\/div>\n\t\t<\/section>\n\t\t\t\t<section class=\"elementor-section elementor-top-section elementor-element elementor-element-23cc0e7 elementor-section-boxed elementor-section-height-default elementor-section-height-default\" data-id=\"23cc0e7\" data-element_type=\"section\">\n\t\t\t\t\t\t<div class=\"elementor-container elementor-column-gap-default\">\n\t\t\t\t\t<div class=\"elementor-column elementor-col-100 elementor-top-column elementor-element elementor-element-a39d4a1\" data-id=\"a39d4a1\" data-element_type=\"column\">\n\t\t\t<div class=\"elementor-widget-wrap elementor-element-populated\">\n\t\t\t\t\t\t<div class=\"elementor-element elementor-element-d06455d elementor-widget__width-initial elementor-widget elementor-widget-text-editor\" data-id=\"d06455d\" data-element_type=\"widget\" data-widget_type=\"text-editor.default\">\n\t\t\t\t<div class=\"elementor-widget-container\">\n\t\t\t\t\t\t\t<p><strong>Ke sta\u017een\u00ed:<\/strong><\/p>\t\t\t\t\t\t<\/div>\n\t\t\t\t<\/div>\n\t\t\t\t<div class=\"elementor-element elementor-element-d8d11c7 elementor-icon-list--layout-traditional elementor-list-item-link-full_width elementor-widget elementor-widget-icon-list\" data-id=\"d8d11c7\" data-element_type=\"widget\" data-widget_type=\"icon-list.default\">\n\t\t\t\t<div class=\"elementor-widget-container\">\n\t\t\t\t\t<ul class=\"elementor-icon-list-items\">\n\t\t\t\t\t\t\t<li class=\"elementor-icon-list-item\">\n\t\t\t\t\t\t\t\t\t\t\t<a href=\"https:\/\/www.ufe.cz\/wp-content\/uploads\/2025\/05\/profil-ufe-en-web.pdf\" target=\"_blank\">\n\n\t\t\t\t\t\t\t\t\t\t\t\t<span class=\"elementor-icon-list-icon\">\n\t\t\t\t\t\t\t<i aria-hidden=\"true\" class=\"far fa-file-pdf\"><\/i>\t\t\t\t\t\t<\/span>\n\t\t\t\t\t\t\t\t\t\t<span class=\"elementor-icon-list-text\">Profile UFE (EN)<\/span>\n\t\t\t\t\t\t\t\t\t\t\t<\/a>\n\t\t\t\t\t\t\t\t\t<\/li>\n\t\t\t\t\t\t<\/ul>\n\t\t\t\t<\/div>\n\t\t\t\t<\/div>\n\t\t\t\t\t<\/div>\n\t\t<\/div>\n\t\t\t\t\t<\/div>\n\t\t<\/section>\n\t\t\t\t<section class=\"elementor-section elementor-top-section elementor-element elementor-element-b65f7e9 elementor-section-boxed elementor-section-height-default elementor-section-height-default\" data-id=\"b65f7e9\" data-element_type=\"section\">\n\t\t\t\t\t\t<div class=\"elementor-container elementor-column-gap-default\">\n\t\t\t\t\t<div class=\"elementor-column elementor-col-16 elementor-top-column elementor-element elementor-element-b4abd2b\" data-id=\"b4abd2b\" data-element_type=\"column\">\n\t\t\t<div class=\"elementor-widget-wrap\">\n\t\t\t\t\t\t\t<\/div>\n\t\t<\/div>\n\t\t\t\t<div class=\"elementor-column elementor-col-66 elementor-top-column elementor-element elementor-element-21af894\" data-id=\"21af894\" data-element_type=\"column\">\n\t\t\t<div class=\"elementor-widget-wrap elementor-element-populated\">\n\t\t\t\t\t\t<div class=\"elementor-element elementor-element-d3b3f93 dce_masking-none elementor-widget elementor-widget-video\" data-id=\"d3b3f93\" data-element_type=\"widget\" data-settings=\"{&quot;youtube_url&quot;:&quot;https:\\\/\\\/www.youtube.com\\\/watch?v=iUFXSKZXyec&quot;,&quot;video_type&quot;:&quot;youtube&quot;,&quot;controls&quot;:&quot;yes&quot;}\" data-widget_type=\"video.default\">\n\t\t\t\t<div class=\"elementor-widget-container\">\n\t\t\t\t\t<div class=\"elementor-wrapper elementor-open-inline\">\n\t\t\t<div class=\"elementor-video\"><\/div>\t\t<\/div>\n\t\t\t\t<\/div>\n\t\t\t\t<\/div>\n\t\t\t\t\t<\/div>\n\t\t<\/div>\n\t\t\t\t<div class=\"elementor-column elementor-col-16 elementor-top-column elementor-element elementor-element-7db24ca\" data-id=\"7db24ca\" data-element_type=\"column\">\n\t\t\t<div class=\"elementor-widget-wrap\">\n\t\t\t\t\t\t\t<\/div>\n\t\t<\/div>\n\t\t\t\t\t<\/div>\n\t\t<\/section>\n\t\t\t\t<\/div>\n\t\t","protected":false},"excerpt":{"rendered":"<p>Institute of Photonics and Electronics of the Czech Academy of Sciences The Institute of Photonics and Electronics (\u00daFE) is a public research institution that is part of the Czech Academy of Sciences, the largest Czech non-university research organisation. The main activity of the \u00daFE is research in the field of photonics, optoelectronics and electronics, complemented [&hellip;]<\/p>\n","protected":false},"author":6,"featured_media":0,"parent":21998,"menu_order":1,"comment_status":"closed","ping_status":"closed","template":"","meta":{"_acf_changed":false,"footnotes":""},"acf":[],"_links":{"self":[{"href":"https:\/\/www.ufe.cz\/en\/wp-json\/wp\/v2\/pages\/14822"}],"collection":[{"href":"https:\/\/www.ufe.cz\/en\/wp-json\/wp\/v2\/pages"}],"about":[{"href":"https:\/\/www.ufe.cz\/en\/wp-json\/wp\/v2\/types\/page"}],"author":[{"embeddable":true,"href":"https:\/\/www.ufe.cz\/en\/wp-json\/wp\/v2\/users\/6"}],"replies":[{"embeddable":true,"href":"https:\/\/www.ufe.cz\/en\/wp-json\/wp\/v2\/comments?post=14822"}],"version-history":[{"count":0,"href":"https:\/\/www.ufe.cz\/en\/wp-json\/wp\/v2\/pages\/14822\/revisions"}],"up":[{"embeddable":true,"href":"https:\/\/www.ufe.cz\/en\/wp-json\/wp\/v2\/pages\/21998"}],"wp:attachment":[{"href":"https:\/\/www.ufe.cz\/en\/wp-json\/wp\/v2\/media?parent=14822"}],"curies":[{"name":"wp","href":"https:\/\/api.w.org\/{rel}","templated":true}]}}