{"id":14932,"date":"2023-11-27T14:01:54","date_gmt":"2023-11-27T13:01:54","guid":{"rendered":"https:\/\/www.ufe.cz\/vedeni-a-struktura\/"},"modified":"2026-02-27T09:57:01","modified_gmt":"2026-02-27T08:57:01","slug":"management-of-the-institute","status":"publish","type":"page","link":"https:\/\/www.ufe.cz\/en\/about-us\/management-and-structure\/structure\/management-of-the-institute\/","title":{"rendered":"Management and \u00daFE Board"},"content":{"rendered":"\t\t<div data-elementor-type=\"wp-page\" data-elementor-id=\"14932\" class=\"elementor elementor-14932 elementor-5718\" data-elementor-post-type=\"page\">\n\t\t\t\t\t\t<section class=\"elementor-section elementor-top-section elementor-element elementor-element-cb08b3d elementor-section-boxed elementor-section-height-default elementor-section-height-default\" data-id=\"cb08b3d\" data-element_type=\"section\">\n\t\t\t\t\t\t<div class=\"elementor-container elementor-column-gap-default\">\n\t\t\t\t\t<div class=\"elementor-column elementor-col-100 elementor-top-column elementor-element elementor-element-b87af88\" data-id=\"b87af88\" data-element_type=\"column\">\n\t\t\t<div class=\"elementor-widget-wrap elementor-element-populated\">\n\t\t\t\t\t\t<div class=\"elementor-element elementor-element-5df9fa2 elementor-widget elementor-widget-text-editor\" data-id=\"5df9fa2\" data-element_type=\"widget\" data-widget_type=\"text-editor.default\">\n\t\t\t\t<div class=\"elementor-widget-container\">\n\t\t\t\t\t\t\t<h3>Management of the Institute<\/h3><p><strong>Director: <\/strong>Assoc. Prof. Pavel Peterka, Ph.D.<br \/><b>Deputy Director: <\/b>Pavel Honz\u00e1tko, Ph.D.<br \/><b>Deputy Director for Scientific Affairs: <\/b>Jan Grym, Ph.D.<br \/><b>Deputy Director for Administrative Affairs: <\/b>Filip Todorov, Ph.D.<br \/><strong>Finance manager and Head of accounting department: <\/strong>Libu\u0161e Karta\u0161ov\u00e1, MSc.<\/p><hr \/><h3>\u00daFE Board<\/h3><p><strong>Chairman:<\/strong> Pavel Honz\u00e1tko, Ph.D.<br \/><strong>Deputy Chairman:<\/strong> Assoc. Prof. Pavel Peterka, Ph.D.<br \/><strong>Members:<br \/><\/strong>Prof. Ji\u0159\u00ed Homola, Ph.D., DSc.<br \/>Mgr. Marek Piliarik, Ph.D.<br \/>Prof. RNDr. Vladim\u00edr Baumruk, DrSc.<br \/>Prof. Ing. Ivan Richter, Dr.<br \/>Prof. RNDr. Patrik \u0160pan\u011bl, Dr. rer. nat.<\/p><p><strong>Secretary:<\/strong> Ivan Ka\u0161\u00edk, Ph.D.<\/p>\t\t\t\t\t\t<\/div>\n\t\t\t\t<\/div>\n\t\t\t\t\t<\/div>\n\t\t<\/div>\n\t\t\t\t\t<\/div>\n\t\t<\/section>\n\t\t\t\t<section class=\"elementor-section elementor-top-section elementor-element elementor-element-5ee52af elementor-section-boxed elementor-section-height-default elementor-section-height-default\" data-id=\"5ee52af\" data-element_type=\"section\">\n\t\t\t\t\t\t<div class=\"elementor-container elementor-column-gap-default\">\n\t\t\t\t\t<div class=\"elementor-column elementor-col-100 elementor-top-column elementor-element elementor-element-a20ac82\" data-id=\"a20ac82\" data-element_type=\"column\">\n\t\t\t<div class=\"elementor-widget-wrap elementor-element-populated\">\n\t\t\t\t\t\t<div class=\"elementor-element elementor-element-be4e39e elementor-widget elementor-widget-heading\" data-id=\"be4e39e\" data-element_type=\"widget\" data-widget_type=\"heading.default\">\n\t\t\t\t<div class=\"elementor-widget-container\">\n\t\t\t<h3 class=\"elementor-heading-title elementor-size-default\">Meeting minutes (in Czech only):<\/h3>\t\t<\/div>\n\t\t\t\t<\/div>\n\t\t\t\t<div class=\"elementor-element elementor-element-055414b elementor-widget elementor-widget-heading\" data-id=\"055414b\" data-element_type=\"widget\" data-widget_type=\"heading.default\">\n\t\t\t\t<div class=\"elementor-widget-container\">\n\t\t\t<h4 class=\"elementor-heading-title elementor-size-default\">2026<\/h4>\t\t<\/div>\n\t\t\t\t<\/div>\n\t\t\t\t<div class=\"elementor-element elementor-element-44b2614 elementor-widget elementor-widget-Files list\" data-id=\"44b2614\" data-element_type=\"widget\" data-widget_type=\"Files list.default\">\n\t\t\t\t<div class=\"elementor-widget-container\">\n\t\t\t<ul class=\"elementor-repeater-file-list-widget\"><li class=\"elementor-repeater-file-item elementor-repeater-file-item-eb6ccaf\"><a target=\"_blank\" href=\"https:\/\/www.ufe.cz\/wp-content\/uploads\/2026\/02\/2026-02-18-schuze-rady-ufe-1.pdf\"><span class=\"elementor-file-list-icon\"><i aria-hidden=\"true\" class=\"fas fa-file-pdf\"><\/i><\/span><span class=\"elementor-file-list-text\">18. 2. 2026<\/span><\/a><\/li><\/ul>\t\t<\/div>\n\t\t\t\t<\/div>\n\t\t\t\t\t<\/div>\n\t\t<\/div>\n\t\t\t\t\t<\/div>\n\t\t<\/section>\n\t\t\t\t<section class=\"elementor-section elementor-top-section elementor-element elementor-element-70a69f2 elementor-section-boxed elementor-section-height-default elementor-section-height-default\" data-id=\"70a69f2\" data-element_type=\"section\">\n\t\t\t\t\t\t<div class=\"elementor-container elementor-column-gap-default\">\n\t\t\t\t\t<div class=\"elementor-column elementor-col-100 elementor-top-column elementor-element elementor-element-4c0a324\" data-id=\"4c0a324\" data-element_type=\"column\">\n\t\t\t<div class=\"elementor-widget-wrap elementor-element-populated\">\n\t\t\t\t\t\t<div class=\"elementor-element elementor-element-bd1b9de elementor-widget elementor-widget-heading\" data-id=\"bd1b9de\" data-element_type=\"widget\" data-widget_type=\"heading.default\">\n\t\t\t\t<div class=\"elementor-widget-container\">\n\t\t\t<h4 class=\"elementor-heading-title elementor-size-default\">2025<\/h4>\t\t<\/div>\n\t\t\t\t<\/div>\n\t\t\t\t<div class=\"elementor-element elementor-element-7de4fa9 elementor-widget elementor-widget-Files list\" data-id=\"7de4fa9\" data-element_type=\"widget\" data-widget_type=\"Files list.default\">\n\t\t\t\t<div class=\"elementor-widget-container\">\n\t\t\t<ul class=\"elementor-repeater-file-list-widget\"><li class=\"elementor-repeater-file-item elementor-repeater-file-item-eb6ccaf\"><a target=\"_blank\" href=\"https:\/\/www.ufe.cz\/wp-content\/uploads\/2026\/01\/2025-12-05-schuze-rady-ufe-3.pdf\"><span class=\"elementor-file-list-icon\"><i aria-hidden=\"true\" class=\"fas fa-file-pdf\"><\/i><\/span><span class=\"elementor-file-list-text\">05.12.2025<\/span><\/a><\/li><li class=\"elementor-repeater-file-item elementor-repeater-file-item-0a6ac4e\"><a target=\"_blank\" href=\"https:\/\/www.ufe.cz\/wp-content\/uploads\/2025\/07\/2025-06-18-schuze-rady-ufe-2.pdf\"><span class=\"elementor-file-list-icon\"><i aria-hidden=\"true\" class=\"fas fa-file-pdf\"><\/i><\/span><span class=\"elementor-file-list-text\">18.06.2025<\/span><\/a><\/li><li class=\"elementor-repeater-file-item elementor-repeater-file-item-c1e3266\"><a target=\"_blank\" href=\"https:\/\/www.ufe.cz\/wp-content\/uploads\/2025\/04\/2025-04-03-schuze-rady-ufe-1-1.pdf\"><span class=\"elementor-file-list-icon\"><i aria-hidden=\"true\" class=\"fas fa-file-pdf\"><\/i><\/span><span class=\"elementor-file-list-text\">03.04.2025<\/span><\/a><\/li><\/ul>\t\t<\/div>\n\t\t\t\t<\/div>\n\t\t\t\t\t<\/div>\n\t\t<\/div>\n\t\t\t\t\t<\/div>\n\t\t<\/section>\n\t\t\t\t<section class=\"elementor-section elementor-top-section elementor-element elementor-element-b6d2a6d elementor-section-boxed elementor-section-height-default elementor-section-height-default\" data-id=\"b6d2a6d\" data-element_type=\"section\">\n\t\t\t\t\t\t<div class=\"elementor-container elementor-column-gap-default\">\n\t\t\t\t\t<div class=\"elementor-column elementor-col-100 elementor-top-column elementor-element elementor-element-8f43a4e\" data-id=\"8f43a4e\" data-element_type=\"column\">\n\t\t\t<div class=\"elementor-widget-wrap elementor-element-populated\">\n\t\t\t\t\t\t<div class=\"elementor-element elementor-element-492eec0 elementor-widget elementor-widget-heading\" data-id=\"492eec0\" data-element_type=\"widget\" data-widget_type=\"heading.default\">\n\t\t\t\t<div class=\"elementor-widget-container\">\n\t\t\t<h4 class=\"elementor-heading-title elementor-size-default\">2024<\/h4>\t\t<\/div>\n\t\t\t\t<\/div>\n\t\t\t\t<div class=\"elementor-element elementor-element-2d2b94e elementor-widget elementor-widget-Files list\" data-id=\"2d2b94e\" data-element_type=\"widget\" data-widget_type=\"Files list.default\">\n\t\t\t\t<div class=\"elementor-widget-container\">\n\t\t\t<ul class=\"elementor-repeater-file-list-widget\"><li class=\"elementor-repeater-file-item elementor-repeater-file-item-1fe46e3\"><a target=\"_blank\" href=\"https:\/\/www.ufe.cz\/wp-content\/uploads\/2025\/04\/2024-10-11-schuze-rady-ufe-2.pdf\"><span class=\"elementor-file-list-icon\"><i aria-hidden=\"true\" class=\"fas fa-file-pdf\"><\/i><\/span><span class=\"elementor-file-list-text\">10.11.2024<\/span><\/a><\/li><li class=\"elementor-repeater-file-item elementor-repeater-file-item-1ac2702\"><a target=\"_blank\" href=\"https:\/\/www.ufe.cz\/wp-content\/uploads\/2025\/04\/2024-05-07-schuze-rady-ufe-1.pdf\"><span class=\"elementor-file-list-icon\"><i aria-hidden=\"true\" class=\"fas fa-file-pdf\"><\/i><\/span><span class=\"elementor-file-list-text\">07.05.2024<\/span><\/a><\/li><\/ul>\t\t<\/div>\n\t\t\t\t<\/div>\n\t\t\t\t\t<\/div>\n\t\t<\/div>\n\t\t\t\t\t<\/div>\n\t\t<\/section>\n\t\t\t\t<section class=\"elementor-section elementor-top-section elementor-element elementor-element-3d870f7 elementor-section-boxed elementor-section-height-default elementor-section-height-default\" data-id=\"3d870f7\" data-element_type=\"section\">\n\t\t\t\t\t\t<div class=\"elementor-container elementor-column-gap-default\">\n\t\t\t\t\t<div class=\"elementor-column elementor-col-100 elementor-top-column elementor-element elementor-element-6909eb9\" data-id=\"6909eb9\" data-element_type=\"column\">\n\t\t\t<div class=\"elementor-widget-wrap elementor-element-populated\">\n\t\t\t\t\t\t<div class=\"elementor-element elementor-element-0604bda elementor-widget elementor-widget-heading\" data-id=\"0604bda\" data-element_type=\"widget\" data-widget_type=\"heading.default\">\n\t\t\t\t<div class=\"elementor-widget-container\">\n\t\t\t<h4 class=\"elementor-heading-title elementor-size-default\">2023<\/h4>\t\t<\/div>\n\t\t\t\t<\/div>\n\t\t\t\t<div class=\"elementor-element elementor-element-e705904 elementor-widget elementor-widget-Files list\" data-id=\"e705904\" data-element_type=\"widget\" data-widget_type=\"Files list.default\">\n\t\t\t\t<div class=\"elementor-widget-container\">\n\t\t\t<ul class=\"elementor-repeater-file-list-widget\"><li class=\"elementor-repeater-file-item elementor-repeater-file-item-24a38b7\"><a target=\"_blank\" href=\"https:\/\/www.ufe.cz\/wp-content\/uploads\/2025\/04\/2023-11-14-zapis-z-2-schuze-rady-ufe-v-roce-2023.pdf\"><span class=\"elementor-file-list-icon\"><i aria-hidden=\"true\" class=\"fas fa-file-pdf\"><\/i><\/span><span class=\"elementor-file-list-text\">14.11.2023<\/span><\/a><\/li><li class=\"elementor-repeater-file-item elementor-repeater-file-item-40e953b\"><a target=\"_blank\" href=\"https:\/\/www.ufe.cz\/wp-content\/uploads\/2025\/04\/2023-05-31-schuze-rady-ufe-1.pdf\"><span class=\"elementor-file-list-icon\"><i aria-hidden=\"true\" class=\"fas fa-file-pdf\"><\/i><\/span><span class=\"elementor-file-list-text\">31.05.2023<\/span><\/a><\/li><\/ul>\t\t<\/div>\n\t\t\t\t<\/div>\n\t\t\t\t\t<\/div>\n\t\t<\/div>\n\t\t\t\t\t<\/div>\n\t\t<\/section>\n\t\t\t\t<section class=\"elementor-section elementor-top-section elementor-element elementor-element-a2548a8 elementor-section-boxed elementor-section-height-default elementor-section-height-default\" data-id=\"a2548a8\" data-element_type=\"section\">\n\t\t\t\t\t\t<div class=\"elementor-container elementor-column-gap-default\">\n\t\t\t\t\t<div class=\"elementor-column elementor-col-100 elementor-top-column elementor-element elementor-element-d33d105\" data-id=\"d33d105\" data-element_type=\"column\">\n\t\t\t<div class=\"elementor-widget-wrap elementor-element-populated\">\n\t\t\t\t\t\t<div class=\"elementor-element elementor-element-888139f elementor-widget elementor-widget-text-editor\" data-id=\"888139f\" data-element_type=\"widget\" data-widget_type=\"text-editor.default\">\n\t\t\t\t<div class=\"elementor-widget-container\">\n\t\t\t\t\t\t\t<p>Information about activity of the \u00daFE Board in previous periods can be found in the <a href=\"https:\/\/www.ufe.cz\/en\/official-desk\/annual-reports-gep\/\">annual reports<\/a>.<\/p>\t\t\t\t\t\t<\/div>\n\t\t\t\t<\/div>\n\t\t\t\t\t<\/div>\n\t\t<\/div>\n\t\t\t\t\t<\/div>\n\t\t<\/section>\n\t\t\t\t<\/div>\n\t\t","protected":false},"excerpt":{"rendered":"<p>Management of the Institute Director: Assoc. Prof. Pavel Peterka, Ph.D.Deputy Director: Pavel Honz\u00e1tko, Ph.D.Deputy Director for Scientific Affairs: Jan Grym, Ph.D.Deputy Director for Administrative Affairs: Filip Todorov, Ph.D.Finance manager and Head of accounting department: Libu\u0161e Karta\u0161ov\u00e1, MSc. \u00daFE Board Chairman: Pavel Honz\u00e1tko, Ph.D.Deputy Chairman: Assoc. Prof. Pavel Peterka, Ph.D.Members:Prof. Ji\u0159\u00ed Homola, Ph.D., DSc.Mgr. Marek Piliarik, [&hellip;]<\/p>\n","protected":false},"author":1,"featured_media":0,"parent":14959,"menu_order":1,"comment_status":"closed","ping_status":"closed","template":"","meta":{"_acf_changed":false,"footnotes":""},"acf":[],"_links":{"self":[{"href":"https:\/\/www.ufe.cz\/en\/wp-json\/wp\/v2\/pages\/14932"}],"collection":[{"href":"https:\/\/www.ufe.cz\/en\/wp-json\/wp\/v2\/pages"}],"about":[{"href":"https:\/\/www.ufe.cz\/en\/wp-json\/wp\/v2\/types\/page"}],"author":[{"embeddable":true,"href":"https:\/\/www.ufe.cz\/en\/wp-json\/wp\/v2\/users\/1"}],"replies":[{"embeddable":true,"href":"https:\/\/www.ufe.cz\/en\/wp-json\/wp\/v2\/comments?post=14932"}],"version-history":[{"count":0,"href":"https:\/\/www.ufe.cz\/en\/wp-json\/wp\/v2\/pages\/14932\/revisions"}],"up":[{"embeddable":true,"href":"https:\/\/www.ufe.cz\/en\/wp-json\/wp\/v2\/pages\/14959"}],"wp:attachment":[{"href":"https:\/\/www.ufe.cz\/en\/wp-json\/wp\/v2\/media?parent=14932"}],"curies":[{"name":"wp","href":"https:\/\/api.w.org\/{rel}","templated":true}]}}