{"id":15048,"date":"2025-01-06T13:38:52","date_gmt":"2025-01-06T12:38:52","guid":{"rendered":"https:\/\/www.ufe.cz\/official-desk\/poskytovani-informaci-ze-zakona\/"},"modified":"2026-02-23T08:22:25","modified_gmt":"2026-02-23T07:22:25","slug":"provision-of-legal-information","status":"publish","type":"page","link":"https:\/\/www.ufe.cz\/en\/about-us\/official-desk\/provision-of-legal-information\/","title":{"rendered":"Provision of legal information"},"content":{"rendered":"\t\t<div data-elementor-type=\"wp-page\" data-elementor-id=\"15048\" class=\"elementor elementor-15048 elementor-8968\" data-elementor-post-type=\"page\">\n\t\t\t\t\t\t<section class=\"elementor-section elementor-top-section elementor-element elementor-element-0e207a2 elementor-section-boxed elementor-section-height-default elementor-section-height-default\" data-id=\"0e207a2\" data-element_type=\"section\">\n\t\t\t\t\t\t<div class=\"elementor-container elementor-column-gap-default\">\n\t\t\t\t\t<div class=\"elementor-column elementor-col-100 elementor-top-column elementor-element elementor-element-e833c04\" data-id=\"e833c04\" data-element_type=\"column\">\n\t\t\t<div class=\"elementor-widget-wrap elementor-element-populated\">\n\t\t\t\t\t\t<div class=\"elementor-element elementor-element-e2ccc14 elementor-widget elementor-widget-text-editor\" data-id=\"e2ccc14\" data-element_type=\"widget\" data-widget_type=\"text-editor.default\">\n\t\t\t\t<div class=\"elementor-widget-container\">\n\t\t\t\t\t\t\t<h3>Information published pursuant to Section 5(1) of Act No. 106\/1999 Coll., on Free Access to Information, as amended.<\/h3><p>In accordance with Government Resolution No. 875 of 6 September 2000 on the Methodological Instruction on the unification of the procedure of public administration bodies in ensuring the right of natural and legal persons to provide information under Act No. 106\/1999 Coll., on free access to information, we present the requested information:<\/p>\t\t\t\t\t\t<\/div>\n\t\t\t\t<\/div>\n\t\t\t\t\t<\/div>\n\t\t<\/div>\n\t\t\t\t\t<\/div>\n\t\t<\/section>\n\t\t\t\t<section class=\"elementor-section elementor-top-section elementor-element elementor-element-b7f5a47 elementor-section-boxed elementor-section-height-default elementor-section-height-default\" data-id=\"b7f5a47\" data-element_type=\"section\">\n\t\t\t\t\t\t<div class=\"elementor-container elementor-column-gap-default\">\n\t\t\t\t\t<div class=\"elementor-column elementor-col-100 elementor-top-column elementor-element elementor-element-1e6c970\" data-id=\"1e6c970\" data-element_type=\"column\">\n\t\t\t<div class=\"elementor-widget-wrap elementor-element-populated\">\n\t\t\t\t\t\t<div class=\"elementor-element elementor-element-9e91f90 elementor-icon-list--layout-traditional elementor-list-item-link-full_width elementor-widget elementor-widget-icon-list\" data-id=\"9e91f90\" data-element_type=\"widget\" data-widget_type=\"icon-list.default\">\n\t\t\t\t<div class=\"elementor-widget-container\">\n\t\t\t\t\t<ul class=\"elementor-icon-list-items\">\n\t\t\t\t\t\t\t<li class=\"elementor-icon-list-item\">\n\t\t\t\t\t\t\t\t\t\t\t<a href=\"https:\/\/www.ufe.cz\/wp-content\/uploads\/2024\/06\/zl-ufe.pdf\" target=\"_blank\">\n\n\t\t\t\t\t\t\t\t\t\t\t\t<span class=\"elementor-icon-list-icon\">\n\t\t\t\t\t\t\t<i aria-hidden=\"true\" class=\"far fa-file-pdf\"><\/i>\t\t\t\t\t\t<\/span>\n\t\t\t\t\t\t\t\t\t\t<span class=\"elementor-icon-list-text\">Founding Charter of the Institute of Photonics and Electronics of the CAS (in Czech only)<\/span>\n\t\t\t\t\t\t\t\t\t\t\t<\/a>\n\t\t\t\t\t\t\t\t\t<\/li>\n\t\t\t\t\t\t\t\t<li class=\"elementor-icon-list-item\">\n\t\t\t\t\t\t\t\t\t\t\t<a href=\"https:\/\/www.ufe.cz\/wp-content\/uploads\/2024\/06\/zrizovaci-listina-ufe-av-cr-dodatek-c-1.pdf\" target=\"_blank\">\n\n\t\t\t\t\t\t\t\t\t\t\t\t<span class=\"elementor-icon-list-icon\">\n\t\t\t\t\t\t\t<i aria-hidden=\"true\" class=\"far fa-file-pdf\"><\/i>\t\t\t\t\t\t<\/span>\n\t\t\t\t\t\t\t\t\t\t<span class=\"elementor-icon-list-text\">Appendix No. 1 to the Founding Charter of the Institute of Photonics and Electronics of the CAS (in Czech only)<\/span>\n\t\t\t\t\t\t\t\t\t\t\t<\/a>\n\t\t\t\t\t\t\t\t\t<\/li>\n\t\t\t\t\t\t\t\t<li class=\"elementor-icon-list-item\">\n\t\t\t\t\t\t\t\t\t\t\t<a href=\"https:\/\/www.ufe.cz\/en\/about-us\/management-and-structure\/structure\/\">\n\n\t\t\t\t\t\t\t\t\t\t\t\t<span class=\"elementor-icon-list-icon\">\n\t\t\t\t\t\t\t<i aria-hidden=\"true\" class=\"fas fa-link\"><\/i>\t\t\t\t\t\t<\/span>\n\t\t\t\t\t\t\t\t\t\t<span class=\"elementor-icon-list-text\">Organizational structure of the Institute of Photonics and Electronics of the CAS<\/span>\n\t\t\t\t\t\t\t\t\t\t\t<\/a>\n\t\t\t\t\t\t\t\t\t<\/li>\n\t\t\t\t\t\t<\/ul>\n\t\t\t\t<\/div>\n\t\t\t\t<\/div>\n\t\t\t\t<div class=\"elementor-element elementor-element-da5c87f elementor-widget elementor-widget-text-editor\" data-id=\"da5c87f\" data-element_type=\"widget\" data-widget_type=\"text-editor.default\">\n\t\t\t\t<div class=\"elementor-widget-container\">\n\t\t\t\t\t\t\t<p>Contact details where to submit a written request for information:<\/p><ul><li>Secretariat, Institute of Photonics and Electronics of the CAS, Chabersk\u00e1 1014\/57, 182 00, Praha 8 &#8211; Kobylisy, Czech Republic<\/li><li>Tel: +420 266 773 400, data box:<strong>\u00a0m54nucy<\/strong><\/li><\/ul><p>Application form for requesting information and where to obtain it:<\/p><ul><li>The form can be obtained from the Secretariat, see above.<\/li><li>The form is available for electronic download in the format <a href=\"https:\/\/www.ufe.cz\/wp-content\/uploads\/2024\/06\/formular-ufe-106-1999.doc\" target=\"_blank\" rel=\"noopener\">DOC (MS Word).<\/a><\/li><\/ul><p>Name, address, telephone number and electronic address of the contact person where the decision on the application or proposal can be appealed:<\/p><ul><li>Ing. Libu\u0161e Karta\u0161ov\u00e1, telefon: +420 266 773 434, email:\u00a0<a href=\"mailto:kartasova@ufe.cz\">kartasova@ufe.cz<\/a><\/li><\/ul><p>An overview of the most important regulations (in Czech only):<\/p>\t\t\t\t\t\t<\/div>\n\t\t\t\t<\/div>\n\t\t\t\t\t<\/div>\n\t\t<\/div>\n\t\t\t\t\t<\/div>\n\t\t<\/section>\n\t\t\t\t<section class=\"elementor-section elementor-top-section elementor-element elementor-element-ab00069 elementor-section-boxed elementor-section-height-default elementor-section-height-default\" data-id=\"ab00069\" data-element_type=\"section\">\n\t\t\t\t\t\t<div class=\"elementor-container elementor-column-gap-default\">\n\t\t\t\t\t<div class=\"elementor-column elementor-col-100 elementor-top-column elementor-element elementor-element-fd38711\" data-id=\"fd38711\" data-element_type=\"column\">\n\t\t\t<div class=\"elementor-widget-wrap elementor-element-populated\">\n\t\t\t\t\t\t<div class=\"elementor-element elementor-element-01f170f elementor-icon-list--layout-inline elementor-list-item-link-full_width elementor-widget elementor-widget-icon-list\" data-id=\"01f170f\" data-element_type=\"widget\" data-widget_type=\"icon-list.default\">\n\t\t\t\t<div class=\"elementor-widget-container\">\n\t\t\t\t\t<ul class=\"elementor-icon-list-items elementor-inline-items\">\n\t\t\t\t\t\t\t<li class=\"elementor-icon-list-item elementor-inline-item\">\n\t\t\t\t\t\t\t\t\t\t\t<a href=\"http:\/\/www.vyzkum.cz\/FrontClanek.aspx?idsekce=8321\" target=\"_blank\" rel=\"noopener\">\n\n\t\t\t\t\t\t\t\t\t\t\t\t<span class=\"elementor-icon-list-icon\">\n\t\t\t\t\t\t\t<i aria-hidden=\"true\" class=\"fas fa-external-link-alt\"><\/i>\t\t\t\t\t\t<\/span>\n\t\t\t\t\t\t\t\t\t\t<span class=\"elementor-icon-list-text\">Act No. 341\/2005 Coll., on Public Research Institutions<\/span>\n\t\t\t\t\t\t\t\t\t\t\t<\/a>\n\t\t\t\t\t\t\t\t\t<\/li>\n\t\t\t\t\t\t\t\t<li class=\"elementor-icon-list-item elementor-inline-item\">\n\t\t\t\t\t\t\t\t\t\t\t<a href=\"http:\/\/www.vyzkum.cz\/FrontClanek.aspx?idsekce=8321\" target=\"_blank\" rel=\"noopener\">\n\n\t\t\t\t\t\t\t\t\t\t\t\t<span class=\"elementor-icon-list-icon\">\n\t\t\t\t\t\t\t<i aria-hidden=\"true\" class=\"fas fa-external-link-alt\"><\/i>\t\t\t\t\t\t<\/span>\n\t\t\t\t\t\t\t\t\t\t<span class=\"elementor-icon-list-text\">Act No. 342\/2005 Coll., amending certain acts in connection with the adoption of the Act on Public Research Institutions<\/span>\n\t\t\t\t\t\t\t\t\t\t\t<\/a>\n\t\t\t\t\t\t\t\t\t<\/li>\n\t\t\t\t\t\t\t\t<li class=\"elementor-icon-list-item elementor-inline-item\">\n\t\t\t\t\t\t\t\t\t\t\t<a href=\"https:\/\/vyzkum.gov.cz\/FrontClanek.aspx?idsekce=954510\" target=\"_blank\" rel=\"noopener\">\n\n\t\t\t\t\t\t\t\t\t\t\t\t<span class=\"elementor-icon-list-icon\">\n\t\t\t\t\t\t\t<i aria-hidden=\"true\" class=\"fas fa-external-link-alt\"><\/i>\t\t\t\t\t\t<\/span>\n\t\t\t\t\t\t\t\t\t\t<span class=\"elementor-icon-list-text\">Act No. 130\/2002 Coll., on support for research and development from public funds and on amendments to certain related acts (Act on support for research and development)<\/span>\n\t\t\t\t\t\t\t\t\t\t\t<\/a>\n\t\t\t\t\t\t\t\t\t<\/li>\n\t\t\t\t\t\t\t\t<li class=\"elementor-icon-list-item elementor-inline-item\">\n\t\t\t\t\t\t\t\t\t\t\t<a href=\"https:\/\/vlada.gov.cz\/assets\/urad-vlady\/poskytovani-informaci\/nejdulezitejsi-predpisy\/zakon_106_1999.pdf\" target=\"_blank\" rel=\"noopener\">\n\n\t\t\t\t\t\t\t\t\t\t\t\t<span class=\"elementor-icon-list-icon\">\n\t\t\t\t\t\t\t<i aria-hidden=\"true\" class=\"fas fa-external-link-alt\"><\/i>\t\t\t\t\t\t<\/span>\n\t\t\t\t\t\t\t\t\t\t<span class=\"elementor-icon-list-text\">Act No. 106\/1999 Coll., on free access to information<\/span>\n\t\t\t\t\t\t\t\t\t\t\t<\/a>\n\t\t\t\t\t\t\t\t\t<\/li>\n\t\t\t\t\t\t<\/ul>\n\t\t\t\t<\/div>\n\t\t\t\t<\/div>\n\t\t\t\t\t<\/div>\n\t\t<\/div>\n\t\t\t\t\t<\/div>\n\t\t<\/section>\n\t\t\t\t<section class=\"elementor-section elementor-top-section elementor-element elementor-element-da11cf8 elementor-section-boxed elementor-section-height-default elementor-section-height-default\" data-id=\"da11cf8\" data-element_type=\"section\">\n\t\t\t\t\t\t<div class=\"elementor-container elementor-column-gap-default\">\n\t\t\t\t\t<div class=\"elementor-column elementor-col-100 elementor-top-column elementor-element elementor-element-0d5f926\" data-id=\"0d5f926\" data-element_type=\"column\">\n\t\t\t<div class=\"elementor-widget-wrap elementor-element-populated\">\n\t\t\t\t\t\t<div class=\"elementor-element elementor-element-4a038ce elementor-widget elementor-widget-text-editor\" data-id=\"4a038ce\" data-element_type=\"widget\" data-widget_type=\"text-editor.default\">\n\t\t\t\t<div class=\"elementor-widget-container\">\n\t\t\t\t\t\t\t<p><strong>Deadlines that must be met by law:<\/strong><\/p><ul><li>within 7 calendar days from the date of submission, communicate to the applicant the details of the publication of the information<\/li><li>within 7 calendar days of the date of submission, ask the applicant to clarify the information requested<\/li><li>if the \u00daFE (contact person) does not receive clarifying information from the applicant, it will reject the application within 30 calendar days from the submission of the application<\/li><li>the applicant is informed of the postponement of the application within 3 calendar days of its postponement, but at the latest within the time limit set by law for the processing of the application<\/li><li>the requested information is provided by the obliged entity within a basic time limit of 15 calendar days from the submission of the request<\/li><li>the period of 15 calendar days may be extended by a maximum of 10 calendar days, i.e. to 25 calendar days, only for serious reasons, which are:<ul><li>searching and collecting required information in other departments,<\/li><li>a request for a voluminous amount of separate and distinct information in a single application,<\/li><li>the need to consult another obliged entity (or two or more components of an obliged entity) which has a substantial interest in the subject matter of the request<\/li><\/ul><\/li><\/ul><ul><li>the extension of the basic time limit and the reasons for it shall be notified to the applicant within 15 calendar days<\/li><li>the deadline for the applicant to appeal is 15 calendar days from the delivery of the decision.<\/li><li>If the total amount of the payment for the provision of information is at least CZK 100, the provision of information is conditional upon payment of the required fee. If the applicant fails to pay the fee within 60 days from the date of notification of the amount of the requested fee, the \u00daFE shall postpone the request.<\/li><\/ul><p><strong>Annual report on the provision of information in accordance with Act No. 106\/1999 Coll., on free access to information, as amended:<\/strong><\/p><ul><li><a href=\"https:\/\/www.ufe.cz\/wp-content\/uploads\/2026\/02\/2026-02-20-poskytovani-informaci-dle-zakona.pdf\">2025<\/a><a href=\"https:\/\/www.ufe.cz\/wp-content\/uploads\/2026\/02\/2025-01-17-poskytovani-informaci-dle-zakona.pdf\">,<\/a> <a href=\"https:\/\/www.ufe.cz\/wp-content\/uploads\/2026\/02\/2025-01-17-poskytovani-informaci-dle-zakona.pdf\">2024<\/a>, <a href=\"https:\/\/www.ufe.cz\/wp-content\/uploads\/2024\/06\/2024-01-23-poskytovani-informaci-dle-zakona.pdf\">2023<\/a>,\u00a0<a href=\"https:\/\/www.ufe.cz\/wp-content\/uploads\/2024\/06\/2023-01-13-poskytovani-informaci-dle-zakona.pdf\">2022<\/a>,<a href=\"https:\/\/www.ufe.cz\/wp-content\/uploads\/2024\/06\/poskytovani-informaci-vz-2021.pdf\">\u00a02021<\/a>,\u00a0<a href=\"https:\/\/www.ufe.cz\/wp-content\/uploads\/2024\/06\/poskytovani-informaci-vz-2020.pdf\">2020<\/a>,\u00a0<a href=\"https:\/\/www.ufe.cz\/wp-content\/uploads\/2024\/06\/poskytovani-informaci-vz-2019.pdf\" target=\"_blank\" rel=\"noopener\">2019<\/a>,\u00a0<a href=\"https:\/\/www.ufe.cz\/wp-content\/uploads\/2024\/06\/poskytovani-informaci-vz-2018.pdf\">2018<\/a>,\u00a0<a href=\"https:\/\/www.ufe.cz\/wp-content\/uploads\/2024\/06\/poskytovani-informaci-vz-2017.pdf\" target=\"_blank\" rel=\"noopener\">2017<\/a>,\u00a0<a href=\"https:\/\/www.ufe.cz\/wp-content\/uploads\/2024\/06\/poskytovani-informaci-vz-2016.pdf\" target=\"_blank\" rel=\"noopener\">2016<\/a>,\u00a0<a href=\"https:\/\/www.ufe.cz\/wp-content\/uploads\/2024\/06\/poskytovani-informaci-vz-2015.pdf\" target=\"_blank\" rel=\"noopener\">2015<\/a>,\u00a0<a href=\"https:\/\/www.ufe.cz\/wp-content\/uploads\/2024\/06\/poskytovani-informaci-vz-2014.pdf\" target=\"_blank\" rel=\"noopener\">2014<\/a>,\u00a0<a href=\"https:\/\/www.ufe.cz\/wp-content\/uploads\/2024\/06\/poskytovani-informaci-vz-2013.pdf\" target=\"_blank\" rel=\"noopener\">2013<\/a>,\u00a0<a href=\"https:\/\/www.ufe.cz\/wp-content\/uploads\/2024\/06\/poskytovani-informaci-vz-2012.pdf\" target=\"_blank\" rel=\"noopener\">2012<\/a>,\u00a0<a href=\"https:\/\/www.ufe.cz\/wp-content\/uploads\/2024\/06\/poskytovani-informaci-vz-2011.pdf\" target=\"_blank\" rel=\"noopener\">2011<\/a>,\u00a0<a href=\"https:\/\/www.ufe.cz\/wp-content\/uploads\/2024\/06\/poskytovani-informaci-vz-2010.pdf\" target=\"_blank\" rel=\"noopener\">2010<\/a>,\u00a0<a href=\"https:\/\/www.ufe.cz\/wp-content\/uploads\/2024\/06\/poskytovani-informaci-vz-2009.pdf\" target=\"_blank\" rel=\"noopener\">2009<\/a>,\u00a0<a href=\"https:\/\/www.ufe.cz\/wp-content\/uploads\/2024\/06\/poskytovani-informaci-vz-2008.pdf\" target=\"_blank\" rel=\"noopener\">2008<\/a>,\u00a0<a href=\"https:\/\/www.ufe.cz\/wp-content\/uploads\/2024\/06\/poskytovani-informaci-vz-2007.pdf\" target=\"_blank\" rel=\"noopener\">2007<\/a><\/li><\/ul>\t\t\t\t\t\t<\/div>\n\t\t\t\t<\/div>\n\t\t\t\t\t<\/div>\n\t\t<\/div>\n\t\t\t\t\t<\/div>\n\t\t<\/section>\n\t\t\t\t<section class=\"elementor-section elementor-top-section elementor-element elementor-element-bb1e0ba elementor-section-boxed elementor-section-height-default elementor-section-height-default\" data-id=\"bb1e0ba\" data-element_type=\"section\">\n\t\t\t\t\t\t<div class=\"elementor-container elementor-column-gap-default\">\n\t\t\t\t\t<div class=\"elementor-column elementor-col-100 elementor-top-column elementor-element elementor-element-27106d2\" data-id=\"27106d2\" data-element_type=\"column\">\n\t\t\t<div class=\"elementor-widget-wrap elementor-element-populated\">\n\t\t\t\t\t\t<div class=\"elementor-element elementor-element-7ade6f1 elementor-icon-list--layout-traditional elementor-list-item-link-full_width elementor-widget elementor-widget-icon-list\" data-id=\"7ade6f1\" data-element_type=\"widget\" data-widget_type=\"icon-list.default\">\n\t\t\t\t<div class=\"elementor-widget-container\">\n\t\t\t\t\t<ul class=\"elementor-icon-list-items\">\n\t\t\t\t\t\t\t<li class=\"elementor-icon-list-item\">\n\t\t\t\t\t\t\t\t\t\t\t<a href=\"https:\/\/www.ufe.cz\/wp-content\/uploads\/2024\/08\/2016-05-27-sazebnik-uhrad-za-poskytovani-informaci.pdf\" target=\"_blank\">\n\n\t\t\t\t\t\t\t\t\t\t\t\t<span class=\"elementor-icon-list-icon\">\n\t\t\t\t\t\t\t<i aria-hidden=\"true\" class=\"far fa-file-pdf\"><\/i>\t\t\t\t\t\t<\/span>\n\t\t\t\t\t\t\t\t\t\t<span class=\"elementor-icon-list-text\">Fees for the provision of information (in Czech only)<\/span>\n\t\t\t\t\t\t\t\t\t\t\t<\/a>\n\t\t\t\t\t\t\t\t\t<\/li>\n\t\t\t\t\t\t<\/ul>\n\t\t\t\t<\/div>\n\t\t\t\t<\/div>\n\t\t\t\t\t<\/div>\n\t\t<\/div>\n\t\t\t\t\t<\/div>\n\t\t<\/section>\n\t\t\t\t<\/div>\n\t\t","protected":false},"excerpt":{"rendered":"<p>Information published pursuant to Section 5(1) of Act No. 106\/1999 Coll., on Free Access to Information, as amended. In accordance with Government Resolution No. 875 of 6 September 2000 on the Methodological Instruction on the unification of the procedure of public administration bodies in ensuring the right of natural and legal persons to provide information [&hellip;]<\/p>\n","protected":false},"author":6,"featured_media":0,"parent":14998,"menu_order":0,"comment_status":"closed","ping_status":"closed","template":"","meta":{"_acf_changed":false,"footnotes":""},"acf":[],"_links":{"self":[{"href":"https:\/\/www.ufe.cz\/en\/wp-json\/wp\/v2\/pages\/15048"}],"collection":[{"href":"https:\/\/www.ufe.cz\/en\/wp-json\/wp\/v2\/pages"}],"about":[{"href":"https:\/\/www.ufe.cz\/en\/wp-json\/wp\/v2\/types\/page"}],"author":[{"embeddable":true,"href":"https:\/\/www.ufe.cz\/en\/wp-json\/wp\/v2\/users\/6"}],"replies":[{"embeddable":true,"href":"https:\/\/www.ufe.cz\/en\/wp-json\/wp\/v2\/comments?post=15048"}],"version-history":[{"count":0,"href":"https:\/\/www.ufe.cz\/en\/wp-json\/wp\/v2\/pages\/15048\/revisions"}],"up":[{"embeddable":true,"href":"https:\/\/www.ufe.cz\/en\/wp-json\/wp\/v2\/pages\/14998"}],"wp:attachment":[{"href":"https:\/\/www.ufe.cz\/en\/wp-json\/wp\/v2\/media?parent=15048"}],"curies":[{"name":"wp","href":"https:\/\/api.w.org\/{rel}","templated":true}]}}