{"id":15136,"date":"2025-01-12T13:38:19","date_gmt":"2025-01-12T12:38:19","guid":{"rendered":"https:\/\/www.ufe.cz\/official-desk\/vyrocni-zpravy-gep\/"},"modified":"2025-12-04T11:52:12","modified_gmt":"2025-12-04T10:52:12","slug":"annual-reports-gep","status":"publish","type":"page","link":"https:\/\/www.ufe.cz\/en\/about-us\/official-desk\/annual-reports-gep\/","title":{"rendered":"Annual reports &#038; GEP"},"content":{"rendered":"\t\t<div data-elementor-type=\"wp-page\" data-elementor-id=\"15136\" class=\"elementor elementor-15136 elementor-8962\" data-elementor-post-type=\"page\">\n\t\t\t\t\t\t<section class=\"elementor-section elementor-top-section elementor-element elementor-element-4715dcf elementor-section-boxed elementor-section-height-default elementor-section-height-default\" data-id=\"4715dcf\" data-element_type=\"section\">\n\t\t\t\t\t\t<div class=\"elementor-container elementor-column-gap-default\">\n\t\t\t\t\t<div class=\"elementor-column elementor-col-50 elementor-top-column elementor-element elementor-element-bfe8d76\" data-id=\"bfe8d76\" data-element_type=\"column\">\n\t\t\t<div class=\"elementor-widget-wrap elementor-element-populated\">\n\t\t\t\t\t\t<div class=\"elementor-element elementor-element-c58bf7d elementor-widget elementor-widget-text-editor\" data-id=\"c58bf7d\" data-element_type=\"widget\" data-widget_type=\"text-editor.default\">\n\t\t\t\t<div class=\"elementor-widget-container\">\n\t\t\t\t\t\t\t<h3>Annual reports (in Czech only)<\/h3><div><h4>2024<\/h4><p><a href=\"https:\/\/www.ufe.cz\/wp-content\/uploads\/2025\/06\/vyrocni-zprava-ufe-2024.pdf\">Annual report 2024<\/a><\/p><h4>2023<\/h4><p><a href=\"https:\/\/www.ufe.cz\/wp-content\/uploads\/2024\/06\/vz-ufe-2023.pdf\" target=\"_blank\" rel=\"noopener\">Annual report 2023<\/a><\/p><\/div><h4>2022<\/h4><p><a title=\"V\u00fdro\u010dn\u00ed zpr\u00e1va \u00daFE za rok 2022\" href=\"https:\/\/www.ufe.cz\/wp-content\/uploads\/2024\/06\/vyrocni-zprava-ufe-2022.pdf\" target=\"_blank\" rel=\"noopener\">Annual report 2022<\/a><\/p><h4>2021<\/h4><p><a href=\"https:\/\/www.ufe.cz\/wp-content\/uploads\/2024\/06\/vyrocni-zprava-ufe-2021.pdf\" target=\"_blank\" rel=\"noopener\">Annual report 2021<\/a><\/p><h4>2020<\/h4><p><a href=\"https:\/\/www.ufe.cz\/wp-content\/uploads\/2024\/06\/vyrocni-zprava-ufe-2020.pdf\">Annual report 2020<\/a><\/p><h4>2019<\/h4><p><a title=\"V\u00fdro\u010dn\u00ed zpr\u00e1va \u00daFE za rok 2019\" href=\"https:\/\/www.ufe.cz\/wp-content\/uploads\/2024\/06\/vyrocni-zprava-ufe-2019.pdf\" target=\"_blank\" rel=\"noopener\">Annual report 2019<\/a><\/p><h4>2018<\/h4><p><a href=\"https:\/\/www.ufe.cz\/wp-content\/uploads\/2024\/06\/vyrocni-zprava-ufe-2018.pdf\" target=\"_blank\" rel=\"noopener\">Annual report 2018<\/a><\/p><h4>2017<\/h4><p><a href=\"https:\/\/www.ufe.cz\/wp-content\/uploads\/2024\/06\/vyrocni-zprava-ufe-2017.pdf\" target=\"_blank\" rel=\"noopener\">Annual report 2017<\/a><\/p><h4>2016<\/h4><p><a href=\"https:\/\/www.ufe.cz\/wp-content\/uploads\/2024\/06\/vyrocni-zprava-ufe-2016.pdf\" target=\"_blank\" rel=\"noopener\">Annual report 2016<\/a><\/p><h4>2015<\/h4><p><a href=\"https:\/\/www.ufe.cz\/wp-content\/uploads\/2024\/06\/vyrocni-zprava-ufe-2015.pdf\" target=\"_blank\" rel=\"noopener\">Annual report 2015<\/a><\/p><h4>2014<\/h4><p><a href=\"https:\/\/www.ufe.cz\/wp-content\/uploads\/2024\/06\/vyrocni-zprava-ufe-2014.pdf\" target=\"_blank\" rel=\"noopener\">Annual report 2014<\/a><\/p><h4>2013<\/h4><p><a href=\"https:\/\/www.ufe.cz\/wp-content\/uploads\/2024\/06\/vyrocni-zprava-ufe-2013.pdf\" target=\"_blank\" rel=\"noopener\">Annual report 2013<\/a><\/p><h4>2012<\/h4><p><a href=\"https:\/\/www.ufe.cz\/wp-content\/uploads\/2024\/06\/vyrocni-zprava-ufe-2012.pdf\" target=\"_blank\" rel=\"noopener\">Annual report 2012<\/a><\/p><h4>2011<\/h4><p><a href=\"https:\/\/www.ufe.cz\/wp-content\/uploads\/2024\/06\/vyrocni-zprava-ufe-2011.pdf\" target=\"_blank\" rel=\"noopener\">Annual report 2011<\/a><br \/><a style=\"background-color: #ffffff;\" href=\"https:\/\/www.ufe.cz\/wp-content\/uploads\/2024\/06\/ufe-2011-zprava-auditora.pdf\" target=\"_blank\" rel=\"noopener\">Auditor&#8217;s report 2011<\/a><\/p><h4>2010<\/h4><p><a href=\"https:\/\/www.ufe.cz\/wp-content\/uploads\/2024\/06\/vyrocni-zprava-ufe-2010.pdf\" target=\"_blank\" rel=\"noopener\">Annual report 2010<\/a><br \/><a style=\"background-color: #ffffff;\" href=\"https:\/\/www.ufe.cz\/wp-content\/uploads\/2024\/06\/ufe-2010-zprava-auditora.pdf\" target=\"_blank\" rel=\"noopener\">Auditor&#8217;s report 2010<\/a><\/p><h4>2009<\/h4><p><a href=\"https:\/\/www.ufe.cz\/wp-content\/uploads\/2024\/06\/vyrocni-zprava-ufe-2009.pdf\" target=\"_blank\" rel=\"noopener\">Annual report 2009<\/a><br \/><a style=\"background-color: #ffffff;\" href=\"https:\/\/www.ufe.cz\/wp-content\/uploads\/2024\/06\/ufe-2009-zprava-auditora.pdf\" target=\"_blank\" rel=\"noopener\">Auditor&#8217;s report 2009<\/a><\/p><h4>2008<\/h4><p><a href=\"https:\/\/www.ufe.cz\/wp-content\/uploads\/2024\/06\/vyrocni-zprava-ufe-2008.pdf\" target=\"_blank\" rel=\"noopener\">Annual report 2008<\/a><br \/><a style=\"background-color: #ffffff;\" href=\"https:\/\/www.ufe.cz\/wp-content\/uploads\/2024\/06\/vyrocni-zprava2008-priloha.pdf\" target=\"_blank\" rel=\"noopener\">annex &#8211; Management report<\/a><br \/><a style=\"background-color: #ffffff;\" href=\"https:\/\/www.ufe.cz\/wp-content\/uploads\/2024\/06\/ufe-2008-zprava-auditora.pdf\" target=\"_blank\" rel=\"noopener\">Auditor&#8217;s report 2008<\/a><\/p><h4>2007<\/h4><p><a href=\"https:\/\/www.ufe.cz\/wp-content\/uploads\/2024\/06\/vyrocni-zprava-ufe-2007.pdf\" target=\"_blank\" rel=\"noopener\">Annual report 2007<\/a><br \/><a style=\"background-color: #ffffff;\" href=\"https:\/\/www.ufe.cz\/wp-content\/uploads\/2024\/06\/ufe-2007-vyrocni-zprava-priloha.pdf\" target=\"_blank\" rel=\"noopener\">annex &#8211; Management report<\/a><br \/><a style=\"background-color: #ffffff;\" href=\"https:\/\/www.ufe.cz\/wp-content\/uploads\/2024\/06\/ufe-2007-zprava-auditora.pdf\" target=\"_blank\" rel=\"noopener\">Auditor&#8217;s report 2007<\/a><\/p>\t\t\t\t\t\t<\/div>\n\t\t\t\t<\/div>\n\t\t\t\t\t<\/div>\n\t\t<\/div>\n\t\t\t\t<div class=\"elementor-column elementor-col-50 elementor-top-column elementor-element elementor-element-5815b0c\" data-id=\"5815b0c\" data-element_type=\"column\">\n\t\t\t<div class=\"elementor-widget-wrap elementor-element-populated\">\n\t\t\t\t\t\t<div class=\"elementor-element elementor-element-57c8e35 elementor-widget__width-initial elementor-widget elementor-widget-text-editor\" data-id=\"57c8e35\" data-element_type=\"widget\" data-widget_type=\"text-editor.default\">\n\t\t\t\t<div class=\"elementor-widget-container\">\n\t\t\t\t\t\t\t<h3>Gender Equality Plan<\/h3><p><br \/><a href=\"https:\/\/www.ufe.cz\/wp-content\/uploads\/2025\/12\/2025-12-02-gender-equality-plan.pdf\">Current Gender Equality Plan (revision 2025\/12\/2)<\/a><\/p><p><a href=\"https:\/\/www.avcr.cz\/cs\/o-nas\/pravni-predpisy\/Eticky-kodex-vedeckovyzkumne-cinnosti-v-Akademii-ved-Ceske-republiky\/index.html\" target=\"_blank\" rel=\"noopener\">Code of Ethics<\/a> for Scientific and Research Activities in the Czech Academy of Sciences, and its annex <a href=\"https:\/\/www.ufe.cz\/wp-content\/uploads\/2024\/07\/2024-06-kodex-chovani-v-akademii-ved-cr.pdf\">Code of Conduct<\/a> in the CAS<\/p><p>\u00a0<\/p><p><strong>Archiv:<\/strong><\/p><p><a href=\"https:\/\/www.ufe.cz\/wp-content\/uploads\/2025\/12\/2024-03-13-gender-equality-plan.pdf\">Gender Equality Plan \u00daFE, revision 2024\/3\/13<\/a><\/p><p><a href=\"https:\/\/www.ufe.cz\/wp-content\/uploads\/2025\/12\/2023-10-04-gender-equality-plan.pdf\">Gender Equality Plan \u00daFE, revision 2023\/10\/4<\/a><\/p><p><a href=\"https:\/\/www.ufe.cz\/wp-content\/uploads\/2025\/12\/2021-12-29-gender-equality-plan.pdf\">Gender Equality Plan \u00daFE, revision 2021\/12\/29<\/a><\/p><p><a href=\"https:\/\/www.ufe.cz\/wp-content\/uploads\/2025\/12\/2021-11-22-gender-equality-plan.pdf\">Gender Equality Plan \u00daFE, revision 2021\/11\/22<\/a><\/p><p><a href=\"https:\/\/www.ufe.cz\/wp-content\/uploads\/2025\/12\/2021-10-11-gender-equality-plan.pdf\">Gender Equality Plan \u00daFE, 2021\/10\/11\u00a0<\/a><\/p>\t\t\t\t\t\t<\/div>\n\t\t\t\t<\/div>\n\t\t\t\t\t<\/div>\n\t\t<\/div>\n\t\t\t\t\t<\/div>\n\t\t<\/section>\n\t\t\t\t<\/div>\n\t\t","protected":false},"excerpt":{"rendered":"<p>Annual reports (in Czech only) 2024 Annual report 2024 2023 Annual report 2023 2022 Annual report 2022 2021 Annual report 2021 2020 Annual report 2020 2019 Annual report 2019 2018 Annual report 2018 2017 Annual report 2017 2016 Annual report 2016 2015 Annual report 2015 2014 Annual report 2014 2013 Annual report 2013 2012 Annual [&hellip;]<\/p>\n","protected":false},"author":6,"featured_media":0,"parent":14998,"menu_order":0,"comment_status":"closed","ping_status":"closed","template":"","meta":{"_acf_changed":false,"footnotes":""},"acf":[],"_links":{"self":[{"href":"https:\/\/www.ufe.cz\/en\/wp-json\/wp\/v2\/pages\/15136"}],"collection":[{"href":"https:\/\/www.ufe.cz\/en\/wp-json\/wp\/v2\/pages"}],"about":[{"href":"https:\/\/www.ufe.cz\/en\/wp-json\/wp\/v2\/types\/page"}],"author":[{"embeddable":true,"href":"https:\/\/www.ufe.cz\/en\/wp-json\/wp\/v2\/users\/6"}],"replies":[{"embeddable":true,"href":"https:\/\/www.ufe.cz\/en\/wp-json\/wp\/v2\/comments?post=15136"}],"version-history":[{"count":0,"href":"https:\/\/www.ufe.cz\/en\/wp-json\/wp\/v2\/pages\/15136\/revisions"}],"up":[{"embeddable":true,"href":"https:\/\/www.ufe.cz\/en\/wp-json\/wp\/v2\/pages\/14998"}],"wp:attachment":[{"href":"https:\/\/www.ufe.cz\/en\/wp-json\/wp\/v2\/media?parent=15136"}],"curies":[{"name":"wp","href":"https:\/\/api.w.org\/{rel}","templated":true}]}}