{"id":15227,"date":"2024-06-13T14:16:07","date_gmt":"2024-06-13T12:16:07","guid":{"rendered":"https:\/\/www.ufe.cz\/research\/bioelectrodynamics-about-team\/patenty\/"},"modified":"2025-05-28T10:31:20","modified_gmt":"2025-05-28T08:31:20","slug":"patents","status":"publish","type":"page","link":"https:\/\/www.ufe.cz\/en\/research\/bioelectrodynamics\/patents\/","title":{"rendered":"Bioelectrodynamics: Patents"},"content":{"rendered":"\t\t<div data-elementor-type=\"wp-page\" data-elementor-id=\"15227\" class=\"elementor elementor-15227 elementor-9564\" data-elementor-post-type=\"page\">\n\t\t\t\t\t\t<section class=\"elementor-section elementor-top-section elementor-element elementor-element-dcaaf50 elementor-section-boxed elementor-section-height-default elementor-section-height-default\" data-id=\"dcaaf50\" data-element_type=\"section\">\n\t\t\t\t\t\t<div class=\"elementor-container elementor-column-gap-default\">\n\t\t\t\t\t<div class=\"elementor-column elementor-col-100 elementor-top-column elementor-element elementor-element-e9e6052\" data-id=\"e9e6052\" data-element_type=\"column\">\n\t\t\t<div class=\"elementor-widget-wrap elementor-element-populated\">\n\t\t\t\t\t\t<div class=\"elementor-element elementor-element-09a7287 elementor-widget elementor-widget-template\" data-id=\"09a7287\" data-element_type=\"widget\" data-widget_type=\"template.default\">\n\t\t\t\t<div class=\"elementor-widget-container\">\n\t\t\t\t\t<div class=\"elementor-template\">\n\t\t\t\t\t<div data-elementor-type=\"section\" data-elementor-id=\"9622\" class=\"elementor elementor-9622\" data-elementor-post-type=\"elementor_library\">\n\t\t\t\t\t<section class=\"elementor-section elementor-top-section elementor-element elementor-element-2221a729 elementor-section-boxed elementor-section-height-default elementor-section-height-default\" data-id=\"2221a729\" data-element_type=\"section\">\n\t\t\t\t\t\t<div class=\"elementor-container elementor-column-gap-default\">\n\t\t\t\t\t<div class=\"elementor-column elementor-col-100 elementor-top-column elementor-element elementor-element-4d504260\" data-id=\"4d504260\" data-element_type=\"column\">\n\t\t\t<div class=\"elementor-widget-wrap elementor-element-populated\">\n\t\t\t\t\t\t<div class=\"elementor-element elementor-element-5ce19ce0 nadpis-publikace elementor-widget-divider--view-line elementor-widget elementor-widget-divider\" data-id=\"5ce19ce0\" data-element_type=\"widget\" data-widget_type=\"divider.default\">\n\t\t\t\t<div class=\"elementor-widget-container\">\n\t\t\t\t\t<div class=\"elementor-divider\">\n\t\t\t<span class=\"elementor-divider-separator\">\n\t\t\t\t\t\t<\/span>\n\t\t<\/div>\n\t\t\t\t<\/div>\n\t\t\t\t<\/div>\n\t\t\t\t<div class=\"elementor-element elementor-element-62341942 elementor-nav-menu__align-start elementor-widget-tablet__width-auto elementor-widget__width-auto elementor-nav-menu--dropdown-none elementor-widget elementor-widget-nav-menu\" data-id=\"62341942\" data-element_type=\"widget\" data-settings=\"{&quot;layout&quot;:&quot;horizontal&quot;,&quot;submenu_icon&quot;:{&quot;value&quot;:&quot;&lt;i class=\\&quot;fas fa-caret-down\\&quot;&gt;&lt;\\\/i&gt;&quot;,&quot;library&quot;:&quot;fa-solid&quot;}}\" data-widget_type=\"nav-menu.default\">\n\t\t\t\t<div class=\"elementor-widget-container\">\n\t\t\t\t\t\t<nav class=\"elementor-nav-menu--main elementor-nav-menu__container elementor-nav-menu--layout-horizontal e--pointer-overline e--animation-drop-in\">\n\t\t\t\t<ul id=\"menu-1-62341942\" class=\"elementor-nav-menu\"><li class=\"menu-item menu-item-type-post_type menu-item-object-page menu-item-16059\"><a href=\"https:\/\/www.ufe.cz\/en\/research\/bioelectrodynamics\/\" class=\"elementor-item\">About Team<\/a><\/li>\n<li class=\"menu-item menu-item-type-post_type menu-item-object-page menu-item-15537\"><a href=\"https:\/\/www.ufe.cz\/en\/research\/bioelectrodynamics\/bioelectrodynamics-team-members\/\" class=\"elementor-item\">Team members<\/a><\/li>\n<li class=\"menu-item menu-item-type-post_type menu-item-object-page menu-item-15538\"><a href=\"https:\/\/www.ufe.cz\/en\/research\/bioelectrodynamics\/grant-projects\/\" class=\"elementor-item\">Grant projects<\/a><\/li>\n<li class=\"menu-item menu-item-type-post_type menu-item-object-page menu-item-15577\"><a href=\"https:\/\/www.ufe.cz\/en\/research\/bioelectrodynamics\/publications\/\" class=\"elementor-item\">Publications<\/a><\/li>\n<li class=\"menu-item menu-item-type-post_type menu-item-object-page menu-item-15540\"><a href=\"https:\/\/www.ufe.cz\/en\/research\/bioelectrodynamics\/patents\/\" class=\"elementor-item\">Patents<\/a><\/li>\n<li class=\"menu-item menu-item-type-post_type menu-item-object-page menu-item-15539\"><a href=\"https:\/\/www.ufe.cz\/en\/research\/bioelectrodynamics\/collaboration\/\" class=\"elementor-item\">Collaboration<\/a><\/li>\n<li class=\"menu-item menu-item-type-post_type menu-item-object-page menu-item-15541\"><a href=\"https:\/\/www.ufe.cz\/en\/research\/bioelectrodynamics\/laboratories\/\" class=\"elementor-item\">Laboratories<\/a><\/li>\n<\/ul>\t\t\t<\/nav>\n\t\t\t\t\t\t<nav class=\"elementor-nav-menu--dropdown elementor-nav-menu__container\" aria-hidden=\"true\">\n\t\t\t\t<ul id=\"menu-2-62341942\" class=\"elementor-nav-menu\"><li class=\"menu-item menu-item-type-post_type menu-item-object-page menu-item-16059\"><a href=\"https:\/\/www.ufe.cz\/en\/research\/bioelectrodynamics\/\" class=\"elementor-item\" tabindex=\"-1\">About Team<\/a><\/li>\n<li class=\"menu-item menu-item-type-post_type menu-item-object-page menu-item-15537\"><a href=\"https:\/\/www.ufe.cz\/en\/research\/bioelectrodynamics\/bioelectrodynamics-team-members\/\" class=\"elementor-item\" tabindex=\"-1\">Team members<\/a><\/li>\n<li class=\"menu-item menu-item-type-post_type menu-item-object-page menu-item-15538\"><a href=\"https:\/\/www.ufe.cz\/en\/research\/bioelectrodynamics\/grant-projects\/\" class=\"elementor-item\" tabindex=\"-1\">Grant projects<\/a><\/li>\n<li class=\"menu-item menu-item-type-post_type menu-item-object-page menu-item-15577\"><a href=\"https:\/\/www.ufe.cz\/en\/research\/bioelectrodynamics\/publications\/\" class=\"elementor-item\" tabindex=\"-1\">Publications<\/a><\/li>\n<li class=\"menu-item menu-item-type-post_type menu-item-object-page menu-item-15540\"><a href=\"https:\/\/www.ufe.cz\/en\/research\/bioelectrodynamics\/patents\/\" class=\"elementor-item\" tabindex=\"-1\">Patents<\/a><\/li>\n<li class=\"menu-item menu-item-type-post_type menu-item-object-page menu-item-15539\"><a href=\"https:\/\/www.ufe.cz\/en\/research\/bioelectrodynamics\/collaboration\/\" class=\"elementor-item\" tabindex=\"-1\">Collaboration<\/a><\/li>\n<li class=\"menu-item menu-item-type-post_type menu-item-object-page menu-item-15541\"><a href=\"https:\/\/www.ufe.cz\/en\/research\/bioelectrodynamics\/laboratories\/\" class=\"elementor-item\" tabindex=\"-1\">Laboratories<\/a><\/li>\n<\/ul>\t\t\t<\/nav>\n\t\t\t\t<\/div>\n\t\t\t\t<\/div>\n\t\t\t\t<div class=\"elementor-element elementor-element-659121b7 nadpis-publikace elementor-widget-divider--view-line elementor-widget elementor-widget-divider\" data-id=\"659121b7\" data-element_type=\"widget\" data-widget_type=\"divider.default\">\n\t\t\t\t<div class=\"elementor-widget-container\">\n\t\t\t\t\t<div class=\"elementor-divider\">\n\t\t\t<span class=\"elementor-divider-separator\">\n\t\t\t\t\t\t<\/span>\n\t\t<\/div>\n\t\t\t\t<\/div>\n\t\t\t\t<\/div>\n\t\t\t\t\t<\/div>\n\t\t<\/div>\n\t\t\t\t\t<\/div>\n\t\t<\/section>\n\t\t\t\t<\/div>\n\t\t\t\t<\/div>\n\t\t\t\t<\/div>\n\t\t\t\t<\/div>\n\t\t\t\t\t<\/div>\n\t\t<\/div>\n\t\t\t\t\t<\/div>\n\t\t<\/section>\n\t\t<div class=\"elementor-element elementor-element-c27516f e-flex e-con-boxed e-con e-parent\" data-id=\"c27516f\" data-element_type=\"container\">\n\t\t\t\t\t<div class=\"e-con-inner\">\n\t\t\t\t<div class=\"elementor-element elementor-element-d9480fd elementor-widget elementor-widget-text-editor\" data-id=\"d9480fd\" data-element_type=\"widget\" data-widget_type=\"text-editor.default\">\n\t\t\t\t<div class=\"elementor-widget-container\">\n\t\t\t\t\t\t\t<h3><span data-olk-copy-source=\"MessageBody\">Czech patents<\/span><\/h3><ol><li>M. Cifra, P. K\u016frka, D. Havelka, J. Havl\u00ed\u010dek. <strong>A method to determine complex permittivity<\/strong>. Czech Republic, Patent no. 309946, 9.6.2022.<\/li><\/ol>\t\t\t\t\t\t<\/div>\n\t\t\t\t<\/div>\n\t\t\t\t\t<\/div>\n\t\t\t\t<\/div>\n\t\t\t\t<\/div>\n\t\t","protected":false},"excerpt":{"rendered":"<p>Czech patents M. Cifra, P. K\u016frka, D. Havelka, J. Havl\u00ed\u010dek. A method to determine complex permittivity. Czech Republic, Patent no. 309946, 9.6.2022.<\/p>\n","protected":false},"author":1,"featured_media":0,"parent":14628,"menu_order":28,"comment_status":"closed","ping_status":"closed","template":"","meta":{"_acf_changed":false,"footnotes":""},"acf":[],"_links":{"self":[{"href":"https:\/\/www.ufe.cz\/en\/wp-json\/wp\/v2\/pages\/15227"}],"collection":[{"href":"https:\/\/www.ufe.cz\/en\/wp-json\/wp\/v2\/pages"}],"about":[{"href":"https:\/\/www.ufe.cz\/en\/wp-json\/wp\/v2\/types\/page"}],"author":[{"embeddable":true,"href":"https:\/\/www.ufe.cz\/en\/wp-json\/wp\/v2\/users\/1"}],"replies":[{"embeddable":true,"href":"https:\/\/www.ufe.cz\/en\/wp-json\/wp\/v2\/comments?post=15227"}],"version-history":[{"count":0,"href":"https:\/\/www.ufe.cz\/en\/wp-json\/wp\/v2\/pages\/15227\/revisions"}],"up":[{"embeddable":true,"href":"https:\/\/www.ufe.cz\/en\/wp-json\/wp\/v2\/pages\/14628"}],"wp:attachment":[{"href":"https:\/\/www.ufe.cz\/en\/wp-json\/wp\/v2\/media?parent=15227"}],"curies":[{"name":"wp","href":"https:\/\/api.w.org\/{rel}","templated":true}]}}