{"id":15280,"date":"2024-06-13T14:15:20","date_gmt":"2024-06-13T12:15:20","guid":{"rendered":"https:\/\/www.ufe.cz\/research\/laboratory-of-the-national-time-and-frequency-standard-about-team\/publikace\/"},"modified":"2024-10-09T10:07:33","modified_gmt":"2024-10-09T08:07:33","slug":"publications","status":"publish","type":"page","link":"https:\/\/www.ufe.cz\/en\/research\/laboratory-of-the-national-time-and-frequency-standard\/publications\/","title":{"rendered":"Laboratory of the National Time and Frequency Standard: Publications"},"content":{"rendered":"\t\t<div data-elementor-type=\"wp-page\" data-elementor-id=\"15280\" class=\"elementor elementor-15280 elementor-9548\" data-elementor-post-type=\"page\">\n\t\t\t\t\t\t<section class=\"elementor-section elementor-top-section elementor-element elementor-element-aa7662f elementor-section-boxed elementor-section-height-default elementor-section-height-default\" data-id=\"aa7662f\" data-element_type=\"section\">\n\t\t\t\t\t\t<div class=\"elementor-container elementor-column-gap-default\">\n\t\t\t\t\t<div class=\"elementor-column elementor-col-100 elementor-top-column elementor-element elementor-element-0d2c16b\" data-id=\"0d2c16b\" data-element_type=\"column\">\n\t\t\t<div class=\"elementor-widget-wrap elementor-element-populated\">\n\t\t\t\t\t\t<div class=\"elementor-element elementor-element-2e3b9d1 elementor-widget elementor-widget-template\" data-id=\"2e3b9d1\" data-element_type=\"widget\" data-widget_type=\"template.default\">\n\t\t\t\t<div class=\"elementor-widget-container\">\n\t\t\t\t\t<div class=\"elementor-template\">\n\t\t\t\t\t<div data-elementor-type=\"section\" data-elementor-id=\"9624\" class=\"elementor elementor-9624\" data-elementor-post-type=\"elementor_library\">\n\t\t\t\t\t<section class=\"elementor-section elementor-top-section elementor-element elementor-element-2221a729 elementor-section-boxed elementor-section-height-default elementor-section-height-default\" data-id=\"2221a729\" data-element_type=\"section\">\n\t\t\t\t\t\t<div class=\"elementor-container elementor-column-gap-default\">\n\t\t\t\t\t<div class=\"elementor-column elementor-col-100 elementor-top-column elementor-element elementor-element-4d504260\" data-id=\"4d504260\" data-element_type=\"column\">\n\t\t\t<div class=\"elementor-widget-wrap elementor-element-populated\">\n\t\t\t\t\t\t<div class=\"elementor-element elementor-element-5ce19ce0 nadpis-publikace elementor-widget-divider--view-line elementor-widget elementor-widget-divider\" data-id=\"5ce19ce0\" data-element_type=\"widget\" data-widget_type=\"divider.default\">\n\t\t\t\t<div class=\"elementor-widget-container\">\n\t\t\t\t\t<div class=\"elementor-divider\">\n\t\t\t<span class=\"elementor-divider-separator\">\n\t\t\t\t\t\t<\/span>\n\t\t<\/div>\n\t\t\t\t<\/div>\n\t\t\t\t<\/div>\n\t\t\t\t<div class=\"elementor-element elementor-element-62341942 elementor-nav-menu__align-start elementor-widget-tablet__width-auto elementor-widget__width-auto elementor-nav-menu--dropdown-none elementor-widget elementor-widget-nav-menu\" data-id=\"62341942\" data-element_type=\"widget\" data-settings=\"{&quot;layout&quot;:&quot;horizontal&quot;,&quot;submenu_icon&quot;:{&quot;value&quot;:&quot;&lt;i class=\\&quot;fas fa-caret-down\\&quot;&gt;&lt;\\\/i&gt;&quot;,&quot;library&quot;:&quot;fa-solid&quot;}}\" data-widget_type=\"nav-menu.default\">\n\t\t\t\t<div class=\"elementor-widget-container\">\n\t\t\t\t\t\t<nav class=\"elementor-nav-menu--main elementor-nav-menu__container elementor-nav-menu--layout-horizontal e--pointer-overline e--animation-drop-in\">\n\t\t\t\t<ul id=\"menu-1-62341942\" class=\"elementor-nav-menu\"><li class=\"menu-item menu-item-type-post_type menu-item-object-page menu-item-16057\"><a href=\"https:\/\/www.ufe.cz\/en\/research\/laboratory-of-the-national-time-and-frequency-standard\/\" class=\"elementor-item\">About team<\/a><\/li>\n<li class=\"menu-item menu-item-type-post_type menu-item-object-page menu-item-15584\"><a href=\"https:\/\/www.ufe.cz\/en\/research\/laboratory-of-the-national-time-and-frequency-standard\/team-members\/\" class=\"elementor-item\">Team members<\/a><\/li>\n<li class=\"menu-item menu-item-type-post_type menu-item-object-page menu-item-15585\"><a href=\"https:\/\/www.ufe.cz\/en\/research\/laboratory-of-the-national-time-and-frequency-standard\/grant-projects\/\" class=\"elementor-item\">Grant projects<\/a><\/li>\n<li class=\"menu-item menu-item-type-post_type menu-item-object-page menu-item-15586\"><a href=\"https:\/\/www.ufe.cz\/en\/research\/laboratory-of-the-national-time-and-frequency-standard\/publications\/\" class=\"elementor-item\">Publications<\/a><\/li>\n<li class=\"menu-item menu-item-type-post_type menu-item-object-page menu-item-15587\"><a href=\"https:\/\/www.ufe.cz\/en\/research\/laboratory-of-the-national-time-and-frequency-standard\/patents\/\" class=\"elementor-item\">Patents<\/a><\/li>\n<li class=\"menu-item menu-item-type-post_type menu-item-object-page menu-item-15588\"><a href=\"https:\/\/www.ufe.cz\/en\/research\/laboratory-of-the-national-time-and-frequency-standard\/collaboration\/\" class=\"elementor-item\">Collaboration<\/a><\/li>\n<li class=\"menu-item menu-item-type-post_type menu-item-object-page menu-item-15590\"><a href=\"https:\/\/www.ufe.cz\/en\/research\/laboratory-of-the-national-time-and-frequency-standard\/laboratories\/\" class=\"elementor-item\">Laboratories<\/a><\/li>\n<\/ul>\t\t\t<\/nav>\n\t\t\t\t\t\t<nav class=\"elementor-nav-menu--dropdown elementor-nav-menu__container\" aria-hidden=\"true\">\n\t\t\t\t<ul id=\"menu-2-62341942\" class=\"elementor-nav-menu\"><li class=\"menu-item menu-item-type-post_type menu-item-object-page menu-item-16057\"><a href=\"https:\/\/www.ufe.cz\/en\/research\/laboratory-of-the-national-time-and-frequency-standard\/\" class=\"elementor-item\" tabindex=\"-1\">About team<\/a><\/li>\n<li class=\"menu-item menu-item-type-post_type menu-item-object-page menu-item-15584\"><a href=\"https:\/\/www.ufe.cz\/en\/research\/laboratory-of-the-national-time-and-frequency-standard\/team-members\/\" class=\"elementor-item\" tabindex=\"-1\">Team members<\/a><\/li>\n<li class=\"menu-item menu-item-type-post_type menu-item-object-page menu-item-15585\"><a href=\"https:\/\/www.ufe.cz\/en\/research\/laboratory-of-the-national-time-and-frequency-standard\/grant-projects\/\" class=\"elementor-item\" tabindex=\"-1\">Grant projects<\/a><\/li>\n<li class=\"menu-item menu-item-type-post_type menu-item-object-page menu-item-15586\"><a href=\"https:\/\/www.ufe.cz\/en\/research\/laboratory-of-the-national-time-and-frequency-standard\/publications\/\" class=\"elementor-item\" tabindex=\"-1\">Publications<\/a><\/li>\n<li class=\"menu-item menu-item-type-post_type menu-item-object-page menu-item-15587\"><a href=\"https:\/\/www.ufe.cz\/en\/research\/laboratory-of-the-national-time-and-frequency-standard\/patents\/\" class=\"elementor-item\" tabindex=\"-1\">Patents<\/a><\/li>\n<li class=\"menu-item menu-item-type-post_type menu-item-object-page menu-item-15588\"><a href=\"https:\/\/www.ufe.cz\/en\/research\/laboratory-of-the-national-time-and-frequency-standard\/collaboration\/\" class=\"elementor-item\" tabindex=\"-1\">Collaboration<\/a><\/li>\n<li class=\"menu-item menu-item-type-post_type menu-item-object-page menu-item-15590\"><a href=\"https:\/\/www.ufe.cz\/en\/research\/laboratory-of-the-national-time-and-frequency-standard\/laboratories\/\" class=\"elementor-item\" tabindex=\"-1\">Laboratories<\/a><\/li>\n<\/ul>\t\t\t<\/nav>\n\t\t\t\t<\/div>\n\t\t\t\t<\/div>\n\t\t\t\t<div class=\"elementor-element elementor-element-659121b7 nadpis-publikace elementor-widget-divider--view-line elementor-widget elementor-widget-divider\" data-id=\"659121b7\" data-element_type=\"widget\" data-widget_type=\"divider.default\">\n\t\t\t\t<div class=\"elementor-widget-container\">\n\t\t\t\t\t<div class=\"elementor-divider\">\n\t\t\t<span class=\"elementor-divider-separator\">\n\t\t\t\t\t\t<\/span>\n\t\t<\/div>\n\t\t\t\t<\/div>\n\t\t\t\t<\/div>\n\t\t\t\t\t<\/div>\n\t\t<\/div>\n\t\t\t\t\t<\/div>\n\t\t<\/section>\n\t\t\t\t<\/div>\n\t\t\t\t<\/div>\n\t\t\t\t<\/div>\n\t\t\t\t<\/div>\n\t\t\t\t\t<\/div>\n\t\t<\/div>\n\t\t\t\t\t<\/div>\n\t\t<\/section>\n\t\t\t\t<section class=\"elementor-section elementor-top-section elementor-element elementor-element-a644423 elementor-section-boxed elementor-section-height-default elementor-section-height-default\" data-id=\"a644423\" data-element_type=\"section\">\n\t\t\t\t\t\t<div class=\"elementor-container elementor-column-gap-default\">\n\t\t\t\t\t<div class=\"elementor-column elementor-col-100 elementor-top-column elementor-element elementor-element-9a0bf08\" data-id=\"9a0bf08\" data-element_type=\"column\">\n\t\t\t<div class=\"elementor-widget-wrap elementor-element-populated\">\n\t\t\t\t\t\t<div class=\"elementor-element elementor-element-69f4bfb elementor-widget elementor-widget-shortcode\" data-id=\"69f4bfb\" data-element_type=\"widget\" data-widget_type=\"shortcode.default\">\n\t\t\t\t<div class=\"elementor-widget-container\">\n\t\t\t<h3>Publications 2026<\/h3><div class=\"publikace-nopost-in-year\">We have no records for this year.<\/div><h3>Publications 2025<\/h3><div class=\"publikace-nopost-in-year\">We have no records for this year.<\/div><h3>Publications 2024<\/h3><div class=\"publikace-nopost-in-year\">We have no records for this year.<\/div><h3>Publications 2023<\/h3><div class=\"publikace-nopost-in-year\">We have no records for this year.<\/div><h3>Publications 2022<\/h3><div class=\"publikace-nopost-in-year\">We have no records for this year.<\/div><h3>Publications 2021<\/h3><div class=\"publikace-nopost-in-year\">We have no records for this year.<\/div><h3>Publications 2020<\/h3><div class=\"publikace-nopost-in-year\">We have no records for this year.<\/div><h3>Publications 2019<\/h3><div class=\"publikace-nopost-in-year\">We have no records for this year.<\/div><h3>Publications 2018<\/h3><div class=th-publikacecontainer><div class=\"th-publikaceitem\">\n\t\t\t        \t<span class=\"publikace-autor\">V. Jen\u00edk, P. Hudec and <b>P. P\u00e1nek<\/b>, <\/span>\n\t\t\t       \t  <span class=\"publikate-title\">\"Extended Noise Analysis Model of CW-type Radar Sensors with IQ Down-Conversion\", <\/span>\n\t\t\t       \t  <span class=\"publikace-casopis\">Radioengineering.<\/span>\n\t\t\t       \t  <span class=\"publikace-vydani\">27(2), <\/span>\n\t\t\t       \t  <span class=\"publikace-strana\">620-629 <\/span><span class=\"publikace-rocnik\">(2018) <\/span><span class=\"publikace-doi\">doi:<a href=\"https:\/\/doi.org\/10.13164\/re.2018.0620\" target=\"_blank\" rel=\"noopener\">10.13164\/re.2018.0620<\/a><\/span><\/div><\/div><h3>Publications 2017<\/h3><div class=th-publikacecontainer><div class=\"th-publikaceitem\">\n\t\t\t        \t<span class=\"publikace-autor\">P. Hudec, <b>P. P\u00e1nek<\/b> and V. Jen\u00edk, <\/span>\n\t\t\t       \t  <span class=\"publikate-title\">\"Multimode Adaptable Microwave Radar Sensor Based on Leaky-Wave Antennas\", <\/span>\n\t\t\t       \t  <span class=\"publikace-casopis\">IEEE Transactions on Microwave Theory and Techniques.<\/span>\n\t\t\t       \t  <span class=\"publikace-vydani\">65(9), <\/span>\n\t\t\t       \t  <span class=\"publikace-strana\">3464-3473 <\/span><span class=\"publikace-rocnik\">(2017) <\/span><span class=\"publikace-doi\">doi:<a href=\"https:\/\/doi.org\/10.1109\/TMTT.2017.2653104\" target=\"_blank\" rel=\"noopener\">10.1109\/TMTT.2017.2653104<\/a><\/span><\/div><\/div><h3>Publications 2016<\/h3><div class=\"publikace-nopost-in-year\">We have no records for this year.<\/div><h3>Publications 2015<\/h3><div class=th-publikacecontainer><div class=\"th-publikaceitem\">\n\t\t\t        \t<span class=\"publikace-autor\">J. Kodet, <b>P. P\u00e1nek<\/b> and I. Proch\u00e1zka, <\/span>\n\t\t\t       \t  <span class=\"publikate-title\">\"Two-way time transfer via optical fiber providing subpicosecond precision and high temperature stability\", <\/span>\n\t\t\t       \t  <span class=\"publikace-casopis\">Metrologia.<\/span>\n\t\t\t       \t  <span class=\"publikace-vydani\">53(1), <\/span>\n\t\t\t       \t  <span class=\"publikace-strana\">18-26 <\/span><span class=\"publikace-rocnik\">(2015) <\/span><span class=\"publikace-doi\">doi:<a href=\"https:\/\/doi.org\/10.1088\/0026-1394\/53\/1\/18\" target=\"_blank\" rel=\"noopener\">10.1088\/0026-1394\/53\/1\/18<\/a><\/span><\/div><\/div><h3>Publications 2014<\/h3><div class=th-publikacecontainer><div class=\"th-publikaceitem\">\n\t\t\t        \t<span class=\"publikace-autor\">I. Prochazka, <b>P. P\u00e1nek<\/b> and J. Kodet, <\/span>\n\t\t\t       \t  <span class=\"publikate-title\">\"Note: Precise phase and frequency comparator based on direct phase-time measurements\", <\/span>\n\t\t\t       \t  <span class=\"publikace-casopis\">Review of Scientific Instruments.<\/span>\n\t\t\t       \t  <span class=\"publikace-vydani\">85(12), <\/span>\n\t\t\t       \t  <span class=\"publikace-strana\">126110 <\/span><span class=\"publikace-rocnik\">(2014) <\/span><span class=\"publikace-doi\">doi:<a href=\"https:\/\/doi.org\/10.1063\/1.4904735\" target=\"_blank\" rel=\"noopener\">10.1063\/1.4904735<\/a><\/span><\/div><\/div><h3>Publications 2013<\/h3><div class=th-publikacecontainer><div class=\"th-publikaceitem\">\n\t\t\t        \t<span class=\"publikace-autor\"><b>P. P\u00e1nek<\/b>, J. Kodet and I. Proch\u00e1zka, <\/span>\n\t\t\t       \t  <span class=\"publikate-title\">\"Accuracy of two-way time transfer via a single coaxial cable\", <\/span>\n\t\t\t       \t  <span class=\"publikace-casopis\">Metrologia.<\/span>\n\t\t\t       \t  <span class=\"publikace-vydani\">50(1), <\/span>\n\t\t\t       \t  <span class=\"publikace-strana\">60-65 <\/span><span class=\"publikace-rocnik\">(2013) <\/span><span class=\"publikace-doi\">doi:<a href=\"https:\/\/doi.org\/10.1088\/0026-1394\/50\/1\/60\" target=\"_blank\" rel=\"noopener\">10.1088\/0026-1394\/50\/1\/60<\/a><\/span><\/div><\/div><h3>Publications 2012<\/h3><div class=th-publikacecontainer><div class=\"th-publikaceitem\">\n\t\t\t        \t<span class=\"publikace-autor\">V. Jen\u00edk, P. Hudec and <b>P. P\u00e1nek<\/b>, <\/span>\n\t\t\t       \t  <span class=\"publikate-title\">\"Noise Parameters of CW Radar Sensors Used in Active Defense Systems\", <\/span>\n\t\t\t       \t  <span class=\"publikace-casopis\">Radioengineering.<\/span>\n\t\t\t       \t  <span class=\"publikace-vydani\">21(2), <\/span>\n\t\t\t       \t  <span class=\"publikace-strana\">632-639 <\/span><span class=\"publikace-rocnik\">(2012) <\/span><\/div><div class=\"th-publikaceitem\">\n\t\t\t        \t<span class=\"publikace-autor\"><b>P. P\u00e1nek<\/b> and <a href=https:\/\/www.ufe.cz\/en\/z\/Alexander-Kuna\/>A. Kuna<\/a>, <\/span>\n\t\t\t       \t  <span class=\"publikate-title\">\"Porovn\u00e1v\u00e1n\u00ed vzd\u00e1len\u00fdch etalon\u016f \u010dasu a frekvence podle metodiky CGGTTS\", <\/span>\n\t\t\t       \t  <span class=\"publikace-casopis\">Metrologie.<\/span>\n\t\t\t       \t  <span class=\"publikace-vydani\">21(4), <\/span>\n\t\t\t       \t  <span class=\"publikace-strana\">30-32 <\/span><span class=\"publikace-rocnik\">(2012) <\/span><\/div><div class=\"th-publikaceitem\">\n\t\t\t        \t<span class=\"publikace-autor\">P. Salzenstein, N. Cholley, <a href=https:\/\/www.ufe.cz\/en\/z\/Alexander-Kuna\/>A. Kuna<\/a>, P. Abb\u00e9, F. Lardet-Vieudrin, L. \u0160ojdr and J. Chauvin, <\/span>\n\t\t\t       \t  <span class=\"publikate-title\">\"Distributed amplified ultra-stable signal quartz oscillator based\", <\/span>\n\t\t\t       \t  <span class=\"publikace-casopis\">Measurement.<\/span>\n\t\t\t       \t  <span class=\"publikace-vydani\">45(7), <\/span>\n\t\t\t       \t  <span class=\"publikace-strana\">1937-1939 <\/span><span class=\"publikace-rocnik\">(2012) <\/span><span class=\"publikace-doi\">doi:<a href=\"https:\/\/doi.org\/10.1016\/j.measurement.2012.03.035\" target=\"_blank\" rel=\"noopener\">10.1016\/j.measurement.2012.03.035<\/a><\/span><\/div><\/div><h3>Publications 2011<\/h3><div class=\"publikace-nopost-in-year\">We have no records for this year.<\/div><h3>Publications 2010<\/h3><div class=th-publikacecontainer><div class=\"th-publikaceitem\">\n\t\t\t        \t<span class=\"publikace-autor\"><a href=https:\/\/www.ufe.cz\/en\/z\/Alexander-Kuna\/>A. Kuna<\/a>, J. \u010cerm\u00e1k, L. \u0160ojdr, P. Salzenstein and F. Lefebvre, <\/span>\n\t\t\t       \t  <span class=\"publikate-title\">\"Lowest Flicker-Frequency Floor Measured on BVA Oscillators\", <\/span>\n\t\t\t       \t  <span class=\"publikace-casopis\">IEEE Transactions on Ultrasonics<\/span>\n\t\t\t       \t  <span class=\"publikace-vydani\">54(3), <\/span>\n\t\t\t       \t  <span class=\"publikace-strana\">548-551 <\/span><span class=\"publikace-rocnik\">(2010) <\/span><span class=\"publikace-doi\">doi:<a href=\"https:\/\/doi.org\/10.1109\/TUFFC.2010.1446\" target=\"_blank\" rel=\"noopener\">10.1109\/TUFFC.2010.1446<\/a><\/span><\/div><div class=\"th-publikaceitem\">\n\t\t\t        \t<span class=\"publikace-autor\">P. Salzenstein, <a href=https:\/\/www.ufe.cz\/en\/z\/Alexander-Kuna\/>A. Kuna<\/a>, L. \u0160ojdr and J. Chauvin, <\/span>\n\t\t\t       \t  <span class=\"publikate-title\">\"Significant step in ultra-high stability quartz crystal oscillators\", <\/span>\n\t\t\t       \t  <span class=\"publikace-casopis\">Electronics Letters.<\/span>\n\t\t\t       \t  <span class=\"publikace-vydani\">46(21), <\/span>\n\t\t\t       \t  <span class=\"publikace-strana\">1433-1434 <\/span><span class=\"publikace-rocnik\">(2010) <\/span><span class=\"publikace-doi\">doi:<a href=\"https:\/\/doi.org\/10.1049\/el.2010.1828\" target=\"_blank\" rel=\"noopener\">10.1049\/el.2010.1828<\/a><\/span><\/div><div class=\"th-publikaceitem\">\n\t\t\t        \t<span class=\"publikace-autor\">P. Salzenstein, <a href=https:\/\/www.ufe.cz\/en\/z\/Alexander-Kuna\/>A. Kuna<\/a>, L. \u0160ojdr, F. Sthal, N. Cholley and F. Lefebvre, <\/span>\n\t\t\t       \t  <span class=\"publikate-title\">\"Frequency stability measurements of ultrastable BVA resonators and oscillators\", <\/span>\n\t\t\t       \t  <span class=\"publikace-casopis\">Electronics Letters.<\/span>\n\t\t\t       \t  <span class=\"publikace-vydani\">46(10), <\/span>\n\t\t\t       \t  <span class=\"publikace-strana\">686-688 <\/span><span class=\"publikace-rocnik\">(2010) <\/span><span class=\"publikace-doi\">doi:<a href=\"https:\/\/doi.org\/10.1049\/el.2010.0941\" target=\"_blank\" rel=\"noopener\">10.1049\/el.2010.0941<\/a><\/span><\/div><\/div><h3>Publications 2009<\/h3><div class=\"publikace-nopost-in-year\">We have no records for this year.<\/div><h3>Publications 2008<\/h3><div class=\"publikace-nopost-in-year\">We have no records for this year.<\/div><h3>Publications 2007<\/h3><div class=th-publikacecontainer><div class=\"th-publikaceitem\">\n\t\t\t        \t<span class=\"publikace-autor\">J. \u010cerm\u00e1k, O. Buzek, <a href=https:\/\/www.ufe.cz\/en\/z\/Blanka-Cemusova\/>B. \u010cemusov\u00e1<\/a>, <a href=https:\/\/www.ufe.cz\/en\/z\/Alexander-Kuna\/>A. Kuna<\/a>, <b>P. P\u00e1nek<\/b> and L. \u0160ojdr, <\/span>\n\t\t\t       \t  <span class=\"publikate-title\">\"St\u00e1tn\u00ed etalon \u010dasu a frekvence \u010cR\", <\/span>\n\t\t\t       \t  <span class=\"publikace-casopis\">Metrologie.<\/span>\n\t\t\t       \t  <span class=\"publikace-vydani\">16(2), <\/span>\n\t\t\t       \t  <span class=\"publikace-strana\">45567 <\/span><span class=\"publikace-rocnik\">(2007) <\/span><\/div><\/div><h3>Publications 2006<\/h3><div class=\"publikace-nopost-in-year\">We have no records for this year.<\/div><h3>Publications 2005<\/h3><div class=\"publikace-nopost-in-year\">We have no records for this year.<\/div><h3>Publications 2004<\/h3><div class=\"publikace-nopost-in-year\">We have no records for this year.<\/div><h3>Publications 2003<\/h3><div class=\"publikace-nopost-in-year\">We have no records for this year.<\/div><h3>Publications 2002<\/h3><div class=th-publikacecontainer><div class=\"th-publikaceitem\">\n\t\t\t        \t<span class=\"publikace-autor\">J. \u010cerm\u00e1k and <a href=https:\/\/www.ufe.cz\/en\/z\/Blanka-Cemusova\/>B. \u010cemusov\u00e1<\/a>, <\/span>\n\t\t\t       \t  <span class=\"publikate-title\">\"Real-time approximation of the second by industrial cesium-beam frequency standards\", <\/span>\n\t\t\t       \t  <span class=\"publikace-casopis\">NOUSITZ Nuestro Instituto Tecnol\u00f3gico de Zacatepec.<\/span>\n\t\t\t       \t  <span class=\"publikace-vydani\">18(), <\/span>\n\t\t\t       \t  <span class=\"publikace-strana\">33-39 <\/span><span class=\"publikace-rocnik\">(2002) <\/span><\/div><\/div><h3>Publications 2001<\/h3><div class=\"publikace-nopost-in-year\">We have no records for this year.<\/div><h3>Publications 2000<\/h3><div class=\"publikace-nopost-in-year\">We have no records for this year.<\/div><h3>Publications 1999<\/h3><div class=th-publikacecontainer><div class=\"th-publikaceitem\">\n\t\t\t        \t<span class=\"publikace-autor\">O. Buzek and <a href=https:\/\/www.ufe.cz\/en\/z\/Blanka-Cemusova\/>B. \u010cemusov\u00e1<\/a>, <\/span>\n\t\t\t       \t  <span class=\"publikate-title\">\"Metrologick\u00e9 parametry etalonov\u00e9 frekvence sd\u011blovan\u00e9 dru\u017eicovou s\u00edt\u00ed digit\u00e1ln\u00ed televize\", <\/span>\n\t\t\t       \t  <span class=\"publikace-casopis\">Metrologie.<\/span>\n\t\t\t       \t  <span class=\"publikace-vydani\">8(3), <\/span>\n\t\t\t       \t  <span class=\"publikace-strana\">15-21 <\/span><span class=\"publikace-rocnik\">(1999) <\/span><\/div><\/div><h3>Publications 1998<\/h3><div class=\"publikace-nopost-in-year\">We have no records for this year.<\/div><h3>Publications 1997<\/h3><div class=\"publikace-nopost-in-year\">We have no records for this year.<\/div><h3>Publications 1996<\/h3><div class=\"publikace-nopost-in-year\">We have no records for this year.<\/div><h3>Publications 1995<\/h3><div class=\"publikace-nopost-in-year\">We have no records for this year.<\/div><h3>Publications 1994<\/h3><div class=\"publikace-nopost-in-year\">We have no records for this year.<\/div><h3>Publications 1993<\/h3><div class=\"publikace-nopost-in-year\">We have no records for this year.<\/div>\t\t<div class=\"elementor-shortcode\"><\/div>\n\t\t\t\t<\/div>\n\t\t\t\t<\/div>\n\t\t\t\t\t<\/div>\n\t\t<\/div>\n\t\t\t\t\t<\/div>\n\t\t<\/section>\n\t\t\t\t<\/div>\n\t\t","protected":false},"excerpt":{"rendered":"","protected":false},"author":1,"featured_media":0,"parent":15269,"menu_order":27,"comment_status":"closed","ping_status":"closed","template":"","meta":{"_acf_changed":false,"footnotes":""},"acf":[],"_links":{"self":[{"href":"https:\/\/www.ufe.cz\/en\/wp-json\/wp\/v2\/pages\/15280"}],"collection":[{"href":"https:\/\/www.ufe.cz\/en\/wp-json\/wp\/v2\/pages"}],"about":[{"href":"https:\/\/www.ufe.cz\/en\/wp-json\/wp\/v2\/types\/page"}],"author":[{"embeddable":true,"href":"https:\/\/www.ufe.cz\/en\/wp-json\/wp\/v2\/users\/1"}],"replies":[{"embeddable":true,"href":"https:\/\/www.ufe.cz\/en\/wp-json\/wp\/v2\/comments?post=15280"}],"version-history":[{"count":0,"href":"https:\/\/www.ufe.cz\/en\/wp-json\/wp\/v2\/pages\/15280\/revisions"}],"up":[{"embeddable":true,"href":"https:\/\/www.ufe.cz\/en\/wp-json\/wp\/v2\/pages\/15269"}],"wp:attachment":[{"href":"https:\/\/www.ufe.cz\/en\/wp-json\/wp\/v2\/media?parent=15280"}],"curies":[{"name":"wp","href":"https:\/\/api.w.org\/{rel}","templated":true}]}}