{"id":15325,"date":"2024-06-13T14:15:44","date_gmt":"2024-06-13T12:15:44","guid":{"rendered":"https:\/\/www.ufe.cz\/research\/nano-optika\/publikace\/"},"modified":"2024-10-09T10:05:08","modified_gmt":"2024-10-09T08:05:08","slug":"publications","status":"publish","type":"page","link":"https:\/\/www.ufe.cz\/en\/research\/nano-optics\/publications\/","title":{"rendered":"Nano Optics: Publications"},"content":{"rendered":"\t\t<div data-elementor-type=\"wp-page\" data-elementor-id=\"15325\" class=\"elementor elementor-15325 elementor-9555\" data-elementor-post-type=\"page\">\n\t\t\t\t\t\t<section class=\"elementor-section elementor-top-section elementor-element elementor-element-aa7662f elementor-section-boxed elementor-section-height-default elementor-section-height-default\" data-id=\"aa7662f\" data-element_type=\"section\">\n\t\t\t\t\t\t<div class=\"elementor-container elementor-column-gap-default\">\n\t\t\t\t\t<div class=\"elementor-column elementor-col-100 elementor-top-column elementor-element elementor-element-0d2c16b\" data-id=\"0d2c16b\" data-element_type=\"column\">\n\t\t\t<div class=\"elementor-widget-wrap elementor-element-populated\">\n\t\t\t\t\t\t<div class=\"elementor-element elementor-element-2e3b9d1 elementor-widget elementor-widget-template\" data-id=\"2e3b9d1\" data-element_type=\"widget\" data-widget_type=\"template.default\">\n\t\t\t\t<div class=\"elementor-widget-container\">\n\t\t\t\t\t<div class=\"elementor-template\">\n\t\t\t\t\t<div data-elementor-type=\"section\" data-elementor-id=\"9623\" class=\"elementor elementor-9623\" data-elementor-post-type=\"elementor_library\">\n\t\t\t\t\t<section class=\"elementor-section elementor-top-section elementor-element elementor-element-2221a729 elementor-section-boxed elementor-section-height-default elementor-section-height-default\" data-id=\"2221a729\" data-element_type=\"section\">\n\t\t\t\t\t\t<div class=\"elementor-container elementor-column-gap-default\">\n\t\t\t\t\t<div class=\"elementor-column elementor-col-100 elementor-top-column elementor-element elementor-element-4d504260\" data-id=\"4d504260\" data-element_type=\"column\">\n\t\t\t<div class=\"elementor-widget-wrap elementor-element-populated\">\n\t\t\t\t\t\t<div class=\"elementor-element elementor-element-5ce19ce0 nadpis-publikace elementor-widget-divider--view-line elementor-widget elementor-widget-divider\" data-id=\"5ce19ce0\" data-element_type=\"widget\" data-widget_type=\"divider.default\">\n\t\t\t\t<div class=\"elementor-widget-container\">\n\t\t\t\t\t<div class=\"elementor-divider\">\n\t\t\t<span class=\"elementor-divider-separator\">\n\t\t\t\t\t\t<\/span>\n\t\t<\/div>\n\t\t\t\t<\/div>\n\t\t\t\t<\/div>\n\t\t\t\t<div class=\"elementor-element elementor-element-62341942 elementor-nav-menu__align-start elementor-widget-tablet__width-auto elementor-widget__width-auto elementor-nav-menu--dropdown-none elementor-widget elementor-widget-nav-menu\" data-id=\"62341942\" data-element_type=\"widget\" data-settings=\"{&quot;layout&quot;:&quot;horizontal&quot;,&quot;submenu_icon&quot;:{&quot;value&quot;:&quot;&lt;i class=\\&quot;fas fa-caret-down\\&quot;&gt;&lt;\\\/i&gt;&quot;,&quot;library&quot;:&quot;fa-solid&quot;}}\" data-widget_type=\"nav-menu.default\">\n\t\t\t\t<div class=\"elementor-widget-container\">\n\t\t\t\t\t\t<nav class=\"elementor-nav-menu--main elementor-nav-menu__container elementor-nav-menu--layout-horizontal e--pointer-overline e--animation-drop-in\">\n\t\t\t\t<ul id=\"menu-1-62341942\" class=\"elementor-nav-menu\"><li class=\"menu-item menu-item-type-post_type menu-item-object-page menu-item-16058\"><a href=\"https:\/\/www.ufe.cz\/en\/research\/nano-optics\/\" class=\"elementor-item\">About Team<\/a><\/li>\n<li class=\"menu-item menu-item-type-post_type menu-item-object-page menu-item-15546\"><a href=\"https:\/\/www.ufe.cz\/en\/research\/nano-optics\/team-members\/\" class=\"elementor-item\">Team members<\/a><\/li>\n<li class=\"menu-item menu-item-type-post_type menu-item-object-page menu-item-15547\"><a href=\"https:\/\/www.ufe.cz\/en\/research\/nano-optics\/grant-projects\/\" class=\"elementor-item\">Grant projects<\/a><\/li>\n<li class=\"menu-item menu-item-type-post_type menu-item-object-page menu-item-15569\"><a href=\"https:\/\/www.ufe.cz\/en\/research\/nano-optics\/publications\/\" class=\"elementor-item\">Publications<\/a><\/li>\n<li class=\"menu-item menu-item-type-post_type menu-item-object-page menu-item-15548\"><a href=\"https:\/\/www.ufe.cz\/en\/research\/nano-optics\/patents\/\" class=\"elementor-item\">Patents<\/a><\/li>\n<li class=\"menu-item menu-item-type-post_type menu-item-object-page menu-item-15549\"><a href=\"https:\/\/www.ufe.cz\/en\/research\/nano-optics\/collaboration\/\" class=\"elementor-item\">Collaboration<\/a><\/li>\n<li class=\"menu-item menu-item-type-post_type menu-item-object-page menu-item-15551\"><a href=\"https:\/\/www.ufe.cz\/en\/research\/nano-optics\/laboratories\/\" class=\"elementor-item\">Laboratories<\/a><\/li>\n<\/ul>\t\t\t<\/nav>\n\t\t\t\t\t\t<nav class=\"elementor-nav-menu--dropdown elementor-nav-menu__container\" aria-hidden=\"true\">\n\t\t\t\t<ul id=\"menu-2-62341942\" class=\"elementor-nav-menu\"><li class=\"menu-item menu-item-type-post_type menu-item-object-page menu-item-16058\"><a href=\"https:\/\/www.ufe.cz\/en\/research\/nano-optics\/\" class=\"elementor-item\" tabindex=\"-1\">About Team<\/a><\/li>\n<li class=\"menu-item menu-item-type-post_type menu-item-object-page menu-item-15546\"><a href=\"https:\/\/www.ufe.cz\/en\/research\/nano-optics\/team-members\/\" class=\"elementor-item\" tabindex=\"-1\">Team members<\/a><\/li>\n<li class=\"menu-item menu-item-type-post_type menu-item-object-page menu-item-15547\"><a href=\"https:\/\/www.ufe.cz\/en\/research\/nano-optics\/grant-projects\/\" class=\"elementor-item\" tabindex=\"-1\">Grant projects<\/a><\/li>\n<li class=\"menu-item menu-item-type-post_type menu-item-object-page menu-item-15569\"><a href=\"https:\/\/www.ufe.cz\/en\/research\/nano-optics\/publications\/\" class=\"elementor-item\" tabindex=\"-1\">Publications<\/a><\/li>\n<li class=\"menu-item menu-item-type-post_type menu-item-object-page menu-item-15548\"><a href=\"https:\/\/www.ufe.cz\/en\/research\/nano-optics\/patents\/\" class=\"elementor-item\" tabindex=\"-1\">Patents<\/a><\/li>\n<li class=\"menu-item menu-item-type-post_type menu-item-object-page menu-item-15549\"><a href=\"https:\/\/www.ufe.cz\/en\/research\/nano-optics\/collaboration\/\" class=\"elementor-item\" tabindex=\"-1\">Collaboration<\/a><\/li>\n<li class=\"menu-item menu-item-type-post_type menu-item-object-page menu-item-15551\"><a href=\"https:\/\/www.ufe.cz\/en\/research\/nano-optics\/laboratories\/\" class=\"elementor-item\" tabindex=\"-1\">Laboratories<\/a><\/li>\n<\/ul>\t\t\t<\/nav>\n\t\t\t\t<\/div>\n\t\t\t\t<\/div>\n\t\t\t\t<div class=\"elementor-element elementor-element-659121b7 nadpis-publikace elementor-widget-divider--view-line elementor-widget elementor-widget-divider\" data-id=\"659121b7\" data-element_type=\"widget\" data-widget_type=\"divider.default\">\n\t\t\t\t<div class=\"elementor-widget-container\">\n\t\t\t\t\t<div class=\"elementor-divider\">\n\t\t\t<span class=\"elementor-divider-separator\">\n\t\t\t\t\t\t<\/span>\n\t\t<\/div>\n\t\t\t\t<\/div>\n\t\t\t\t<\/div>\n\t\t\t\t\t<\/div>\n\t\t<\/div>\n\t\t\t\t\t<\/div>\n\t\t<\/section>\n\t\t\t\t<\/div>\n\t\t\t\t<\/div>\n\t\t\t\t<\/div>\n\t\t\t\t<\/div>\n\t\t\t\t\t<\/div>\n\t\t<\/div>\n\t\t\t\t\t<\/div>\n\t\t<\/section>\n\t\t\t\t<section class=\"elementor-section elementor-top-section elementor-element elementor-element-a644423 elementor-section-boxed elementor-section-height-default elementor-section-height-default\" data-id=\"a644423\" data-element_type=\"section\">\n\t\t\t\t\t\t<div class=\"elementor-container elementor-column-gap-default\">\n\t\t\t\t\t<div class=\"elementor-column elementor-col-100 elementor-top-column elementor-element elementor-element-9a0bf08\" data-id=\"9a0bf08\" data-element_type=\"column\">\n\t\t\t<div class=\"elementor-widget-wrap elementor-element-populated\">\n\t\t\t\t\t\t<div class=\"elementor-element elementor-element-69f4bfb elementor-widget elementor-widget-shortcode\" data-id=\"69f4bfb\" data-element_type=\"widget\" data-widget_type=\"shortcode.default\">\n\t\t\t\t<div class=\"elementor-widget-container\">\n\t\t\t<h3>Publications 2026<\/h3><div class=\"publikace-nopost-in-year\">We have no records for this year.<\/div><h3>Publications 2025<\/h3><div class=th-publikacecontainer><div class=\"th-publikaceitem\">\n\t\t\t        \t<span class=\"publikace-autor\">T. Roesel, A. Dahlin, <a href=\"https:\/\/www.ufe.cz\/en\/z\/marek-piliarik\">M. Piliarik<\/a>, <a href=\"https:\/\/www.ufe.cz\/en\/z\/laurence-fitzpatrick\">L. W. Fitzpatrick<\/a>, B. \u0160pa\u010dkov\u00e1, <\/span>\n\t\t\t       \t  <span class=\"publikate-title\">\"Label-free single-molecule optical detection\", <\/span>\n\t\t\t       \t  <span class=\"publikace-casopis\">npj Biosensing<\/span>\n\t\t\t       \t  <span class=\"publikace-vydani\">2, <\/span>\n\t\t\t       \t  <span class=\"publikace-strana\">32 <\/span><span class=\"publikace-rocnik\">(2025) <\/span><span class=\"publikace-doi\">doi:<a href=\"https:\/\/doi.org\/https:\/\/doi.org\/10.1038\/s44328-025-00048-9\" target=\"_blank\" rel=\"noopener\">https:\/\/doi.org\/10.1038\/s44328-025-00048-9<\/a><\/span><\/div><div class=\"th-publikaceitem\">\n\t\t\t        \t<span class=\"publikace-autor\">N. S. Ginsberg, Ch. Hsieh, P. Kukura, <a href=\"https:\/\/www.ufe.cz\/en\/z\/marek-piliarik\">M. Piliarik<\/a>, V. Sandoghdar, <\/span>\n\t\t\t       \t  <span class=\"publikate-title\">\"Interferometric scattering microscopy\", <\/span>\n\t\t\t       \t  <span class=\"publikace-casopis\">Nature Reviews Methods Primers<\/span>\n\t\t\t       \t  <span class=\"publikace-vydani\">5, <\/span>\n\t\t\t       \t  <span class=\"publikace-strana\">23 <\/span><span class=\"publikace-rocnik\">(2025) <\/span><span class=\"publikace-doi\">doi:<a href=\"https:\/\/doi.org\/https:\/\/doi.org\/10.1038\/s43586-025-00391-1\" target=\"_blank\" rel=\"noopener\">https:\/\/doi.org\/10.1038\/s43586-025-00391-1<\/a><\/span><\/div><\/div><h3>Publications 2024<\/h3><div class=th-publikacecontainer><div class=\"th-publikaceitem\">\n\t\t\t        \t<span class=\"publikace-autor\"><a href=\"https:\/\/www.ufe.cz\/en\/z\/david-palounek\">D. Palounek<\/a>, <a href=\"https:\/\/www.ufe.cz\/en\/z\/milan-vala\">M. Vala<\/a>, <a href=\"https:\/\/www.ufe.cz\/en\/z\/lukasz-bujak\/\">\u0141. Bujak<\/a>, <a href=\"https:\/\/www.ufe.cz\/en\/z\/ivan-kopal\">I. Kopal<\/a>, <a href=\"https:\/\/www.ufe.cz\/en\/z\/katerina-jirikova\">K. Ji\u0159\u00edkov\u00e1<\/a>, <a href=\"https:\/\/www.ufe.cz\/en\/z\/yevhenii-shaidiuk\">Y. Shaidiuk<\/a> and <a href=\"https:\/\/www.ufe.cz\/en\/z\/marek-piliarik\">M. Piliarik<\/a>, <\/span>\n\t\t\t       \t  <span class=\"publikate-title\">\"Surpassing the Diffraction Limit in Label-Free Optical Microscopy\", <\/span>\n\t\t\t       \t  <span class=\"publikace-casopis\">ACS Photonics<\/span>\n\t\t\t       \t  <span class=\"publikace-vydani\">, <\/span>\n\t\t\t       \t  <span class=\"publikace-strana\"> <\/span><span class=\"publikace-rocnik\">(2024) <\/span><span class=\"publikace-doi\">doi:<a href=\"https:\/\/doi.org\/10.1021\/acsphotonics.4c00745\" target=\"_blank\" rel=\"noopener\">10.1021\/acsphotonics.4c00745<\/a><\/span><\/div><div class=\"th-publikaceitem\">\n\t\t\t        \t<span class=\"publikace-autor\"><a href=\"https:\/\/www.ufe.cz\/en\/z\/ivan-kopal\">I. Kopal<\/a>, M. \u0160vecov\u00e1, V. Je\u0159\u00e1bek, <a href=\"https:\/\/www.ufe.cz\/en\/z\/david-palounek\">D. Palounek<\/a>, T. \u010capkov\u00e1, A. Michalcov\u00e1, L. Lap\u010d\u00e1k, P. Mat\u011bjka and M. Dendisov\u00e1, <\/span>\n\t\t\t       \t  <span class=\"publikate-title\">\"Laser-Induced Reactions of 4-Aminobenzenthiol Species Adsorbed on Ag, Au, and Cu Plasmonic Structures Followed by SERS Spectroscopy. The Role of Substrate and Excitation Energy &#8211; Surface-Complex Photochemistry and Plasmonic Catalysis\", <\/span>\n\t\t\t       \t  <span class=\"publikace-casopis\">ACS Omega<\/span>\n\t\t\t       \t  <span class=\"publikace-vydani\">9 (5), <\/span>\n\t\t\t       \t  <span class=\"publikace-strana\">6005-6017 <\/span><span class=\"publikace-rocnik\">(2024) <\/span><span class=\"publikace-doi\">doi:<a href=\"https:\/\/doi.org\/10.1021\/acsomega.4c00121\" target=\"_blank\" rel=\"noopener\">10.1021\/acsomega.4c00121<\/a><\/span><\/div><\/div><h3>Publications 2023<\/h3><div class=\"publikace-nopost-in-year\">We have no records for this year.<\/div><h3>Publications 2022<\/h3><div class=th-publikacecontainer><div class=\"th-publikaceitem\">\n\t\t\t        \t<span class=\"publikace-autor\">S. Lin, Y. He, <a href=https:\/\/www.ufe.cz\/en\/z\/Tianxian-Feng\/>D. Feng<\/a>, <a href=https:\/\/www.ufe.cz\/en\/z\/Marek-Piliarik\/>M. Piliarik<\/a> and X. Chen, <\/span>\n\t\t\t       \t  <span class=\"publikate-title\">\"Optical Fingerprint of Flat Substrate Surface and Marker-Free Lateral Displacement Detection with Angstrom-Level Precision\", <\/span>\n\t\t\t       \t  <span class=\"publikace-casopis\">Physical Review Letters.<\/span>\n\t\t\t       \t  <span class=\"publikace-vydani\">129(21), <\/span>\n\t\t\t       \t  <span class=\"publikace-strana\">213201 <\/span><span class=\"publikace-rocnik\">(2022) <\/span><span class=\"publikace-doi\">doi:<a href=\"https:\/\/doi.org\/10.1103\/PhysRevLett.129.213201\" target=\"_blank\" rel=\"noopener\">10.1103\/PhysRevLett.129.213201<\/a><\/span><\/div><div class=\"th-publikaceitem\">\n\t\t\t        \t<span class=\"publikace-autor\"><b>M. Robert<\/b>, <b>M. \u010ci\u010dala<\/b> and <a href=https:\/\/www.ufe.cz\/en\/z\/Marek-Piliarik\/>M. Piliarik<\/a>, <\/span>\n\t\t\t       \t  <span class=\"publikate-title\">\"Shaping of Optical Wavefronts Using Light-Patterned Photothermal Metamaterial\", <\/span>\n\t\t\t       \t  <span class=\"publikace-casopis\">Advanced Optical Materials.<\/span>\n\t\t\t       \t  <span class=\"publikace-vydani\">10(21), <\/span>\n\t\t\t       \t  <span class=\"publikace-strana\">2200960 <\/span><span class=\"publikace-rocnik\">(2022) <\/span><span class=\"publikace-doi\">doi:<a href=\"https:\/\/doi.org\/10.1002\/adom.202200960\" target=\"_blank\" rel=\"noopener\">10.1002\/adom.202200960<\/a><\/span><\/div><div class=\"th-publikaceitem\">\n\t\t\t        \t<span class=\"publikace-autor\">M. \u0160ilhav\u00edk, P. Kumar, Z. Zafar, M. M\u00ed\u0161ek, <b>M. \u010ci\u010dala<\/b>, <a href=https:\/\/www.ufe.cz\/en\/z\/Marek-Piliarik\/>M. Piliarik<\/a> and J. \u010cervenka, <\/span>\n\t\t\t       \t  <span class=\"publikate-title\">\"Anomalous elasticity and damping in covalently cross-linked graphene aerogels\", <\/span>\n\t\t\t       \t  <span class=\"publikace-casopis\">COMMUNICATIONS PHYSICS.<\/span>\n\t\t\t       \t  <span class=\"publikace-vydani\">5(1), <\/span>\n\t\t\t       \t  <span class=\"publikace-strana\">27 <\/span><span class=\"publikace-rocnik\">(2022) <\/span><span class=\"publikace-doi\">doi:<a href=\"https:\/\/doi.org\/10.1038\/s42005-022-00806-5\" target=\"_blank\" rel=\"noopener\">10.1038\/s42005-022-00806-5<\/a><\/span><\/div><\/div><h3>Publications 2021<\/h3><div class=th-publikacecontainer><div class=\"th-publikaceitem\">\n\t\t\t        \t<span class=\"publikace-autor\"><a href=\"https:\/\/www.ufe.cz\/en\/z\/milan-vala\">M. Vala<\/a>, <a href=\"https:\/\/www.ufe.cz\/en\/z\/marek-piliarik\">M. Piliarik<\/a>, <\/span>\n\t\t\t       \t  <span class=\"publikate-title\">\"Weighing Single Protein Complexes on the Go\", <\/span>\n\t\t\t       \t  <span class=\"publikace-casopis\">Nature Methods<\/span>\n\t\t\t       \t  <span class=\"publikace-vydani\">18 (10), <\/span>\n\t\t\t       \t  <span class=\"publikace-strana\">1159\u20131160 <\/span><span class=\"publikace-rocnik\">(2021) <\/span><span class=\"publikace-doi\">doi:<a href=\"https:\/\/doi.org\/10.1038\/s41592-021-01263-8\" target=\"_blank\" rel=\"noopener\">10.1038\/s41592-021-01263-8<\/a><\/span><\/div><div class=\"th-publikaceitem\">\n\t\t\t        \t<span class=\"publikace-autor\"><a href=https:\/\/www.ufe.cz\/en\/z\/Lukasz-Bujak\/>L. Bujak<\/a>, <a href=https:\/\/www.ufe.cz\/en\/z\/Kristyna-Holanova\/>K. Holanov\u00e1<\/a>, A. Mar\u00edn, V. Henrichs, I. Barv\u00edk, M. Braun, Z. L\u00e1nsk\u00fd and <a href=https:\/\/www.ufe.cz\/en\/z\/Marek-Piliarik\/>M. Piliarik<\/a>, <\/span>\n\t\t\t       \t  <span class=\"publikate-title\">\"Fast Leaps between Millisecond Confinements Govern Ase1 Diffusion along Microtubules\", <\/span>\n\t\t\t       \t  <span class=\"publikace-casopis\">Small Methods.<\/span>\n\t\t\t       \t  <span class=\"publikace-vydani\">5(10), <\/span>\n\t\t\t       \t  <span class=\"publikace-strana\">2100370 <\/span><span class=\"publikace-rocnik\">(2021) <\/span><span class=\"publikace-doi\">doi:<a href=\"https:\/\/doi.org\/10.1002\/smtd.202100370\" target=\"_blank\" rel=\"noopener\">10.1002\/smtd.202100370<\/a><\/span><\/div><div class=\"th-publikaceitem\">\n\t\t\t        \t<span class=\"publikace-autor\"><b>M. Robert<\/b>, <a href=https:\/\/www.ufe.cz\/en\/z\/Kristyna-Holanova\/>K. Holanov\u00e1<\/a>, <a href=https:\/\/www.ufe.cz\/en\/z\/Lukasz-Bujak\/>L. Bujak<\/a>, <a href=https:\/\/www.ufe.cz\/en\/z\/Milan-Vala\/>M. Vala<\/a>, V. Henrichs, Z. L\u00e1nsk\u00fd and <a href=https:\/\/www.ufe.cz\/en\/z\/Marek-Piliarik\/>M. Piliarik<\/a>, <\/span>\n\t\t\t       \t  <span class=\"publikate-title\">\"Fast photothermal spatial light modulation for quantitative phase imaging at the nanoscale\", <\/span>\n\t\t\t       \t  <span class=\"publikace-casopis\">Nature Communications.<\/span>\n\t\t\t       \t  <span class=\"publikace-vydani\">12(1), <\/span>\n\t\t\t       \t  <span class=\"publikace-strana\">2921 <\/span><span class=\"publikace-rocnik\">(2021) <\/span><span class=\"publikace-doi\">doi:<a href=\"https:\/\/doi.org\/10.1038\/s41467-021-23252-3\" target=\"_blank\" rel=\"noopener\">10.1038\/s41467-021-23252-3<\/a><\/span><\/div><div class=\"th-publikaceitem\">\n\t\t\t        \t<span class=\"publikace-autor\">Y. He, S. Lin, <b>M. Robert<\/b>, H. Li, P. Zhang, <a href=https:\/\/www.ufe.cz\/en\/z\/Marek-Piliarik\/>M. Piliarik<\/a> and XW. Chen, <\/span>\n\t\t\t       \t  <span class=\"publikate-title\">\"Multiscale modeling and analysis for high-fidelity interferometric scattering microscopy\", <\/span>\n\t\t\t       \t  <span class=\"publikace-casopis\">Journal of Physics D-Applied Physics.<\/span>\n\t\t\t       \t  <span class=\"publikace-vydani\">54(27), <\/span>\n\t\t\t       \t  <span class=\"publikace-strana\">274002 <\/span><span class=\"publikace-rocnik\">(2021) <\/span><span class=\"publikace-doi\">doi:<a href=\"https:\/\/doi.org\/10.1088\/1361-6463\/abf70d\" target=\"_blank\" rel=\"noopener\">10.1088\/1361-6463\/abf70d<\/a><\/span><\/div><div class=\"th-publikaceitem\">\n\t\t\t        \t<span class=\"publikace-autor\"><a href=https:\/\/www.ufe.cz\/en\/z\/Milan-Vala\/>M. Vala<\/a>, <a href=https:\/\/www.ufe.cz\/en\/z\/David-Palounek\/>D. Palounek<\/a>, <b>M. Robert<\/b> and <a href=https:\/\/www.ufe.cz\/en\/z\/Marek-Piliarik\/>M. Piliarik<\/a>, <\/span>\n\t\t\t       \t  <span class=\"publikate-title\">\"Quantitative detection of optical anisotropy of single microtubules by polarization-sensitive interferometric scattering microscopy\", <\/span>\n\t\t\t       \t  <span class=\"publikace-casopis\">Journal of Physics D-Applied Physics.<\/span>\n\t\t\t       \t  <span class=\"publikace-vydani\">54(20), <\/span>\n\t\t\t       \t  <span class=\"publikace-strana\">204001 <\/span><span class=\"publikace-rocnik\">(2021) <\/span><span class=\"publikace-doi\">doi:<a href=\"https:\/\/doi.org\/10.1088\/1361-6463\/abe669\" target=\"_blank\" rel=\"noopener\">10.1088\/1361-6463\/abe669<\/a><\/span><\/div><div class=\"th-publikaceitem\">\n\t\t\t        \t<span class=\"publikace-autor\"><a href=https:\/\/www.ufe.cz\/en\/z\/Milan-Vala\/>M. Vala<\/a>, <a href=https:\/\/www.ufe.cz\/en\/z\/Lukasz-Bujak\/>L. Bujak<\/a>, A. Mar\u00edn, <a href=https:\/\/www.ufe.cz\/en\/z\/Kristyna-Holanova\/>K. Holanov\u00e1<\/a>, V. Henrichs, M. Braun, Z. L\u00e1nsk\u00fd and <a href=https:\/\/www.ufe.cz\/en\/z\/Marek-Piliarik\/>M. Piliarik<\/a>, <\/span>\n\t\t\t       \t  <span class=\"publikate-title\">\"Nanoscopic Structural Fluctuations of Disassembling Microtubules Revealed by Label-Free Super-Resolution Microscopy\", <\/span>\n\t\t\t       \t  <span class=\"publikace-casopis\">Small Methods.<\/span>\n\t\t\t       \t  <span class=\"publikace-vydani\">5(4), <\/span>\n\t\t\t       \t  <span class=\"publikace-strana\">2000985 <\/span><span class=\"publikace-rocnik\">(2021) <\/span><span class=\"publikace-doi\">doi:<a href=\"https:\/\/doi.org\/10.1002\/smtd.202000985\" target=\"_blank\" rel=\"noopener\">10.1002\/smtd.202000985<\/a><\/span><\/div><\/div><h3>Publications 2020<\/h3><div class=\"publikace-nopost-in-year\">We have no records for this year.<\/div><h3>Publications 2019<\/h3><div class=th-publikacecontainer><div class=\"th-publikaceitem\">\n\t\t\t        \t<span class=\"publikace-autor\"><a href=https:\/\/www.ufe.cz\/en\/z\/Milan-Vala\/>M. Vala<\/a>, Ch. T. Ertsgaard, N. J. Wittenberg and S.H. Oh, <\/span>\n\t\t\t       \t  <span class=\"publikate-title\">\"Plasmonic Sensing on Symmetric Nanohole Arrays Supporting High-Q Hybrid Modes and Reflection Geometry\", <\/span>\n\t\t\t       \t  <span class=\"publikace-casopis\">ACS Sensors.<\/span>\n\t\t\t       \t  <span class=\"publikace-vydani\">4(12), <\/span>\n\t\t\t       \t  <span class=\"publikace-strana\">3265-3274 <\/span><span class=\"publikace-rocnik\">(2019) <\/span><span class=\"publikace-doi\">doi:<a href=\"https:\/\/doi.org\/10.1021\/acssensors.9b01780\" target=\"_blank\" rel=\"noopener\">10.1021\/acssensors.9b01780<\/a><\/span><\/div><div class=\"th-publikaceitem\">\n\t\t\t        \t<span class=\"publikace-autor\"><a href=https:\/\/www.ufe.cz\/en\/z\/Kristyna-Holanova\/>K. Holanov\u00e1<\/a>, <a href=https:\/\/www.ufe.cz\/en\/z\/Milan-Vala\/>M. Vala<\/a> and <a href=https:\/\/www.ufe.cz\/en\/z\/Marek-Piliarik\/>M. Piliarik<\/a>, <\/span>\n\t\t\t       \t  <span class=\"publikate-title\">\"Optical imaging and localization of prospective scattering labels smaller than a single protein\", <\/span>\n\t\t\t       \t  <span class=\"publikace-casopis\">Optics and Laser Technology.<\/span>\n\t\t\t       \t  <span class=\"publikace-vydani\">-(109), <\/span>\n\t\t\t       \t  <span class=\"publikace-strana\">323-327 <\/span><span class=\"publikace-rocnik\">(2019) <\/span><span class=\"publikace-doi\">doi:<a href=\"https:\/\/doi.org\/10.1016\/j.optlastec.2018.08.014\" target=\"_blank\" rel=\"noopener\">10.1016\/j.optlastec.2018.08.014<\/a><\/span><\/div><\/div><h3>Publications 2018<\/h3><div class=\"publikace-nopost-in-year\">We have no records for this year.<\/div><h3>Publications 2017<\/h3><div class=th-publikacecontainer><div class=\"th-publikaceitem\">\n\t\t\t        \t<span class=\"publikace-autor\"><a href=https:\/\/www.ufe.cz\/en\/z\/Lukasz-Bujak\/>L. Bujak<\/a>, K. Narushima, D.K. Sharma, S. Hirata and M. V\u00e1cha, <\/span>\n\t\t\t       \t  <span class=\"publikate-title\">\"Plasmon Enhancement of Triplet Exciton Diffusion Revealed by Nanoscale Imaging of Photochemical Fluorescence Upconversion\", <\/span>\n\t\t\t       \t  <span class=\"publikace-casopis\">Journal of Physical Chemistry C.<\/span>\n\t\t\t       \t  <span class=\"publikace-vydani\">121(45), <\/span>\n\t\t\t       \t  <span class=\"publikace-strana\">25479-25486 <\/span><span class=\"publikace-rocnik\">(2017) <\/span><span class=\"publikace-doi\">doi:<a href=\"https:\/\/doi.org\/10.1021\/acs.jpcc.7b08495\" target=\"_blank\" rel=\"noopener\">10.1021\/acs.jpcc.7b08495<\/a><\/span><\/div><\/div><h3>Publications 2016<\/h3><div class=\"publikace-nopost-in-year\">We have no records for this year.<\/div><h3>Publications 2015<\/h3><div class=\"publikace-nopost-in-year\">We have no records for this year.<\/div><h3>Publications 2014<\/h3><div class=\"publikace-nopost-in-year\">We have no records for this year.<\/div><h3>Publications 2013<\/h3><div class=\"publikace-nopost-in-year\">We have no records for this year.<\/div><h3>Publications 2012<\/h3><div class=\"publikace-nopost-in-year\">We have no records for this year.<\/div><h3>Publications 2011<\/h3><div class=\"publikace-nopost-in-year\">We have no records for this year.<\/div><h3>Publications 2010<\/h3><div class=\"publikace-nopost-in-year\">We have no records for this year.<\/div><h3>Publications 2009<\/h3><div class=\"publikace-nopost-in-year\">We have no records for this year.<\/div><h3>Publications 2008<\/h3><div class=\"publikace-nopost-in-year\">We have no records for this year.<\/div><h3>Publications 2007<\/h3><div class=\"publikace-nopost-in-year\">We have no records for this year.<\/div><h3>Publications 2006<\/h3><div class=\"publikace-nopost-in-year\">We have no records for this year.<\/div><h3>Publications 2005<\/h3><div class=\"publikace-nopost-in-year\">We have no records for this year.<\/div><h3>Publications 2004<\/h3><div class=\"publikace-nopost-in-year\">We have no records for this year.<\/div><h3>Publications 2003<\/h3><div class=\"publikace-nopost-in-year\">We have no records for this year.<\/div><h3>Publications 2002<\/h3><div class=\"publikace-nopost-in-year\">We have no records for this year.<\/div><h3>Publications 2001<\/h3><div class=\"publikace-nopost-in-year\">We have no records for this year.<\/div><h3>Publications 2000<\/h3><div class=\"publikace-nopost-in-year\">We have no records for this year.<\/div><h3>Publications 1999<\/h3><div class=\"publikace-nopost-in-year\">We have no records for this year.<\/div><h3>Publications 1998<\/h3><div class=\"publikace-nopost-in-year\">We have no records for this year.<\/div><h3>Publications 1997<\/h3><div class=\"publikace-nopost-in-year\">We have no records for this year.<\/div><h3>Publications 1996<\/h3><div class=\"publikace-nopost-in-year\">We have no records for this year.<\/div><h3>Publications 1995<\/h3><div class=\"publikace-nopost-in-year\">We have no records for this year.<\/div><h3>Publications 1994<\/h3><div class=\"publikace-nopost-in-year\">We have no records for this year.<\/div><h3>Publications 1993<\/h3><div class=\"publikace-nopost-in-year\">We have no records for this year.<\/div>\t\t<div class=\"elementor-shortcode\"><\/div>\n\t\t\t\t<\/div>\n\t\t\t\t<\/div>\n\t\t\t\t\t<\/div>\n\t\t<\/div>\n\t\t\t\t\t<\/div>\n\t\t<\/section>\n\t\t\t\t<\/div>\n\t\t","protected":false},"excerpt":{"rendered":"","protected":false},"author":1,"featured_media":0,"parent":15322,"menu_order":27,"comment_status":"closed","ping_status":"closed","template":"","meta":{"_acf_changed":false,"footnotes":""},"acf":[],"_links":{"self":[{"href":"https:\/\/www.ufe.cz\/en\/wp-json\/wp\/v2\/pages\/15325"}],"collection":[{"href":"https:\/\/www.ufe.cz\/en\/wp-json\/wp\/v2\/pages"}],"about":[{"href":"https:\/\/www.ufe.cz\/en\/wp-json\/wp\/v2\/types\/page"}],"author":[{"embeddable":true,"href":"https:\/\/www.ufe.cz\/en\/wp-json\/wp\/v2\/users\/1"}],"replies":[{"embeddable":true,"href":"https:\/\/www.ufe.cz\/en\/wp-json\/wp\/v2\/comments?post=15325"}],"version-history":[{"count":0,"href":"https:\/\/www.ufe.cz\/en\/wp-json\/wp\/v2\/pages\/15325\/revisions"}],"up":[{"embeddable":true,"href":"https:\/\/www.ufe.cz\/en\/wp-json\/wp\/v2\/pages\/15322"}],"wp:attachment":[{"href":"https:\/\/www.ufe.cz\/en\/wp-json\/wp\/v2\/media?parent=15325"}],"curies":[{"name":"wp","href":"https:\/\/api.w.org\/{rel}","templated":true}]}}