{"id":18472,"date":"2024-06-13T13:26:09","date_gmt":"2024-06-13T11:26:09","guid":{"rendered":"https:\/\/www.ufe.cz\/research\/fiber-lasers-and-non-linear-optics\/patenty\/"},"modified":"2026-03-18T11:44:30","modified_gmt":"2026-03-18T10:44:30","slug":"patents","status":"publish","type":"page","link":"https:\/\/www.ufe.cz\/en\/research\/fiber-lasers-and-non-linear-optics\/patents\/","title":{"rendered":"Fiber lasers and non-linear optics: Patents"},"content":{"rendered":"\t\t<div data-elementor-type=\"wp-page\" data-elementor-id=\"18472\" class=\"elementor elementor-18472 elementor-9484\" data-elementor-post-type=\"page\">\n\t\t\t\t\t\t<section class=\"elementor-section elementor-top-section elementor-element elementor-element-dcaaf50 elementor-section-boxed elementor-section-height-default elementor-section-height-default\" data-id=\"dcaaf50\" data-element_type=\"section\">\n\t\t\t\t\t\t<div class=\"elementor-container elementor-column-gap-default\">\n\t\t\t\t\t<div class=\"elementor-column elementor-col-100 elementor-top-column elementor-element elementor-element-e9e6052\" data-id=\"e9e6052\" data-element_type=\"column\">\n\t\t\t<div class=\"elementor-widget-wrap elementor-element-populated\">\n\t\t\t\t\t\t<div class=\"elementor-element elementor-element-09a7287 elementor-widget elementor-widget-template\" data-id=\"09a7287\" data-element_type=\"widget\" data-widget_type=\"template.default\">\n\t\t\t\t<div class=\"elementor-widget-container\">\n\t\t\t\t\t<div class=\"elementor-template\">\n\t\t\t\t\t<div data-elementor-type=\"section\" data-elementor-id=\"9511\" class=\"elementor elementor-9511\" data-elementor-post-type=\"elementor_library\">\n\t\t\t\t\t<section class=\"elementor-section elementor-top-section elementor-element elementor-element-2221a729 elementor-section-boxed elementor-section-height-default elementor-section-height-default\" data-id=\"2221a729\" data-element_type=\"section\">\n\t\t\t\t\t\t<div class=\"elementor-container elementor-column-gap-default\">\n\t\t\t\t\t<div class=\"elementor-column elementor-col-100 elementor-top-column elementor-element elementor-element-4d504260\" data-id=\"4d504260\" data-element_type=\"column\">\n\t\t\t<div class=\"elementor-widget-wrap elementor-element-populated\">\n\t\t\t\t\t\t<div class=\"elementor-element elementor-element-5ce19ce0 nadpis-publikace elementor-widget-divider--view-line elementor-widget elementor-widget-divider\" data-id=\"5ce19ce0\" data-element_type=\"widget\" data-widget_type=\"divider.default\">\n\t\t\t\t<div class=\"elementor-widget-container\">\n\t\t\t\t\t<div class=\"elementor-divider\">\n\t\t\t<span class=\"elementor-divider-separator\">\n\t\t\t\t\t\t<\/span>\n\t\t<\/div>\n\t\t\t\t<\/div>\n\t\t\t\t<\/div>\n\t\t\t\t<div class=\"elementor-element elementor-element-62341942 elementor-nav-menu__align-start elementor-widget-tablet__width-auto elementor-widget__width-auto elementor-nav-menu--dropdown-none elementor-widget elementor-widget-nav-menu\" data-id=\"62341942\" data-element_type=\"widget\" data-settings=\"{&quot;layout&quot;:&quot;horizontal&quot;,&quot;submenu_icon&quot;:{&quot;value&quot;:&quot;&lt;i class=\\&quot;fas fa-caret-down\\&quot;&gt;&lt;\\\/i&gt;&quot;,&quot;library&quot;:&quot;fa-solid&quot;}}\" data-widget_type=\"nav-menu.default\">\n\t\t\t\t<div class=\"elementor-widget-container\">\n\t\t\t\t\t\t<nav class=\"elementor-nav-menu--main elementor-nav-menu__container elementor-nav-menu--layout-horizontal e--pointer-overline e--animation-drop-in\">\n\t\t\t\t<ul id=\"menu-1-62341942\" class=\"elementor-nav-menu\"><li class=\"menu-item menu-item-type-post_type menu-item-object-page menu-item-18490\"><a href=\"https:\/\/www.ufe.cz\/en\/research\/fiber-lasers-and-non-linear-optics\/\" class=\"elementor-item\">About team<\/a><\/li>\n<li class=\"menu-item menu-item-type-post_type menu-item-object-page menu-item-18489\"><a href=\"https:\/\/www.ufe.cz\/en\/research\/fiber-lasers-and-non-linear-optics\/team-members\/\" class=\"elementor-item\">Team members<\/a><\/li>\n<li class=\"menu-item menu-item-type-post_type menu-item-object-page menu-item-18488\"><a href=\"https:\/\/www.ufe.cz\/en\/research\/fiber-lasers-and-non-linear-optics\/grant-projects\/\" class=\"elementor-item\">Grant projects<\/a><\/li>\n<li class=\"menu-item menu-item-type-post_type menu-item-object-page menu-item-18487\"><a href=\"https:\/\/www.ufe.cz\/en\/research\/fiber-lasers-and-non-linear-optics\/publications\/\" class=\"elementor-item\">Publications<\/a><\/li>\n<li class=\"menu-item menu-item-type-post_type menu-item-object-page menu-item-18486\"><a href=\"https:\/\/www.ufe.cz\/en\/research\/fiber-lasers-and-non-linear-optics\/patents\/\" class=\"elementor-item\">Patents<\/a><\/li>\n<li class=\"menu-item menu-item-type-post_type menu-item-object-page menu-item-18485\"><a href=\"https:\/\/www.ufe.cz\/en\/research\/fiber-lasers-and-non-linear-optics\/collaboration\/\" class=\"elementor-item\">Collaboration<\/a><\/li>\n<li class=\"menu-item menu-item-type-post_type menu-item-object-page menu-item-18493\"><a href=\"https:\/\/www.ufe.cz\/en\/research\/fiber-lasers-and-non-linear-optics\/laboratories\/\" class=\"elementor-item\">Laboratories<\/a><\/li>\n<\/ul>\t\t\t<\/nav>\n\t\t\t\t\t\t<nav class=\"elementor-nav-menu--dropdown elementor-nav-menu__container\" aria-hidden=\"true\">\n\t\t\t\t<ul id=\"menu-2-62341942\" class=\"elementor-nav-menu\"><li class=\"menu-item menu-item-type-post_type menu-item-object-page menu-item-18490\"><a href=\"https:\/\/www.ufe.cz\/en\/research\/fiber-lasers-and-non-linear-optics\/\" class=\"elementor-item\" tabindex=\"-1\">About team<\/a><\/li>\n<li class=\"menu-item menu-item-type-post_type menu-item-object-page menu-item-18489\"><a href=\"https:\/\/www.ufe.cz\/en\/research\/fiber-lasers-and-non-linear-optics\/team-members\/\" class=\"elementor-item\" tabindex=\"-1\">Team members<\/a><\/li>\n<li class=\"menu-item menu-item-type-post_type menu-item-object-page menu-item-18488\"><a href=\"https:\/\/www.ufe.cz\/en\/research\/fiber-lasers-and-non-linear-optics\/grant-projects\/\" class=\"elementor-item\" tabindex=\"-1\">Grant projects<\/a><\/li>\n<li class=\"menu-item menu-item-type-post_type menu-item-object-page menu-item-18487\"><a href=\"https:\/\/www.ufe.cz\/en\/research\/fiber-lasers-and-non-linear-optics\/publications\/\" class=\"elementor-item\" tabindex=\"-1\">Publications<\/a><\/li>\n<li class=\"menu-item menu-item-type-post_type menu-item-object-page menu-item-18486\"><a href=\"https:\/\/www.ufe.cz\/en\/research\/fiber-lasers-and-non-linear-optics\/patents\/\" class=\"elementor-item\" tabindex=\"-1\">Patents<\/a><\/li>\n<li class=\"menu-item menu-item-type-post_type menu-item-object-page menu-item-18485\"><a href=\"https:\/\/www.ufe.cz\/en\/research\/fiber-lasers-and-non-linear-optics\/collaboration\/\" class=\"elementor-item\" tabindex=\"-1\">Collaboration<\/a><\/li>\n<li class=\"menu-item menu-item-type-post_type menu-item-object-page menu-item-18493\"><a href=\"https:\/\/www.ufe.cz\/en\/research\/fiber-lasers-and-non-linear-optics\/laboratories\/\" class=\"elementor-item\" tabindex=\"-1\">Laboratories<\/a><\/li>\n<\/ul>\t\t\t<\/nav>\n\t\t\t\t<\/div>\n\t\t\t\t<\/div>\n\t\t\t\t<div class=\"elementor-element elementor-element-659121b7 nadpis-publikace elementor-widget-divider--view-line elementor-widget elementor-widget-divider\" data-id=\"659121b7\" data-element_type=\"widget\" data-widget_type=\"divider.default\">\n\t\t\t\t<div class=\"elementor-widget-container\">\n\t\t\t\t\t<div class=\"elementor-divider\">\n\t\t\t<span class=\"elementor-divider-separator\">\n\t\t\t\t\t\t<\/span>\n\t\t<\/div>\n\t\t\t\t<\/div>\n\t\t\t\t<\/div>\n\t\t\t\t\t<\/div>\n\t\t<\/div>\n\t\t\t\t\t<\/div>\n\t\t<\/section>\n\t\t\t\t<\/div>\n\t\t\t\t<\/div>\n\t\t\t\t<\/div>\n\t\t\t\t<\/div>\n\t\t\t\t\t<\/div>\n\t\t<\/div>\n\t\t\t\t\t<\/div>\n\t\t<\/section>\n\t\t<div class=\"elementor-element elementor-element-4391501 e-flex e-con-boxed e-con e-parent\" data-id=\"4391501\" data-element_type=\"container\">\n\t\t\t\t\t<div class=\"e-con-inner\">\n\t\t\t\t<div class=\"elementor-element elementor-element-1c80597 elementor-widget elementor-widget-text-editor\" data-id=\"1c80597\" data-element_type=\"widget\" data-widget_type=\"text-editor.default\">\n\t\t\t\t<div class=\"elementor-widget-container\">\n\t\t\t\t\t\t\t<h3><span data-olk-copy-source=\"MessageBody\">Czech patents<\/span><\/h3><ol><li>P. Honz\u00e1tko. <strong>Reflective metallic resonance diffraction grating with flow mode, production and use<\/strong>. Czech Republic, Patent no. 308307, 18.3.2020.<\/li><li>J. Mr\u00e1zek. <strong>Colloidal diffusion source of phosphorus for preparing doped silicon<\/strong>. Czech Republic, Patent no. 308558, 19.10.2020.<\/li><li>P. Peterka, P. Ko\u0161ka, O. Podrazk\u00fd, V. Mat\u011bjec, I. Ka\u0161\u00edk. <strong>Amplifying module, method of making the same, and cladding pumped<\/strong><br \/><strong>optical device incorporating the module<\/strong>. Czech Republic, Patent no. 305888, 9.3.2016.<\/li><li>P. Ko\u0161ka, P. Peterka, M. P\u00edsa\u0159\u00edk. <strong>Mode field adapter for signal branch of pump and signal combiners, combiner, and optical device<\/strong>. Czech Republic, Patent no. 305868, 2.3.2016.<\/li><li>P. Peterka, P. Honz\u00e1tko and R. Slav\u00edk. <strong>All-fiber passive Q-switched laser with passive Q-switching.<\/strong> Czech Republic, Patent no. 303333, 21.6.2012.<\/li><li>P. Peterka, V. Mat\u011bjec, I. Ka\u0161\u00edk. <strong>Method and device for coupling the signal and pump into double-clad optical fiber for fiber amplifiers and lasers<\/strong>. Czech Republic, Patent no. 301215, 12.4.2005.<\/li><\/ol><h3>\u00a0<\/h3><h3><span data-olk-copy-source=\"MessageBody\">Utility models<\/span><\/h3><ol><li>I. Barto\u0148, P. Peterka, O. Podrazk\u00fd. <strong>Thulium-doped optical fiber<\/strong>. Czech Republic. Utility model no. 39239, 16.03.2026.<\/li><li>J. Mr\u00e1zek. <strong>Colloidal diffusion source of phosphorus for preparing N-type doped silicon prepared by dispersion with inorganic fillers<\/strong>. Czech Republic. Utility model no. 34310, 18.08.2020.<\/li><li>J. Mr\u00e1zek. <strong>Hydrophobic colloidal diffusion source of phosphorus for preparing doped silicon type N<\/strong>. Czech Republic. Utility model no. 34311, 18.08.2020.<\/li><li>J. Mr\u00e1zek. <strong>Colloidal diffuse source of phosphorus for preparing doped of the type N silicon.\u00a0<\/strong>Czech Republic. Utility model no. 32924, 10.6.2019.<\/li><li>J. Mr\u00e1zek. <strong>Colloidal boron diffusion source for the preparation of doped P-type silicon.<\/strong> Czech Republic. Utility model no. 33261, 30.09.2019.<\/li><li>P. Honz\u00e1tko. <strong>Single-frequency, wide-scalable fiber optic laser.<\/strong> Czech Republic. Utility model no. 31754, 7.5.2018.<\/li><li>O. Podrazk\u00fd, J. Mr\u00e1zek, I. Ka\u0161\u00edk, L. \u0160a\u0161ek, R. Schilhart. <strong>Optical pH meter with microscopic probe<\/strong>. Czech Republic. Utility model no. 30867, 31.7.2017.<\/li><li>P. Peterka, P. Ko\u0161ka, M. P\u00edsa\u0159\u00edk. <strong>Adaptor element of field profile of signal mergers and pumping, merger and optical device ng<\/strong>. Czech Republic. Utility model no. 28064, 09.4.2015.<\/li><li>P. Honz\u00e1tko. <strong>Widely tunable coherent optical signal generator for middle infrared spectrum. <\/strong>Czech Republic. Utility model no. 28042, 31.3.2015.<\/li><li>P. Honz\u00e1tko. <strong>Optical device for wave conversion of optical signals. <\/strong>Czech Republic. Utility model no. 20815, 26.4.2012.<\/li><\/ol>\t\t\t\t\t\t<\/div>\n\t\t\t\t<\/div>\n\t\t\t\t\t<\/div>\n\t\t\t\t<\/div>\n\t\t\t\t<\/div>\n\t\t","protected":false},"excerpt":{"rendered":"<p>Czech patents P. Honz\u00e1tko. Reflective metallic resonance diffraction grating with flow mode, production and use. Czech Republic, Patent no. 308307, 18.3.2020. J. Mr\u00e1zek. Colloidal diffusion source of phosphorus for preparing doped silicon. Czech Republic, Patent no. 308558, 19.10.2020. P. Peterka, P. Ko\u0161ka, O. Podrazk\u00fd, V. Mat\u011bjec, I. Ka\u0161\u00edk. Amplifying module, method of making the same, [&hellip;]<\/p>\n","protected":false},"author":1,"featured_media":0,"parent":18459,"menu_order":28,"comment_status":"closed","ping_status":"closed","template":"","meta":{"_acf_changed":false,"footnotes":""},"acf":[],"_links":{"self":[{"href":"https:\/\/www.ufe.cz\/en\/wp-json\/wp\/v2\/pages\/18472"}],"collection":[{"href":"https:\/\/www.ufe.cz\/en\/wp-json\/wp\/v2\/pages"}],"about":[{"href":"https:\/\/www.ufe.cz\/en\/wp-json\/wp\/v2\/types\/page"}],"author":[{"embeddable":true,"href":"https:\/\/www.ufe.cz\/en\/wp-json\/wp\/v2\/users\/1"}],"replies":[{"embeddable":true,"href":"https:\/\/www.ufe.cz\/en\/wp-json\/wp\/v2\/comments?post=18472"}],"version-history":[{"count":0,"href":"https:\/\/www.ufe.cz\/en\/wp-json\/wp\/v2\/pages\/18472\/revisions"}],"up":[{"embeddable":true,"href":"https:\/\/www.ufe.cz\/en\/wp-json\/wp\/v2\/pages\/18459"}],"wp:attachment":[{"href":"https:\/\/www.ufe.cz\/en\/wp-json\/wp\/v2\/media?parent=18472"}],"curies":[{"name":"wp","href":"https:\/\/api.w.org\/{rel}","templated":true}]}}