{"id":18483,"date":"2024-06-13T13:26:10","date_gmt":"2024-06-13T11:26:10","guid":{"rendered":"https:\/\/www.ufe.cz\/research\/fiber-lasers-and-non-linear-optics\/laboratore\/"},"modified":"2025-11-13T10:25:14","modified_gmt":"2025-11-13T09:25:14","slug":"laboratories","status":"publish","type":"page","link":"https:\/\/www.ufe.cz\/en\/research\/fiber-lasers-and-non-linear-optics\/laboratories\/","title":{"rendered":"Fiber lasers and non-linear optics: Laboratories"},"content":{"rendered":"\t\t<div data-elementor-type=\"wp-page\" data-elementor-id=\"18483\" class=\"elementor elementor-18483 elementor-9486\" data-elementor-post-type=\"page\">\n\t\t\t\t\t\t<section class=\"elementor-section elementor-top-section elementor-element elementor-element-6f2d5a5 elementor-section-boxed elementor-section-height-default elementor-section-height-default\" data-id=\"6f2d5a5\" data-element_type=\"section\">\n\t\t\t\t\t\t<div class=\"elementor-container elementor-column-gap-default\">\n\t\t\t\t\t<div class=\"elementor-column elementor-col-100 elementor-top-column elementor-element elementor-element-e1d27ee\" data-id=\"e1d27ee\" data-element_type=\"column\">\n\t\t\t<div class=\"elementor-widget-wrap elementor-element-populated\">\n\t\t\t\t\t\t<div class=\"elementor-element elementor-element-fb242ae elementor-widget elementor-widget-template\" data-id=\"fb242ae\" data-element_type=\"widget\" data-widget_type=\"template.default\">\n\t\t\t\t<div class=\"elementor-widget-container\">\n\t\t\t\t\t<div class=\"elementor-template\">\n\t\t\t\t\t<div data-elementor-type=\"section\" data-elementor-id=\"9511\" class=\"elementor elementor-9511\" data-elementor-post-type=\"elementor_library\">\n\t\t\t\t\t<section class=\"elementor-section elementor-top-section elementor-element elementor-element-2221a729 elementor-section-boxed elementor-section-height-default elementor-section-height-default\" data-id=\"2221a729\" data-element_type=\"section\">\n\t\t\t\t\t\t<div class=\"elementor-container elementor-column-gap-default\">\n\t\t\t\t\t<div class=\"elementor-column elementor-col-100 elementor-top-column elementor-element elementor-element-4d504260\" data-id=\"4d504260\" data-element_type=\"column\">\n\t\t\t<div class=\"elementor-widget-wrap elementor-element-populated\">\n\t\t\t\t\t\t<div class=\"elementor-element elementor-element-5ce19ce0 nadpis-publikace elementor-widget-divider--view-line elementor-widget elementor-widget-divider\" data-id=\"5ce19ce0\" data-element_type=\"widget\" data-widget_type=\"divider.default\">\n\t\t\t\t<div class=\"elementor-widget-container\">\n\t\t\t\t\t<div class=\"elementor-divider\">\n\t\t\t<span class=\"elementor-divider-separator\">\n\t\t\t\t\t\t<\/span>\n\t\t<\/div>\n\t\t\t\t<\/div>\n\t\t\t\t<\/div>\n\t\t\t\t<div class=\"elementor-element elementor-element-62341942 elementor-nav-menu__align-start elementor-widget-tablet__width-auto elementor-widget__width-auto elementor-nav-menu--dropdown-none elementor-widget elementor-widget-nav-menu\" data-id=\"62341942\" data-element_type=\"widget\" data-settings=\"{&quot;layout&quot;:&quot;horizontal&quot;,&quot;submenu_icon&quot;:{&quot;value&quot;:&quot;&lt;i class=\\&quot;fas fa-caret-down\\&quot;&gt;&lt;\\\/i&gt;&quot;,&quot;library&quot;:&quot;fa-solid&quot;}}\" data-widget_type=\"nav-menu.default\">\n\t\t\t\t<div class=\"elementor-widget-container\">\n\t\t\t\t\t\t<nav class=\"elementor-nav-menu--main elementor-nav-menu__container elementor-nav-menu--layout-horizontal e--pointer-overline e--animation-drop-in\">\n\t\t\t\t<ul id=\"menu-1-62341942\" class=\"elementor-nav-menu\"><li class=\"menu-item menu-item-type-post_type menu-item-object-page menu-item-18490\"><a href=\"https:\/\/www.ufe.cz\/en\/research\/fiber-lasers-and-non-linear-optics\/\" class=\"elementor-item\">About team<\/a><\/li>\n<li class=\"menu-item menu-item-type-post_type menu-item-object-page menu-item-18489\"><a href=\"https:\/\/www.ufe.cz\/en\/research\/fiber-lasers-and-non-linear-optics\/team-members\/\" class=\"elementor-item\">Team members<\/a><\/li>\n<li class=\"menu-item menu-item-type-post_type menu-item-object-page menu-item-18488\"><a href=\"https:\/\/www.ufe.cz\/en\/research\/fiber-lasers-and-non-linear-optics\/grant-projects\/\" class=\"elementor-item\">Grant projects<\/a><\/li>\n<li class=\"menu-item menu-item-type-post_type menu-item-object-page menu-item-18487\"><a href=\"https:\/\/www.ufe.cz\/en\/research\/fiber-lasers-and-non-linear-optics\/publications\/\" class=\"elementor-item\">Publications<\/a><\/li>\n<li class=\"menu-item menu-item-type-post_type menu-item-object-page menu-item-18486\"><a href=\"https:\/\/www.ufe.cz\/en\/research\/fiber-lasers-and-non-linear-optics\/patents\/\" class=\"elementor-item\">Patents<\/a><\/li>\n<li class=\"menu-item menu-item-type-post_type menu-item-object-page menu-item-18485\"><a href=\"https:\/\/www.ufe.cz\/en\/research\/fiber-lasers-and-non-linear-optics\/collaboration\/\" class=\"elementor-item\">Collaboration<\/a><\/li>\n<li class=\"menu-item menu-item-type-post_type menu-item-object-page menu-item-18493\"><a href=\"https:\/\/www.ufe.cz\/en\/research\/fiber-lasers-and-non-linear-optics\/laboratories\/\" class=\"elementor-item\">Laboratories<\/a><\/li>\n<\/ul>\t\t\t<\/nav>\n\t\t\t\t\t\t<nav class=\"elementor-nav-menu--dropdown elementor-nav-menu__container\" aria-hidden=\"true\">\n\t\t\t\t<ul id=\"menu-2-62341942\" class=\"elementor-nav-menu\"><li class=\"menu-item menu-item-type-post_type menu-item-object-page menu-item-18490\"><a href=\"https:\/\/www.ufe.cz\/en\/research\/fiber-lasers-and-non-linear-optics\/\" class=\"elementor-item\" tabindex=\"-1\">About team<\/a><\/li>\n<li class=\"menu-item menu-item-type-post_type menu-item-object-page menu-item-18489\"><a href=\"https:\/\/www.ufe.cz\/en\/research\/fiber-lasers-and-non-linear-optics\/team-members\/\" class=\"elementor-item\" tabindex=\"-1\">Team members<\/a><\/li>\n<li class=\"menu-item menu-item-type-post_type menu-item-object-page menu-item-18488\"><a href=\"https:\/\/www.ufe.cz\/en\/research\/fiber-lasers-and-non-linear-optics\/grant-projects\/\" class=\"elementor-item\" tabindex=\"-1\">Grant projects<\/a><\/li>\n<li class=\"menu-item menu-item-type-post_type menu-item-object-page menu-item-18487\"><a href=\"https:\/\/www.ufe.cz\/en\/research\/fiber-lasers-and-non-linear-optics\/publications\/\" class=\"elementor-item\" tabindex=\"-1\">Publications<\/a><\/li>\n<li class=\"menu-item menu-item-type-post_type menu-item-object-page menu-item-18486\"><a href=\"https:\/\/www.ufe.cz\/en\/research\/fiber-lasers-and-non-linear-optics\/patents\/\" class=\"elementor-item\" tabindex=\"-1\">Patents<\/a><\/li>\n<li class=\"menu-item menu-item-type-post_type menu-item-object-page menu-item-18485\"><a href=\"https:\/\/www.ufe.cz\/en\/research\/fiber-lasers-and-non-linear-optics\/collaboration\/\" class=\"elementor-item\" tabindex=\"-1\">Collaboration<\/a><\/li>\n<li class=\"menu-item menu-item-type-post_type menu-item-object-page menu-item-18493\"><a href=\"https:\/\/www.ufe.cz\/en\/research\/fiber-lasers-and-non-linear-optics\/laboratories\/\" class=\"elementor-item\" tabindex=\"-1\">Laboratories<\/a><\/li>\n<\/ul>\t\t\t<\/nav>\n\t\t\t\t<\/div>\n\t\t\t\t<\/div>\n\t\t\t\t<div class=\"elementor-element elementor-element-659121b7 nadpis-publikace elementor-widget-divider--view-line elementor-widget elementor-widget-divider\" data-id=\"659121b7\" data-element_type=\"widget\" data-widget_type=\"divider.default\">\n\t\t\t\t<div class=\"elementor-widget-container\">\n\t\t\t\t\t<div class=\"elementor-divider\">\n\t\t\t<span class=\"elementor-divider-separator\">\n\t\t\t\t\t\t<\/span>\n\t\t<\/div>\n\t\t\t\t<\/div>\n\t\t\t\t<\/div>\n\t\t\t\t\t<\/div>\n\t\t<\/div>\n\t\t\t\t\t<\/div>\n\t\t<\/section>\n\t\t\t\t<\/div>\n\t\t\t\t<\/div>\n\t\t\t\t<\/div>\n\t\t\t\t<\/div>\n\t\t\t\t\t<\/div>\n\t\t<\/div>\n\t\t\t\t\t<\/div>\n\t\t<\/section>\n\t\t\t\t<section class=\"elementor-section elementor-top-section elementor-element elementor-element-8a875a3 elementor-section-boxed elementor-section-height-default elementor-section-height-default\" data-id=\"8a875a3\" data-element_type=\"section\">\n\t\t\t\t\t\t<div class=\"elementor-container elementor-column-gap-default\">\n\t\t\t\t\t<div class=\"elementor-column elementor-col-100 elementor-top-column elementor-element elementor-element-1ecc56a\" data-id=\"1ecc56a\" data-element_type=\"column\">\n\t\t\t<div class=\"elementor-widget-wrap elementor-element-populated\">\n\t\t\t\t\t\t<div class=\"elementor-element elementor-element-1c98b16 elementor-grid-4 elementor-posts__hover-none elementor-grid-tablet-2 elementor-grid-mobile-1 elementor-posts--thumbnail-top elementor-card-shadow-yes elementor-widget elementor-widget-posts\" data-id=\"1c98b16\" data-element_type=\"widget\" data-settings=\"{&quot;cards_columns&quot;:&quot;4&quot;,&quot;cards_row_gap&quot;:{&quot;unit&quot;:&quot;px&quot;,&quot;size&quot;:20,&quot;sizes&quot;:[]},&quot;cards_columns_tablet&quot;:&quot;2&quot;,&quot;cards_columns_mobile&quot;:&quot;1&quot;,&quot;cards_row_gap_tablet&quot;:{&quot;unit&quot;:&quot;px&quot;,&quot;size&quot;:&quot;&quot;,&quot;sizes&quot;:[]},&quot;cards_row_gap_mobile&quot;:{&quot;unit&quot;:&quot;px&quot;,&quot;size&quot;:&quot;&quot;,&quot;sizes&quot;:[]}}\" data-widget_type=\"posts.cards\">\n\t\t\t\t<div class=\"elementor-widget-container\">\n\t\t\t\t\t<div class=\"elementor-posts-container elementor-posts elementor-posts--skin-cards elementor-grid\">\n\t\t\t\t<article class=\"elementor-post elementor-grid-item post-35013 page type-page status-publish hentry\">\n\t\t\t<div class=\"elementor-post__card\">\n\t\t\t\t<div class=\"elementor-post__text\">\n\t\t\t\t<h3 class=\"elementor-post__title\">\n\t\t\t<a href=\"https:\/\/www.ufe.cz\/en\/events\/\">\n\t\t\t\tEvents\t\t\t<\/a>\n\t\t<\/h3>\n\t\t\t\t<div class=\"elementor-post__excerpt\">\n\t\t\t<p>Upcoming events Past events<\/p>\n\t\t<\/div>\n\t\t\n\t\t<a class=\"elementor-post__read-more\" href=\"https:\/\/www.ufe.cz\/en\/events\/\" aria-label=\"Read more about Events\" tabindex=\"-1\">\n\t\t\tShow more\t\t<\/a>\n\n\t\t\t\t<\/div>\n\t\t\t\t\t<\/div>\n\t\t<\/article>\n\t\t\t\t<article class=\"elementor-post elementor-grid-item post-34770 page type-page status-publish hentry\">\n\t\t\t<div class=\"elementor-post__card\">\n\t\t\t\t<div class=\"elementor-post__text\">\n\t\t\t\t<h3 class=\"elementor-post__title\">\n\t\t\t<a href=\"https:\/\/www.ufe.cz\/en\/award-winning-publications\/\">\n\t\t\t\tAward-winning publications\t\t\t<\/a>\n\t\t<\/h3>\n\t\t\t\t<div class=\"elementor-post__excerpt\">\n\t\t\t<p>Publications awarded by the Institute of Photonics and Electronics as the best publication of the year 2024 E. Hemmerov\u00e1 and<\/p>\n\t\t<\/div>\n\t\t\n\t\t<a class=\"elementor-post__read-more\" href=\"https:\/\/www.ufe.cz\/en\/award-winning-publications\/\" aria-label=\"Read more about Award-winning publications\" tabindex=\"-1\">\n\t\t\tShow more\t\t<\/a>\n\n\t\t\t\t<\/div>\n\t\t\t\t\t<\/div>\n\t\t<\/article>\n\t\t\t\t<article class=\"elementor-post elementor-grid-item post-32570 page type-page status-publish hentry\">\n\t\t\t<div class=\"elementor-post__card\">\n\t\t\t\t<div class=\"elementor-post__text\">\n\t\t\t\t<h3 class=\"elementor-post__title\">\n\t\t\t<a href=\"https:\/\/www.ufe.cz\/en\/hr-award\/\">\n\t\t\t\tHR Award\t\t\t<\/a>\n\t\t<\/h3>\n\t\t\t\t<div class=\"elementor-post__excerpt\">\n\t\t\t<p>The Institute of Photonics and Electronics of the Czech Academy of Sciences (\u00daFE CAS) is a public research institution of<\/p>\n\t\t<\/div>\n\t\t\n\t\t<a class=\"elementor-post__read-more\" href=\"https:\/\/www.ufe.cz\/en\/hr-award\/\" aria-label=\"Read more about HR Award\" tabindex=\"-1\">\n\t\t\tShow more\t\t<\/a>\n\n\t\t\t\t<\/div>\n\t\t\t\t\t<\/div>\n\t\t<\/article>\n\t\t\t\t<article class=\"elementor-post elementor-grid-item post-26171 page type-page status-publish hentry\">\n\t\t\t<div class=\"elementor-post__card\">\n\t\t\t\t<div class=\"elementor-post__text\">\n\t\t\t\t<h3 class=\"elementor-post__title\">\n\t\t\t<a href=\"https:\/\/www.ufe.cz\/en\/film\/\">\n\t\t\t\tFilm: The first laser eye surgery in Czechoslovakia\t\t\t<\/a>\n\t\t<\/h3>\n\t\t\t\t<div class=\"elementor-post__excerpt\">\n\t\t\t<p>The short film documentary tells an incredible story from today&#8217;s point of view, when less than two years after the<\/p>\n\t\t<\/div>\n\t\t\n\t\t<a class=\"elementor-post__read-more\" href=\"https:\/\/www.ufe.cz\/en\/film\/\" aria-label=\"Read more about Film: The first laser eye surgery in Czechoslovakia\" tabindex=\"-1\">\n\t\t\tShow more\t\t<\/a>\n\n\t\t\t\t<\/div>\n\t\t\t\t\t<\/div>\n\t\t<\/article>\n\t\t\t\t<article class=\"elementor-post elementor-grid-item post-25276 page type-page status-publish hentry\">\n\t\t\t<div class=\"elementor-post__card\">\n\t\t\t\t<div class=\"elementor-post__text\">\n\t\t\t\t<h3 class=\"elementor-post__title\">\n\t\t\t<a href=\"https:\/\/www.ufe.cz\/en\/jmo\/\">\n\t\t\t\tJMO (Fine Mechanics and Optics) \u2013 special double issue dedicated to the 70th Anniversary of the Institute of Photonics and Electronics\t\t\t<\/a>\n\t\t<\/h3>\n\t\t\t\t<div class=\"elementor-post__excerpt\">\n\t\t\t<p>Read in PDF<\/p>\n\t\t<\/div>\n\t\t\n\t\t<a class=\"elementor-post__read-more\" href=\"https:\/\/www.ufe.cz\/en\/jmo\/\" aria-label=\"Read more about JMO (Fine Mechanics and Optics) \u2013 special double issue dedicated to the 70th Anniversary of the Institute of Photonics and Electronics\" tabindex=\"-1\">\n\t\t\tShow more\t\t<\/a>\n\n\t\t\t\t<\/div>\n\t\t\t\t\t<\/div>\n\t\t<\/article>\n\t\t\t\t<article class=\"elementor-post elementor-grid-item post-22787 page type-page status-publish hentry\">\n\t\t\t<div class=\"elementor-post__card\">\n\t\t\t\t<div class=\"elementor-post__text\">\n\t\t\t\t<h3 class=\"elementor-post__title\">\n\t\t\t<a href=\"https:\/\/www.ufe.cz\/en\/about-us-2\/\">\n\t\t\t\tAbout us\t\t\t<\/a>\n\t\t<\/h3>\n\t\t\t\t<div class=\"elementor-post__excerpt\">\n\t\t\t\t\t<\/div>\n\t\t\n\t\t<a class=\"elementor-post__read-more\" href=\"https:\/\/www.ufe.cz\/en\/about-us-2\/\" aria-label=\"Read more about About us\" tabindex=\"-1\">\n\t\t\tShow more\t\t<\/a>\n\n\t\t\t\t<\/div>\n\t\t\t\t\t<\/div>\n\t\t<\/article>\n\t\t\t\t<article class=\"elementor-post elementor-grid-item post-22284 page type-page status-publish hentry\">\n\t\t\t<div class=\"elementor-post__card\">\n\t\t\t\t<div class=\"elementor-post__text\">\n\t\t\t\t<h3 class=\"elementor-post__title\">\n\t\t\t<a href=\"https:\/\/www.ufe.cz\/en\/ivan-kasik-for-students\/\">\n\t\t\t\tIvan Ka\u0161\u00edk &#8211; For students\t\t\t<\/a>\n\t\t<\/h3>\n\t\t\t\t<div class=\"elementor-post__excerpt\">\n\t\t\t<p>Lectures: FEL &#8211; Optical Fibers TUO &#8211; Optical Fiber Technology FJFI &#8211; Optical Fiber Technology V\u0160CHT &#8211; KMI &#8211; Optical<\/p>\n\t\t<\/div>\n\t\t\n\t\t<a class=\"elementor-post__read-more\" href=\"https:\/\/www.ufe.cz\/en\/ivan-kasik-for-students\/\" aria-label=\"Read more about Ivan Ka\u0161\u00edk &#8211; For students\" tabindex=\"-1\">\n\t\t\tShow more\t\t<\/a>\n\n\t\t\t\t<\/div>\n\t\t\t\t\t<\/div>\n\t\t<\/article>\n\t\t\t\t<article class=\"elementor-post elementor-grid-item post-22277 page type-page status-publish hentry\">\n\t\t\t<div class=\"elementor-post__card\">\n\t\t\t\t<div class=\"elementor-post__text\">\n\t\t\t\t<h3 class=\"elementor-post__title\">\n\t\t\t<a href=\"https:\/\/www.ufe.cz\/en\/ondrej-podrazky-for-students\/\">\n\t\t\t\tOnd\u0159ej Podrazk\u00fd &#8211; For students\t\t\t<\/a>\n\t\t<\/h3>\n\t\t\t\t<div class=\"elementor-post__excerpt\">\n\t\t\t<p>\u00a0 Visit from University of Antwerp &#8211; Optical Fiber Technology 2026<\/p>\n\t\t<\/div>\n\t\t\n\t\t<a class=\"elementor-post__read-more\" href=\"https:\/\/www.ufe.cz\/en\/ondrej-podrazky-for-students\/\" aria-label=\"Read more about Ond\u0159ej Podrazk\u00fd &#8211; For students\" tabindex=\"-1\">\n\t\t\tShow more\t\t<\/a>\n\n\t\t\t\t<\/div>\n\t\t\t\t\t<\/div>\n\t\t<\/article>\n\t\t\t\t<article class=\"elementor-post elementor-grid-item post-22273 page type-page status-publish hentry\">\n\t\t\t<div class=\"elementor-post__card\">\n\t\t\t\t<div class=\"elementor-post__text\">\n\t\t\t\t<h3 class=\"elementor-post__title\">\n\t\t\t<a href=\"https:\/\/www.ufe.cz\/en\/pavel-peterka-for-students\/\">\n\t\t\t\tPavel Peterka &#8211; For students\t\t\t<\/a>\n\t\t<\/h3>\n\t\t\t\t<div class=\"elementor-post__excerpt\">\n\t\t\t<p>T\u00e9mata studentsk\u00fdch prac\u00ed Student projects Nov\u00e9 typy pl\u00e1\u0161t\u011bm \u010derpan\u00fdch thuliov\u00fdch vl\u00e1ken pro vl\u00e1knov\u00e9 lasery s vysok\u00fdm v\u00fdkonem\u00a0(diserta\u010dn\u00ed pr\u00e1ce) M\u00f3dov\u00e9 nestability<\/p>\n\t\t<\/div>\n\t\t\n\t\t<a class=\"elementor-post__read-more\" href=\"https:\/\/www.ufe.cz\/en\/pavel-peterka-for-students\/\" aria-label=\"Read more about Pavel Peterka &#8211; For students\" tabindex=\"-1\">\n\t\t\tShow more\t\t<\/a>\n\n\t\t\t\t<\/div>\n\t\t\t\t\t<\/div>\n\t\t<\/article>\n\t\t\t\t<article class=\"elementor-post elementor-grid-item post-21998 page type-page status-publish hentry\">\n\t\t\t<div class=\"elementor-post__card\">\n\t\t\t\t<div class=\"elementor-post__text\">\n\t\t\t\t<h3 class=\"elementor-post__title\">\n\t\t\t<a href=\"https:\/\/www.ufe.cz\/en\/about-us\/\">\n\t\t\t\tAbout us\t\t\t<\/a>\n\t\t<\/h3>\n\t\t\t\t<div class=\"elementor-post__excerpt\">\n\t\t\t\t\t<\/div>\n\t\t\n\t\t<a class=\"elementor-post__read-more\" href=\"https:\/\/www.ufe.cz\/en\/about-us\/\" aria-label=\"Read more about About us\" tabindex=\"-1\">\n\t\t\tShow more\t\t<\/a>\n\n\t\t\t\t<\/div>\n\t\t\t\t\t<\/div>\n\t\t<\/article>\n\t\t\t\t<article class=\"elementor-post elementor-grid-item post-14733 page type-page status-publish hentry\">\n\t\t\t<div class=\"elementor-post__card\">\n\t\t\t\t<div class=\"elementor-post__text\">\n\t\t\t\t<h3 class=\"elementor-post__title\">\n\t\t\t<a href=\"https:\/\/www.ufe.cz\/en\/projects\/\">\n\t\t\t\tProjects\t\t\t<\/a>\n\t\t<\/h3>\n\t\t\t\t<div class=\"elementor-post__excerpt\">\n\t\t\t\t\t<\/div>\n\t\t\n\t\t<a class=\"elementor-post__read-more\" href=\"https:\/\/www.ufe.cz\/en\/projects\/\" aria-label=\"Read more about Projects\" tabindex=\"-1\">\n\t\t\tShow more\t\t<\/a>\n\n\t\t\t\t<\/div>\n\t\t\t\t\t<\/div>\n\t\t<\/article>\n\t\t\t\t<article class=\"elementor-post elementor-grid-item post-14683 page type-page status-publish hentry\">\n\t\t\t<div class=\"elementor-post__card\">\n\t\t\t\t<div class=\"elementor-post__text\">\n\t\t\t\t<h3 class=\"elementor-post__title\">\n\t\t\t<a href=\"https:\/\/www.ufe.cz\/en\/patents\/\">\n\t\t\t\tPatents\t\t\t<\/a>\n\t\t<\/h3>\n\t\t\t\t<div class=\"elementor-post__excerpt\">\n\t\t\t<p>Czech patents M. Cifra, P. K\u016frka, D. Havelka, J. Havl\u00ed\u010dek. A method to determine complex permittivity. Czech Republic, Patent no.<\/p>\n\t\t<\/div>\n\t\t\n\t\t<a class=\"elementor-post__read-more\" href=\"https:\/\/www.ufe.cz\/en\/patents\/\" aria-label=\"Read more about Patents\" tabindex=\"-1\">\n\t\t\tShow more\t\t<\/a>\n\n\t\t\t\t<\/div>\n\t\t\t\t\t<\/div>\n\t\t<\/article>\n\t\t\t\t<article class=\"elementor-post elementor-grid-item post-14651 page type-page status-publish hentry\">\n\t\t\t<div class=\"elementor-post__card\">\n\t\t\t\t<div class=\"elementor-post__text\">\n\t\t\t\t<h3 class=\"elementor-post__title\">\n\t\t\t<a href=\"https:\/\/www.ufe.cz\/en\/employees\/\">\n\t\t\t\tEmployees\t\t\t<\/a>\n\t\t<\/h3>\n\t\t\t\t<div class=\"elementor-post__excerpt\">\n\t\t\t<p>Name E-mail Telephone Position Department More information<\/p>\n\t\t<\/div>\n\t\t\n\t\t<a class=\"elementor-post__read-more\" href=\"https:\/\/www.ufe.cz\/en\/employees\/\" aria-label=\"Read more about Employees\" tabindex=\"-1\">\n\t\t\tShow more\t\t<\/a>\n\n\t\t\t\t<\/div>\n\t\t\t\t\t<\/div>\n\t\t<\/article>\n\t\t\t\t<article class=\"elementor-post elementor-grid-item post-8920 page type-page status-publish hentry\">\n\t\t\t<div class=\"elementor-post__card\">\n\t\t\t\t<div class=\"elementor-post__text\">\n\t\t\t\t<h3 class=\"elementor-post__title\">\n\t\t\t<a href=\"https:\/\/www.ufe.cz\/en\/publications\/\">\n\t\t\t\tPublications\t\t\t<\/a>\n\t\t<\/h3>\n\t\t\t\t<div class=\"elementor-post__excerpt\">\n\t\t\t\t\t<\/div>\n\t\t\n\t\t<a class=\"elementor-post__read-more\" href=\"https:\/\/www.ufe.cz\/en\/publications\/\" aria-label=\"Read more about Publications\" tabindex=\"-1\">\n\t\t\tShow more\t\t<\/a>\n\n\t\t\t\t<\/div>\n\t\t\t\t\t<\/div>\n\t\t<\/article>\n\t\t\t\t<article class=\"elementor-post elementor-grid-item post-15212 page type-page status-publish hentry\">\n\t\t\t<div class=\"elementor-post__card\">\n\t\t\t\t<div class=\"elementor-post__text\">\n\t\t\t\t<h3 class=\"elementor-post__title\">\n\t\t\t<a href=\"https:\/\/www.ufe.cz\/en\/research\/\">\n\t\t\t\tResearch\t\t\t<\/a>\n\t\t<\/h3>\n\t\t\t\t<div class=\"elementor-post__excerpt\">\n\t\t\t<p>Optical Biosensors Team leader: Ji\u0159\u00ed Homola The research team develops unique tools that provide a detailed insight into the biomolecular<\/p>\n\t\t<\/div>\n\t\t\n\t\t<a class=\"elementor-post__read-more\" href=\"https:\/\/www.ufe.cz\/en\/research\/\" aria-label=\"Read more about Research\" tabindex=\"-1\">\n\t\t\tShow more\t\t<\/a>\n\n\t\t\t\t<\/div>\n\t\t\t\t\t<\/div>\n\t\t<\/article>\n\t\t\t\t<article class=\"elementor-post elementor-grid-item post-15203 page type-page status-publish hentry\">\n\t\t\t<div class=\"elementor-post__card\">\n\t\t\t\t<div class=\"elementor-post__text\">\n\t\t\t\t<h3 class=\"elementor-post__title\">\n\t\t\t<a href=\"https:\/\/www.ufe.cz\/en\/public-media\/\">\n\t\t\t\tPublic &#038; Media\t\t\t<\/a>\n\t\t<\/h3>\n\t\t\t\t<div class=\"elementor-post__excerpt\">\n\t\t\t\t\t<\/div>\n\t\t\n\t\t<a class=\"elementor-post__read-more\" href=\"https:\/\/www.ufe.cz\/en\/public-media\/\" aria-label=\"Read more about Public &#038; Media\" tabindex=\"-1\">\n\t\t\tShow more\t\t<\/a>\n\n\t\t\t\t<\/div>\n\t\t\t\t\t<\/div>\n\t\t<\/article>\n\t\t\t\t<article class=\"elementor-post elementor-grid-item post-14990 page type-page status-publish hentry\">\n\t\t\t<div class=\"elementor-post__card\">\n\t\t\t\t<div class=\"elementor-post__text\">\n\t\t\t\t<h3 class=\"elementor-post__title\">\n\t\t\t<a href=\"https:\/\/www.ufe.cz\/en\/technology-transfer\/\">\n\t\t\t\tTechnology transfer\t\t\t<\/a>\n\t\t<\/h3>\n\t\t\t\t<div class=\"elementor-post__excerpt\">\n\t\t\t<p>Institute of Photonics and Electronics (\u00daFE) plays a leading role in the research of photonics, optics and electronics in the<\/p>\n\t\t<\/div>\n\t\t\n\t\t<a class=\"elementor-post__read-more\" href=\"https:\/\/www.ufe.cz\/en\/technology-transfer\/\" aria-label=\"Read more about Technology transfer\" tabindex=\"-1\">\n\t\t\tShow more\t\t<\/a>\n\n\t\t\t\t<\/div>\n\t\t\t\t\t<\/div>\n\t\t<\/article>\n\t\t\t\t<article class=\"elementor-post elementor-grid-item post-14859 page type-page status-publish hentry\">\n\t\t\t<div class=\"elementor-post__card\">\n\t\t\t\t<div class=\"elementor-post__text\">\n\t\t\t\t<h3 class=\"elementor-post__title\">\n\t\t\t<a href=\"https:\/\/www.ufe.cz\/en\/contact\/\">\n\t\t\t\tContact\t\t\t<\/a>\n\t\t<\/h3>\n\t\t\t\t<div class=\"elementor-post__excerpt\">\n\t\t\t<p>Institute of Photonics and Electronics Czech Academy of Sciences Chabersk\u00e1 1014\/57 182 00\u00a0 Praha 8 &#8211; Kobylisy +420 266 773<\/p>\n\t\t<\/div>\n\t\t\n\t\t<a class=\"elementor-post__read-more\" href=\"https:\/\/www.ufe.cz\/en\/contact\/\" aria-label=\"Read more about Contact\" tabindex=\"-1\">\n\t\t\tShow more\t\t<\/a>\n\n\t\t\t\t<\/div>\n\t\t\t\t\t<\/div>\n\t\t<\/article>\n\t\t\t\t<article class=\"elementor-post elementor-grid-item post-14845 page type-page status-publish hentry\">\n\t\t\t<div class=\"elementor-post__card\">\n\t\t\t\t<div class=\"elementor-post__text\">\n\t\t\t\t<h3 class=\"elementor-post__title\">\n\t\t\t<a href=\"https:\/\/www.ufe.cz\/en\/career\/\">\n\t\t\t\tCareer\t\t\t<\/a>\n\t\t<\/h3>\n\t\t\t\t<div class=\"elementor-post__excerpt\">\n\t\t\t\t\t<\/div>\n\t\t\n\t\t<a class=\"elementor-post__read-more\" href=\"https:\/\/www.ufe.cz\/en\/career\/\" aria-label=\"Read more about Career\" tabindex=\"-1\">\n\t\t\tShow more\t\t<\/a>\n\n\t\t\t\t<\/div>\n\t\t\t\t\t<\/div>\n\t\t<\/article>\n\t\t\t\t<article class=\"elementor-post elementor-grid-item post-14566 page type-page status-publish has-post-thumbnail hentry\">\n\t\t\t<div class=\"elementor-post__card\">\n\t\t\t\t<a class=\"elementor-post__thumbnail__link\" href=\"https:\/\/www.ufe.cz\/en\/\" tabindex=\"-1\"><div class=\"elementor-post__thumbnail\"><img decoding=\"async\" width=\"300\" height=\"81\" src=\"https:\/\/www.ufe.cz\/wp-content\/uploads\/2024\/09\/dod-web2-carousel1-300x81.png\" class=\"attachment-medium size-medium wp-image-11523\" alt=\"\" srcset=\"https:\/\/www.ufe.cz\/wp-content\/uploads\/2024\/09\/dod-web2-carousel1-300x81.png 300w, https:\/\/www.ufe.cz\/wp-content\/uploads\/2024\/09\/dod-web2-carousel1-1024x276.png 1024w, https:\/\/www.ufe.cz\/wp-content\/uploads\/2024\/09\/dod-web2-carousel1-768x207.png 768w, https:\/\/www.ufe.cz\/wp-content\/uploads\/2024\/09\/dod-web2-carousel1-1536x415.png 1536w, https:\/\/www.ufe.cz\/wp-content\/uploads\/2024\/09\/dod-web2-carousel1-2048x553.png 2048w\" sizes=\"(max-width: 300px) 100vw, 300px\" \/><\/div><\/a>\n\t\t\t\t<div class=\"elementor-post__text\">\n\t\t\t\t<h3 class=\"elementor-post__title\">\n\t\t\t<a href=\"https:\/\/www.ufe.cz\/en\/\">\n\t\t\t\tHome\t\t\t<\/a>\n\t\t<\/h3>\n\t\t\t\t<div class=\"elementor-post__excerpt\">\n\t\t\t<p>Optical BiosensorsWe develop unique tools for detailed insight into the biomolecular world.Find out moreFiber lasers and non-linear opticsOur research focuses<\/p>\n\t\t<\/div>\n\t\t\n\t\t<a class=\"elementor-post__read-more\" href=\"https:\/\/www.ufe.cz\/en\/\" aria-label=\"Read more about Home\" tabindex=\"-1\">\n\t\t\tShow more\t\t<\/a>\n\n\t\t\t\t<\/div>\n\t\t\t\t\t<\/div>\n\t\t<\/article>\n\t\t\t\t<\/div>\n\t\t\n\t\t\t\t<\/div>\n\t\t\t\t<\/div>\n\t\t\t\t\t<\/div>\n\t\t<\/div>\n\t\t\t\t\t<\/div>\n\t\t<\/section>\n\t\t\t\t<\/div>\n\t\t","protected":false},"excerpt":{"rendered":"","protected":false},"author":1,"featured_media":0,"parent":18459,"menu_order":31,"comment_status":"closed","ping_status":"closed","template":"","meta":{"_acf_changed":false,"footnotes":""},"acf":[],"_links":{"self":[{"href":"https:\/\/www.ufe.cz\/en\/wp-json\/wp\/v2\/pages\/18483"}],"collection":[{"href":"https:\/\/www.ufe.cz\/en\/wp-json\/wp\/v2\/pages"}],"about":[{"href":"https:\/\/www.ufe.cz\/en\/wp-json\/wp\/v2\/types\/page"}],"author":[{"embeddable":true,"href":"https:\/\/www.ufe.cz\/en\/wp-json\/wp\/v2\/users\/1"}],"replies":[{"embeddable":true,"href":"https:\/\/www.ufe.cz\/en\/wp-json\/wp\/v2\/comments?post=18483"}],"version-history":[{"count":0,"href":"https:\/\/www.ufe.cz\/en\/wp-json\/wp\/v2\/pages\/18483\/revisions"}],"up":[{"embeddable":true,"href":"https:\/\/www.ufe.cz\/en\/wp-json\/wp\/v2\/pages\/18459"}],"wp:attachment":[{"href":"https:\/\/www.ufe.cz\/en\/wp-json\/wp\/v2\/media?parent=18483"}],"curies":[{"name":"wp","href":"https:\/\/api.w.org\/{rel}","templated":true}]}}