{"id":22273,"date":"2025-02-18T15:59:06","date_gmt":"2025-02-18T14:59:06","guid":{"rendered":"https:\/\/www.ufe.cz\/pavel-peterka-pro-studenty\/"},"modified":"2025-02-25T10:40:43","modified_gmt":"2025-02-25T09:40:43","slug":"pavel-peterka-for-students","status":"publish","type":"page","link":"https:\/\/www.ufe.cz\/en\/pavel-peterka-for-students\/","title":{"rendered":"Pavel Peterka &#8211; For students"},"content":{"rendered":"\t\t<div data-elementor-type=\"wp-page\" data-elementor-id=\"22273\" class=\"elementor elementor-22273 elementor-22021\" data-elementor-post-type=\"page\">\n\t\t\t\t<div class=\"elementor-element elementor-element-4a8b96d e-flex e-con-boxed e-con e-parent\" data-id=\"4a8b96d\" data-element_type=\"container\">\n\t\t\t\t\t<div class=\"e-con-inner\">\n\t\t\t\t<div class=\"elementor-element elementor-element-104121d elementor-widget elementor-widget-text-editor\" data-id=\"104121d\" data-element_type=\"widget\" data-widget_type=\"text-editor.default\">\n\t\t\t\t<div class=\"elementor-widget-container\">\n\t\t\t\t\t\t\t<h3>T\u00e9mata studentsk\u00fdch prac\u00ed\u00a0<\/h3><p><em><strong>Student projects<\/strong><\/em><\/p><p><a href=\"https:\/\/www.ufe.cz\/wp-content\/uploads\/2025\/02\/phd-thesis-tm-doped-fiber-lasersdocx.pdf\">Nov\u00e9 typy pl\u00e1\u0161t\u011bm \u010derpan\u00fdch thuliov\u00fdch vl\u00e1ken pro vl\u00e1knov\u00e9 lasery s vysok\u00fdm v\u00fdkonem<\/a>\u00a0(diserta\u010dn\u00ed pr\u00e1ce)<\/p><p><a href=\"https:\/\/www.ufe.cz\/wp-content\/uploads\/2025\/02\/bsc-msc-thesis-mode-instabilities.pdf\">M\u00f3dov\u00e9 nestability vl\u00e1knov\u00fdch laser\u016f a zesilova\u010d\u016f<\/a>\u00a0(BP, V\u00da, DP)<\/p><p><a href=\"https:\/\/www.ufe.cz\/wp-content\/uploads\/2025\/02\/bsc-msc-thesis-tm-fiber-measurementsdocx.pdf\">Spektroskopick\u00e1 charakterizace thuliem a holmiem dopovan\u00fdch optick\u00fdch vl\u00e1ken pro vl\u00e1knov\u00e9 lasery<\/a>\u00a0(BP, V\u00da, DP)<\/p><h3><strong>Vl\u00e1knov\u00e9 lasery a zesilova\u010de<\/strong><\/h3><p><em><strong>Fiber lasers and amplifiers<\/strong><\/em><\/p><p><a href=\"https:\/\/www.ufe.cz\/wp-content\/uploads\/2025\/02\/vla-syllabus-etc.pdf\">Syllabus<\/a>\u00a0(both in Czech and English)<\/p><p>Semestr\u00e1ln\u00ed kurz v r\u00e1mci magistersk\u00e9ho studia na Kated\u0159e fyzik\u00e1ln\u00ed elektroniky Fakulty jadern\u00e9 a fyzik\u00e1ln\u011b in\u017een\u00fdrsk\u00e9 \u010cVUT v Praze. P\u0159edm\u011bt si mohou zapsat tak\u00e9 studenti Fakulty elektrotechnick\u00e9 \u010cVUT a Matematicko-fyzik\u00e1ln\u00ed fakulty Univerzity Karlovy.<\/p><p><em>Semestral course for graduate students at the Faculty of Nuclear Sciences and Physical Engineering of the Czech Technical University (CTU) in Prague.\u00a0<\/em><em>It is opened also for the students from the Faculty of Electrical Engineering CTU and the Faculty of Mathematics and Physics of the Charles University.\u00a0<\/em><em>The information below is available only in Czech.<\/em><\/p><p><a href=\"https:\/\/www.ufe.cz\/wp-content\/uploads\/2025\/02\/vla-okruhy-otazek.doc\">Ot\u00e1zky ke zkou\u0161ce<\/a><\/p><p><a href=\"https:\/\/www.ufe.cz\/wp-content\/uploads\/2025\/02\/vls-2024-terminy-prednasek.pdf\" target=\"_blank\" rel=\"noopener\">Term\u00edny p\u0159edn\u00e1\u0161ek v zimn\u00edm semestru \u0161koln\u00edho roku 2024\/25\u00a0<\/a><em>dates 2024\/25<\/em>\u00a0<\/p><p><a href=\"https:\/\/www.ufe.cz\/wp-content\/uploads\/2025\/02\/prednasky.zip\">P\u0159edn\u00e1\u0161ky a zad\u00e1n\u00ed \u00faloh ve form\u00e1tu pdf<\/a>\u00a0<em><a href=\"https:\/\/www.ufe.cz\/wp-content\/uploads\/2025\/02\/prednasky.zip\">\u00a0lectures and tasks<\/a><\/em>\u00a0(neve\u0159ejn\u00e9, chr\u00e1n\u011bno heslem)<\/p><p><a href=\"https:\/\/www.ufe.cz\/wp-content\/uploads\/2025\/02\/ulohy.zip\">Data k \u00faloh\u00e1m\u00a0<\/a><em><a href=\"https:\/\/www.ufe.cz\/wp-content\/uploads\/2025\/02\/ulohy.zip\">data for tasks<\/a><\/em><a href=\"https:\/\/www.ufe.cz\/sites\/default\/files\/peterka\/fjfi\/ulohy.zip\"><em>\u00a0<\/em><\/a>\u00a0(neve\u0159ejn\u00e9, chr\u00e1n\u011bno heslem)<\/p><p><a href=\"https:\/\/www.ufe.cz\/wp-content\/uploads\/2025\/02\/vla-studenti.zip\">Seznam poslucha\u010d\u016f p\u0159edm\u011btu od r. 2007\u00a0<\/a><em>list of attendees 2007<\/em><a href=\"https:\/\/www.ufe.cz\/sites\/default\/files\/peterka\/fjfi\/vla-studenti.zip\">\u00a0<\/a>\u00a0 (chr\u00e1n\u011bno heslem)<\/p><h4>Dal\u0161\u00ed reference ke sta\u017een\u00ed :<\/h4><p>P. Peterka, &#8220;<a href=\"https:\/\/youtu.be\/h17GjmLTjw4\" target=\"_blank\" rel=\"noopener\">Double-clad fibers for high-power fiber lasers<\/a>&#8220;, Europhoton 2020 Summer School tutorial lecture<\/p><p>P. Peterka, P. Ko\u0161ka, and J. \u010ctyrok\u00fd, &#8220;<strong><a href=\"https:\/\/www.ufe.cz\/wp-content\/uploads\/2025\/02\/18-peterka-koska-ctyroky-jstqe-superimposed-fbgs-in-fiber-lasers-manuscript-r10web.pdf\">Reflectivity of Superimposed Bragg Gratings Induced by Longitudinal Mode Instabilities in Fiber Lasers<\/a><\/strong>,&#8221; in IEEE J. Selected Topics in Quantum Electronics, vol. 24, no. 3, May-June 2018. accepted manuscript,\u00a0<a href=\"https:\/\/doi.org\/10.1109\/JSTQE.2018.2806084\" target=\"_blank\" rel=\"noopener\">doi: 10.1109\/JSTQE.2018.2806084<\/a>\u00a0<\/p><div>P. Ko\u0161ka, P. Peterka, V. Doya, &#8220;<strong><a href=\"https:\/\/www.ufe.cz\/wp-content\/uploads\/2025\/02\/16-jstqe-coiled-and-twisted-v11.pdf\">Numerical modeling of pump absorption in coiled and twisted double-clad fibers<\/a><\/strong>,&#8221; in IEEE Journal of Selected Topics in Quantum Electronics, vol. 22, no. 2, pp. 55-62, March-April 2016. accepted manuscript,\u00a0<strong><a href=\"https:\/\/doi.org\/10.1109\/JSTQE.2015.2490100\" target=\"_blank\" rel=\"noopener\">doi: 10.1109\/JSTQE.2015.2490100<\/a><\/strong><\/div><p><a href=\"https:\/\/www.ufe.cz\/wp-content\/uploads\/2025\/02\/15-peterka-jmo-thulium-a-historie-ufe.pdf\">60 let sv\u011btla v \u00dastavu fotoniky a elektroniky AV \u010cR<\/a>, Jemn\u00e1 mechanika a optika, \u010d\u00e1sti t\u00fdkaj\u00edc\u00ed se historie \u00daFE ze speci\u00e1ln\u00edho dvoj\u010d\u00edsla k 60. v\u00fdro\u010d\u00ed zalo\u017een\u00ed \u00fastavu, 5-6\/2015.\u00a0<a href=\"https:\/\/www.ufe.cz\/wp-content\/uploads\/2025\/02\/errata-maser-bw-2-2017.pdf\">Errata &#8211; 1. \u010ds. maser<\/a>, Jemn\u00e1 mechanika a optika p. 35, No. 1, 2017.<\/p><p>P. Peterka, P. Honz\u00e1tko, I. Ka\u0161\u00edk a A. Michkov\u00e1, &#8220;<a href=\"https:\/\/www.ufe.cz\/wp-content\/uploads\/2025\/02\/14-vlaknove-lasery-vkn.pdf\">Vl\u00e1knov\u00e9 lasery<\/a>&#8220;, 2. svazek edice V\u011bda kolem n\u00e1s, Academia, 2014<\/p><p>Pavel Peterka, Pavel Honz\u00e1tko a\u00a0Ivan Ka\u0161\u00edk, &#8220;<a href=\"https:\/\/www.ufe.cz\/sites\/default\/files\/peterka\/fjfi\/15_peterka_honzatko_kasik_ccf-vlaknove_lasery.pdf\">Vl\u00e1knov\u00e9 lasery: nov\u00fd n\u00e1stroj pro pr\u016fmysl a medic\u00ednu<\/a>,&#8221; \u010ceskoslovensk\u00fd \u010dasopis pro fyziku\u00a0<strong>65<\/strong>(5):389-394, 2015. Jedn\u00e1 se o aktualizovanou a dopln\u011bnou verzi star\u0161\u00edho \u010dl\u00e1nku:\u00a0 P. Peterka, P. Honz\u00e1tko and M. Kar\u00e1sek, &#8220;<a href=\"https:\/\/www.ufe.cz\/wp-content\/uploads\/2025\/02\/15-peterka-honzatko-kasik-ccf-vlaknove-lasery.pdf\">Vl\u00e1knov\u00e9 lasery &#8211; jasn\u00e9 sv\u011btlo ze sklen\u011bn\u00fdch nitek<\/a>&#8220;, \u010ceskoslovensk\u00fd \u010dasopis pro fyziku\u00a0<strong>60<\/strong>(4-5):302-307, 2010.<\/p><p>P. Peterka,<a href=\"https:\/\/www.ufe.cz\/wp-content\/uploads\/2025\/02\/12-peterka-21-stoleti-panorama.pdf\">\u00a0&#8220;Vl\u00e1knov\u00e9 lasery dob\u00fdvaj\u00ed sv\u011bt&#8221;, Panorama 21. STOLET\u00cd<\/a>, \u010d\u00edslo 6, str. 16-19, 2012. (populariza\u010dn\u00ed \u010dl\u00e1nek)<\/p><p>I. Ka\u0161\u00edk and P. Peterka, &#8220;<a href=\"https:\/\/www.ufe.cz\/wp-content\/uploads\/2025\/02\/11-kasik-peterka-ccf-opticka-vlakna.pdf\">Optick\u00e1 vl\u00e1kna &#8211; p\u00e1te\u0159 modern\u00edch komunikac\u00ed<\/a>&#8220;,\u00a0\u010ceskoslovensk\u00fd \u010dasopis pro fyziku\u00a0<strong>61<\/strong>(1):4-7, 2011.<\/p><p>P. Peterka and V. Mat\u011bjec, &#8220;<a href=\"https:\/\/www.ufe.cz\/wp-content\/uploads\/2025\/02\/10-peterka-matejec-pmfa-nobelovka-pro-opticka-vlakna.pdf\">Optick\u00e1 vl\u00e1kna se do\u010dkala Nobelovy ceny za fyziku<\/a>&#8220;, Pokroky matematiky, fyziky a astronomie\u00a0<strong>55<\/strong>(1):1-11, 2010, vy\u0161lo tak\u00e9 v \u010dasopise Sd\u011blovac\u00ed technika\u00a0<strong>59<\/strong>(3):16-20, 2010.<\/p><p>Jan Blabla a Viktor Trkal,<a href=\"https:\/\/www.ufe.cz\/wp-content\/uploads\/2025\/02\/10-blabla-cescasfyz-50-let-laseru-z-historie-ure.pdf\">\u00a0Po\u010d\u00e1tky kvantov\u00e9 elektroniky v \u00dastavu radiotechniky a elektroniky<\/a>, \u010cs. \u010dasopis pro fyziku\u00a0<strong>60<\/strong>(4-5):221-228, 2010.<\/p><p>P. Peterka, &#8220;<a href=\"https:\/\/www.ufe.cz\/wp-content\/uploads\/2025\/02\/dp.pdf\">Dvouj\u00e1drov\u00e1 optick\u00e1 vl\u00e1kna pro vl\u00e1knov\u00e9 lasery<\/a>&#8220;, diserta\u010dn\u00ed pr\u00e1ce \u010cVUT, 2000.<\/p>\t\t\t\t\t\t<\/div>\n\t\t\t\t<\/div>\n\t\t\t\t\t<\/div>\n\t\t\t\t<\/div>\n\t\t\t\t<\/div>\n\t\t","protected":false},"excerpt":{"rendered":"<p>T\u00e9mata studentsk\u00fdch prac\u00ed Student projects Nov\u00e9 typy pl\u00e1\u0161t\u011bm \u010derpan\u00fdch thuliov\u00fdch vl\u00e1ken pro vl\u00e1knov\u00e9 lasery s vysok\u00fdm v\u00fdkonem\u00a0(diserta\u010dn\u00ed pr\u00e1ce) M\u00f3dov\u00e9 nestability vl\u00e1knov\u00fdch laser\u016f a zesilova\u010d\u016f\u00a0(BP, V\u00da, DP) Spektroskopick\u00e1 charakterizace thuliem a holmiem dopovan\u00fdch optick\u00fdch vl\u00e1ken pro vl\u00e1knov\u00e9 lasery\u00a0(BP, V\u00da, DP) Vl\u00e1knov\u00e9 lasery a zesilova\u010de Fiber lasers and amplifiers Syllabus\u00a0(both in Czech and English) Semestr\u00e1ln\u00ed kurz v [&hellip;]<\/p>\n","protected":false},"author":5,"featured_media":0,"parent":0,"menu_order":0,"comment_status":"closed","ping_status":"closed","template":"","meta":{"_acf_changed":false,"footnotes":""},"acf":[],"_links":{"self":[{"href":"https:\/\/www.ufe.cz\/en\/wp-json\/wp\/v2\/pages\/22273"}],"collection":[{"href":"https:\/\/www.ufe.cz\/en\/wp-json\/wp\/v2\/pages"}],"about":[{"href":"https:\/\/www.ufe.cz\/en\/wp-json\/wp\/v2\/types\/page"}],"author":[{"embeddable":true,"href":"https:\/\/www.ufe.cz\/en\/wp-json\/wp\/v2\/users\/5"}],"replies":[{"embeddable":true,"href":"https:\/\/www.ufe.cz\/en\/wp-json\/wp\/v2\/comments?post=22273"}],"version-history":[{"count":0,"href":"https:\/\/www.ufe.cz\/en\/wp-json\/wp\/v2\/pages\/22273\/revisions"}],"wp:attachment":[{"href":"https:\/\/www.ufe.cz\/en\/wp-json\/wp\/v2\/media?parent=22273"}],"curies":[{"name":"wp","href":"https:\/\/api.w.org\/{rel}","templated":true}]}}