{"id":34770,"date":"2026-03-24T09:16:22","date_gmt":"2026-03-24T08:16:22","guid":{"rendered":"https:\/\/www.ufe.cz\/ocenene-publikace\/"},"modified":"2026-04-21T10:14:11","modified_gmt":"2026-04-21T08:14:11","slug":"award-winning-publications","status":"publish","type":"page","link":"https:\/\/www.ufe.cz\/en\/award-winning-publications\/","title":{"rendered":"Award-winning publications"},"content":{"rendered":"\t\t<div data-elementor-type=\"wp-page\" data-elementor-id=\"34770\" class=\"elementor elementor-34770 elementor-34745\" data-elementor-post-type=\"page\">\n\t\t\t\t<div class=\"elementor-element elementor-element-f395ed4 e-flex e-con-boxed e-con e-parent\" data-id=\"f395ed4\" data-element_type=\"container\">\n\t\t\t\t\t<div class=\"e-con-inner\">\n\t\t\t\t<div class=\"elementor-element elementor-element-c9661bd elementor-widget elementor-widget-heading\" data-id=\"c9661bd\" data-element_type=\"widget\" data-widget_type=\"heading.default\">\n\t\t\t\t<div class=\"elementor-widget-container\">\n\t\t\t<h3 class=\"elementor-heading-title elementor-size-default\">Publications awarded by the Institute of Photonics and Electronics as the best publication of the year <\/h3>\t\t<\/div>\n\t\t\t\t<\/div>\n\t\t\t\t\t<\/div>\n\t\t\t\t<\/div>\n\t\t<div class=\"elementor-element elementor-element-c1e8115 e-flex e-con-boxed e-con e-parent\" data-id=\"c1e8115\" data-element_type=\"container\">\n\t\t\t\t\t<div class=\"e-con-inner\">\n\t\t\t\t<div class=\"elementor-element elementor-element-e7da40b elementor-widget elementor-widget-text-editor\" data-id=\"e7da40b\" data-element_type=\"widget\" data-widget_type=\"text-editor.default\">\n\t\t\t\t<div class=\"elementor-widget-container\">\n\t\t\t\t\t\t\t<h4>2024<\/h4><p><span class=\"publikace-autor\"><a href=\"https:\/\/www.ufe.cz\/en\/z\/erika-hemmerova\">E. Hemmerov\u00e1<\/a> and <a href=\"https:\/\/www.ufe.cz\/en\/z\/jiri-homola\">J. Homola<\/a>, <\/span> <span class=\"publikate-title\">&#8220;Combining plasmonic and electrochemical biosensing methods&#8221;, <\/span> <span class=\"publikace-casopis\">Biosensors and Bioelectronics<\/span> <span class=\"publikace-vydani\">251, <\/span> <span class=\"publikace-strana\">116098 <\/span><span class=\"publikace-rocnik\">(2024) <\/span><span class=\"publikace-doi\">doi:<a href=\"https:\/\/doi.org\/10.1016\/j.bios.2024.116098\" target=\"_blank\" rel=\"noopener\">10.1016\/j.bios.2024.116098<\/a><\/span><br \/><em>(the best publication)<\/em><\/p>\t\t\t\t\t\t<\/div>\n\t\t\t\t<\/div>\n\t\t\t\t\t<\/div>\n\t\t\t\t<\/div>\n\t\t<div class=\"elementor-element elementor-element-12c3a63 e-flex e-con-boxed e-con e-parent\" data-id=\"12c3a63\" data-element_type=\"container\">\n\t\t\t\t\t<div class=\"e-con-inner\">\n\t\t\t\t<div class=\"elementor-element elementor-element-cfed94a elementor-widget elementor-widget-text-editor\" data-id=\"cfed94a\" data-element_type=\"widget\" data-widget_type=\"text-editor.default\">\n\t\t\t\t<div class=\"elementor-widget-container\">\n\t\t\t\t\t\t\t<h4>2023<\/h4><p><span class=\"publikace-autor\"><a href=\"https:\/\/www.ufe.cz\/en\/z\/jiri-ctyroky\/\">J. \u010ctyrok\u00fd<\/a>, J. Petr\u00e1\u010dek, <a href=\"https:\/\/www.ufe.cz\/en\/z\/vladimir-kuzmiak\/\">V. Kuzmiak<\/a> and I. Richter, <\/span> <span class=\"publikate-title\">&#8220;Bound modes in the continuum in integrated photonic LiNbO3 waveguides: are they always beneficial?&#8221;, <\/span> <span class=\"publikace-casopis\">Optics Express.<\/span> <span class=\"publikace-vydani\">31(1), <\/span> <span class=\"publikace-strana\">44-55 <\/span><span class=\"publikace-rocnik\">(2023) <\/span><span class=\"publikace-doi\">doi:<a href=\"https:\/\/doi.org\/10.1364\/OE.477228\" target=\"_blank\" rel=\"noopener\">10.1364\/OE.477228<\/a><br \/><em>(the best publication)<\/em><br \/><\/span><\/p><p><span class=\"publikace-autor\"><a href=\"https:\/\/www.ufe.cz\/en\/z\/bara-svejkarova\/\">B. Ji\u0159\u00ed\u010dkov\u00e1<\/a>, <a href=\"https:\/\/www.ufe.cz\/en\/z\/martin-grabner\/\">M. Gr\u00e1bner<\/a>, C. Jauregui, <a href=\"https:\/\/www.ufe.cz\/en\/z\/jan-aubrecht\/\">J. Aubrecht<\/a>, <b>O. Schreiber<\/b> and <a href=\"https:\/\/www.ufe.cz\/en\/z\/pavel-peterka\/\">P. Peterka<\/a>, <\/span> <span class=\"publikate-title\">&#8220;Temperature-dependent cross section spectra for thulium-doped fiber lasers&#8221;, <\/span> <span class=\"publikace-casopis\">Optics Letters.<\/span> <span class=\"publikace-vydani\">48(3), <\/span> <span class=\"publikace-strana\">811-814 <\/span><span class=\"publikace-rocnik\">(2023) <\/span><span class=\"publikace-doi\">doi:<a href=\"https:\/\/doi.org\/10.1364\/OL.479313\" target=\"_blank\" rel=\"noopener\">10.1364\/OL.479313<\/a><\/span><br \/><em>(prize for young authors)<\/em><\/p>\t\t\t\t\t\t<\/div>\n\t\t\t\t<\/div>\n\t\t\t\t\t<\/div>\n\t\t\t\t<\/div>\n\t\t<div class=\"elementor-element elementor-element-8abfc61 e-flex e-con-boxed e-con e-parent\" data-id=\"8abfc61\" data-element_type=\"container\">\n\t\t\t\t\t<div class=\"e-con-inner\">\n\t\t\t\t<div class=\"elementor-element elementor-element-fad586f elementor-widget elementor-widget-text-editor\" data-id=\"fad586f\" data-element_type=\"widget\" data-widget_type=\"text-editor.default\">\n\t\t\t\t<div class=\"elementor-widget-container\">\n\t\t\t\t\t\t\t<h4>2022<\/h4><p><span class=\"publikace-autor\"><a href=\"https:\/\/www.ufe.cz\/en\/z\/petr-varak\/\">P. Va\u0159\u00e1k<\/a>, <a href=\"https:\/\/www.ufe.cz\/en\/z\/ivan-kasik\/\">I. Ka\u0161\u00edk<\/a>, <a href=\"https:\/\/www.ufe.cz\/en\/z\/pavel-peterka\/\">P. Peterka<\/a>, <a href=\"https:\/\/www.ufe.cz\/en\/z\/jan-aubrecht\/\">J. Aubrecht<\/a>, <a href=\"https:\/\/www.ufe.cz\/en\/z\/jan-mrazek\/\">J. Mr\u00e1zek<\/a>, <a href=\"https:\/\/www.ufe.cz\/en\/z\/michal-kamradek\/\">M. Kamr\u00e1dek<\/a>, <a href=\"https:\/\/www.ufe.cz\/en\/z\/ondrej-podrazky\/\">O. Podrazk\u00fd<\/a>, <a href=\"https:\/\/www.ufe.cz\/en\/z\/ivo-barton\/\">I. Barto\u0148<\/a>, M. Franczyk, R. Buczynski and <a href=\"https:\/\/www.ufe.cz\/en\/z\/pavel-honzatko\/\">P. Honz\u00e1tko<\/a>, <\/span> <span class=\"publikate-title\">&#8220;Heat treatment and fiber drawing effect on the luminescence properties of RE-doped optical fibers (RE = Yb; Tm; Ho)&#8221;, <\/span> <span class=\"publikace-casopis\">Optics Express.<\/span> <span class=\"publikace-vydani\">30(6), <\/span> <span class=\"publikace-strana\">10050-10062 <\/span><span class=\"publikace-rocnik\">(2022) <\/span><span class=\"publikace-doi\">doi:<a href=\"https:\/\/doi.org\/10.1364\/OE.449643\" target=\"_blank\" rel=\"noopener\">10.1364\/OE.449643<\/a><br \/><em>(the best publication)<\/em><\/span><\/p><p><span class=\"publikace-autor\"><a href=\"https:\/\/www.ufe.cz\/en\/z\/jiri-slaby\/\">J. Slab\u00fd<\/a> and <a href=\"https:\/\/www.ufe.cz\/en\/z\/jiri-homola\/\">J. Homola<\/a>, <\/span> <span class=\"publikate-title\">&#8220;Performance of label-free optical biosensors: What is figure of merit (not) telling us?&#8221;, <\/span> <span class=\"publikace-casopis\">Biosensors and Bioelectronics.<\/span> <span class=\"publikace-vydani\">212(15 Sep), <\/span> <span class=\"publikace-strana\">114426 <\/span><span class=\"publikace-rocnik\">(2022) <\/span><span class=\"publikace-doi\">doi:<a href=\"https:\/\/doi.org\/10.1016\/j.bios.2022.114426\" target=\"_blank\" rel=\"noopener\">10.1016\/j.bios.2022.114426<\/a><\/span><br \/><em>(special prize for young authors under 35)<\/em><\/p>\t\t\t\t\t\t<\/div>\n\t\t\t\t<\/div>\n\t\t\t\t\t<\/div>\n\t\t\t\t<\/div>\n\t\t<div class=\"elementor-element elementor-element-0f0412d e-flex e-con-boxed e-con e-parent\" data-id=\"0f0412d\" data-element_type=\"container\">\n\t\t\t\t\t<div class=\"e-con-inner\">\n\t\t\t\t<div class=\"elementor-element elementor-element-aee00d2 elementor-widget elementor-widget-text-editor\" data-id=\"aee00d2\" data-element_type=\"widget\" data-widget_type=\"text-editor.default\">\n\t\t\t\t<div class=\"elementor-widget-container\">\n\t\t\t\t\t\t\t<h4>2021<\/h4><p><span class=\"publikace-autor\"><b>M. Robert<\/b>, <a href=\"https:\/\/www.ufe.cz\/en\/z\/kristyna-holanova\/\">K. Holanov\u00e1<\/a>, <a href=\"https:\/\/www.ufe.cz\/en\/z\/lukasz-bujak\/\">L. Bujak<\/a>, <a href=\"https:\/\/www.ufe.cz\/en\/z\/milan-vala\/\">M. Vala<\/a>, V. Henrichs, Z. L\u00e1nsk\u00fd and <a href=\"https:\/\/www.ufe.cz\/en\/z\/marek-piliarik\/\">M. Piliarik<\/a>, <\/span> <span class=\"publikate-title\">&#8220;Fast photothermal spatial light modulation for quantitative phase imaging at the nanoscale&#8221;, <\/span> <span class=\"publikace-casopis\">Nature Communications.<\/span> <span class=\"publikace-vydani\">12(1), <\/span> <span class=\"publikace-strana\">2921 <\/span><span class=\"publikace-rocnik\">(2021) <\/span><span class=\"publikace-doi\">doi:<a href=\"https:\/\/doi.org\/10.1038\/s41467-021-23252-3\" target=\"_blank\" rel=\"noopener\">10.1038\/s41467-021-23252-3<\/a><br \/><em>(the best publication)<\/em><\/span><\/p><p><span class=\"publikace-autor\"><a href=\"https:\/\/www.ufe.cz\/en\/z\/milan-vala\/\">M. Vala<\/a>, <a href=\"https:\/\/www.ufe.cz\/en\/z\/lukasz-bujak\/\">L. Bujak<\/a>, A. Mar\u00edn, <a href=\"https:\/\/www.ufe.cz\/en\/z\/kristyna-holanova\/\">K. Holanov\u00e1<\/a>, V. Henrichs, M. Braun, Z. L\u00e1nsk\u00fd and <a href=\"https:\/\/www.ufe.cz\/en\/z\/marek-piliarik\/\">M. Piliarik<\/a>, <\/span> <span class=\"publikate-title\">&#8220;Nanoscopic Structural Fluctuations of Disassembling Microtubules Revealed by Label-Free Super-Resolution Microscopy&#8221;, <\/span> <span class=\"publikace-casopis\">Small Methods.<\/span> <span class=\"publikace-vydani\">5(4), <\/span> <span class=\"publikace-strana\">2000985 <\/span><span class=\"publikace-rocnik\">(2021) <\/span><span class=\"publikace-doi\">doi:<a href=\"https:\/\/doi.org\/10.1002\/smtd.202000985\" target=\"_blank\" rel=\"noopener\">10.1002\/smtd.202000985<\/a><br \/><em>(second-best publication)<\/em><\/span><\/p><p><span class=\"publikace-autor\"><a href=\"https:\/\/www.ufe.cz\/en\/z\/tomas-springer\/\">T. \u0160pringer<\/a>, Z. Krej\u010d\u00edk and <a href=\"https:\/\/www.ufe.cz\/en\/z\/jiri-homola\/\">J. Homola<\/a>, <\/span> <span class=\"publikate-title\">&#8220;Detecting attomolar concentrations of microRNA related to myelodysplastic syndromes in blood plasma using a novel sandwich assay with nanoparticle release&#8221;, <\/span> <span class=\"publikace-casopis\">Biosensors and Bioelectronics.<\/span> <span class=\"publikace-vydani\">104(15 Dec), <\/span> <span class=\"publikace-strana\">113613 <\/span><span class=\"publikace-rocnik\">(2021) <\/span><span class=\"publikace-doi\">doi:<a href=\"https:\/\/doi.org\/10.1016\/j.bios.2021.113613\" target=\"_blank\" rel=\"noopener\">10.1016\/j.bios.2021.113613<\/a><br \/><em>(third-best publication)<\/em><\/span><\/p>\t\t\t\t\t\t<\/div>\n\t\t\t\t<\/div>\n\t\t\t\t\t<\/div>\n\t\t\t\t<\/div>\n\t\t<div class=\"elementor-element elementor-element-51389a2 e-flex e-con-boxed e-con e-parent\" data-id=\"51389a2\" data-element_type=\"container\">\n\t\t\t\t\t<div class=\"e-con-inner\">\n\t\t\t\t<div class=\"elementor-element elementor-element-6dbcafb elementor-widget elementor-widget-text-editor\" data-id=\"6dbcafb\" data-element_type=\"widget\" data-widget_type=\"text-editor.default\">\n\t\t\t\t<div class=\"elementor-widget-container\">\n\t\t\t\t\t\t\t<h4>2020<\/h4><p><span class=\"publikace-autor\"><a href=\"https:\/\/www.ufe.cz\/en\/z\/ondrej-cernohorsky\/\">O. \u010cernohorsk\u00fd<\/a>, <a href=\"https:\/\/www.ufe.cz\/en\/z\/jan-grym\/\">J. Grym<\/a>, <b>H. Faitov\u00e1<\/b>, <a href=\"https:\/\/www.ufe.cz\/en\/z\/nikola-basinova\/\">N. Ba\u0161inov\u00e1<\/a>, <a href=\"https:\/\/www.ufe.cz\/en\/z\/sarka-kucerova\/\">\u0160. Ku\u010derov\u00e1<\/a>, <a href=\"https:\/\/www.ufe.cz\/en\/z\/roman-jackiv\/\">R. Yatskiv<\/a> and J. Vesel\u00fd, <\/span> <span class=\"publikate-title\">&#8220;Modeling of Solution Growth of ZnO Hexagonal Nanorod Arrays in Batch Reactors&#8221;, <\/span> <span class=\"publikace-casopis\">Crystal Growth &amp; Design.<\/span> <span class=\"publikace-vydani\">20(5), <\/span> <span class=\"publikace-strana\">3347-3357 <\/span><span class=\"publikace-rocnik\">(2020) <\/span><span class=\"publikace-doi\">doi:<a href=\"https:\/\/doi.org\/10.1021\/acs.cgd.0c00144\" target=\"_blank\" rel=\"noopener\">10.1021\/acs.cgd.0c00144<\/a><br \/><em>(the best publication)<\/em><\/span><\/p>\t\t\t\t\t\t<\/div>\n\t\t\t\t<\/div>\n\t\t\t\t\t<\/div>\n\t\t\t\t<\/div>\n\t\t<div class=\"elementor-element elementor-element-c5df48d e-flex e-con-boxed e-con e-parent\" data-id=\"c5df48d\" data-element_type=\"container\">\n\t\t\t\t\t<div class=\"e-con-inner\">\n\t\t\t\t<div class=\"elementor-element elementor-element-98e006e elementor-widget elementor-widget-text-editor\" data-id=\"98e006e\" data-element_type=\"widget\" data-widget_type=\"text-editor.default\">\n\t\t\t\t<div class=\"elementor-widget-container\">\n\t\t\t\t\t\t\t<h4>2019<\/h4><p><span class=\"publikace-autor\">D. Chafai, V. Sulimenko, <a href=\"https:\/\/www.ufe.cz\/en\/z\/daniel-havelka\/\">D. Havelka<\/a>, L. Kub\u00ednov\u00e1, P. Dr\u00e1ber and <a href=\"https:\/\/www.ufe.cz\/en\/z\/michal-cifra\/\">M. Cifra<\/a>, <\/span> <span class=\"publikate-title\">&#8220;Reversible and Irreversible Modulation of Tubulin Self-Assembly by Intense Nanosecond Pulsed Electric Fields&#8221;, <\/span> <span class=\"publikace-casopis\">Advanced Materials.<\/span> <span class=\"publikace-vydani\">31(39), <\/span> <span class=\"publikace-strana\">e1903636 <\/span><span class=\"publikace-rocnik\">(2019) <\/span><span class=\"publikace-doi\">doi:<a href=\"https:\/\/doi.org\/10.1002\/adma.201903636\" target=\"_blank\" rel=\"noopener\">10.1002\/adma.201903636<\/a><br \/><em>(the best publication)<\/em><\/span><\/p>\t\t\t\t\t\t<\/div>\n\t\t\t\t<\/div>\n\t\t\t\t\t<\/div>\n\t\t\t\t<\/div>\n\t\t<div class=\"elementor-element elementor-element-c27a8a4 e-flex e-con-boxed e-con e-parent\" data-id=\"c27a8a4\" data-element_type=\"container\">\n\t\t\t\t\t<div class=\"e-con-inner\">\n\t\t\t\t<div class=\"elementor-element elementor-element-490a435 elementor-widget elementor-widget-text-editor\" data-id=\"490a435\" data-element_type=\"widget\" data-widget_type=\"text-editor.default\">\n\t\t\t\t<div class=\"elementor-widget-container\">\n\t\t\t\t\t\t\t<h4>2018<\/h4><p style=\"text-align: left;\"><span class=\"publikace-autor\"><b>B. \u0160pa\u010dkov\u00e1<\/b>, <b>N. Lynn<\/b>, <a href=\"https:\/\/www.ufe.cz\/en\/z\/jiri-slaby\/\">J. Slab\u00fd<\/a>, <b>H. \u0160\u00edpov\u00e1<\/b> and <a href=\"https:\/\/www.ufe.cz\/en\/z\/jiri-homola\/\">J. Homola<\/a>, <\/span> <span class=\"publikate-title\">&#8220;A Route to Superior Performance of a Nanoplasmonic Biosensor: Consideration of Both Photonic and Mass Transport Aspects&#8221;, <\/span> <span class=\"publikace-casopis\">ACS Photonics.<\/span> <span class=\"publikace-vydani\">5(3), <\/span> <span class=\"publikace-strana\">1019-1025 <\/span><span class=\"publikace-rocnik\">(2018) <\/span><span class=\"publikace-doi\">doi:<a href=\"https:\/\/doi.org\/10.1021\/acsphotonics.7b01319\" target=\"_blank\" rel=\"noopener\">10.1021\/acsphotonics.7b01319<\/a><br \/><em>(the best publication)<\/em><\/span><\/p>\t\t\t\t\t\t<\/div>\n\t\t\t\t<\/div>\n\t\t\t\t\t<\/div>\n\t\t\t\t<\/div>\n\t\t\t\t<\/div>\n\t\t","protected":false},"excerpt":{"rendered":"<p>Publications awarded by the Institute of Photonics and Electronics as the best publication of the year 2024 E. Hemmerov\u00e1 and J. Homola, &#8220;Combining plasmonic and electrochemical biosensing methods&#8221;, Biosensors and Bioelectronics 251, 116098 (2024) doi:10.1016\/j.bios.2024.116098(the best publication) 2023 J. \u010ctyrok\u00fd, J. Petr\u00e1\u010dek, V. Kuzmiak and I. Richter, &#8220;Bound modes in the continuum in integrated photonic [&hellip;]<\/p>\n","protected":false},"author":7,"featured_media":0,"parent":0,"menu_order":0,"comment_status":"closed","ping_status":"closed","template":"","meta":{"_acf_changed":false,"footnotes":""},"acf":[],"_links":{"self":[{"href":"https:\/\/www.ufe.cz\/en\/wp-json\/wp\/v2\/pages\/34770"}],"collection":[{"href":"https:\/\/www.ufe.cz\/en\/wp-json\/wp\/v2\/pages"}],"about":[{"href":"https:\/\/www.ufe.cz\/en\/wp-json\/wp\/v2\/types\/page"}],"author":[{"embeddable":true,"href":"https:\/\/www.ufe.cz\/en\/wp-json\/wp\/v2\/users\/7"}],"replies":[{"embeddable":true,"href":"https:\/\/www.ufe.cz\/en\/wp-json\/wp\/v2\/comments?post=34770"}],"version-history":[{"count":0,"href":"https:\/\/www.ufe.cz\/en\/wp-json\/wp\/v2\/pages\/34770\/revisions"}],"wp:attachment":[{"href":"https:\/\/www.ufe.cz\/en\/wp-json\/wp\/v2\/media?parent=34770"}],"curies":[{"name":"wp","href":"https:\/\/api.w.org\/{rel}","templated":true}]}}